{"id":11032,"date":"2024-02-12T14:09:45","date_gmt":"2024-02-12T14:09:45","guid":{"rendered":"https:\/\/www.myfashionwholesaler.com\/conditions-generales-dutilisation\/"},"modified":"2024-02-12T14:41:53","modified_gmt":"2024-02-12T14:41:53","slug":"termini-di-servizio","status":"publish","type":"page","link":"https:\/\/www.myfashionwholesaler.com\/it\/termini-di-servizio\/","title":{"rendered":"Termini di servizio"},"content":{"rendered":"\t\t<div data-elementor-type=\"wp-page\" data-elementor-id=\"11032\" class=\"elementor elementor-11032 elementor-11015\" data-elementor-post-type=\"page\">\n\t\t\t\t<div class=\"elementor-element elementor-element-8488258 e-flex e-con-boxed e-con e-parent\" data-id=\"8488258\" data-element_type=\"container\" data-e-type=\"container\">\n\t\t\t\t\t<div class=\"e-con-inner\">\n\t\t\t\t<div class=\"elementor-element elementor-element-24aa93a elementor-widget elementor-widget-heading\" data-id=\"24aa93a\" data-element_type=\"widget\" data-e-type=\"widget\" data-widget_type=\"heading.default\">\n\t\t\t\t<div class=\"elementor-widget-container\">\n\t\t\t\t\t<h2 class=\"elementor-heading-title elementor-size-default\"><span style=\"font-weight:normal\" id=\"docs-internal-guid-07be00c0-7fff-4eb7-6360-876512bd8507\"><p dir=\"ltr\" style=\"line-height:1.38;margin-top:0pt;margin-bottom:3pt\"><span style=\"font-size: 26pt;font-family: Arial, sans-serif;background-color: transparent;vertical-align: baseline\">Conditions g\u00e9n\u00e9rales d\u2019utilisation<\/span><\/p><br><br><p dir=\"ltr\" style=\"line-height:1.38;margin-top:0pt;margin-bottom:0pt\"><span style=\"font-size: 11pt;font-family: Arial, sans-serif;background-color: transparent;vertical-align: baseline\">Les pr\u00e9sentes conditions g\u00e9n\u00e9rales d'utilisation (ci-apr\u00e8s les \"Conditions\") r\u00e9gissent l'utilisation du site web myfashionwholesaler.com (ci-apr\u00e8s le \"Site\") et des services propos\u00e9s par myfashionwholesaler.com.<\/span><\/p><br><h2 dir=\"ltr\" style=\"line-height:1.38;margin-top:18pt;margin-bottom:6pt\"><span style=\"font-size: 16pt;font-family: Arial, sans-serif;background-color: transparent;vertical-align: baseline\">Acceptation des Conditions<\/span><\/h2><br><p dir=\"ltr\" style=\"line-height:1.38;margin-top:0pt;margin-bottom:0pt\"><span style=\"font-size: 11pt;font-family: Arial, sans-serif;background-color: transparent;vertical-align: baseline\">En acc\u00e9dant au Site ou en utilisant les services propos\u00e9s par myfashionwholesaler.com, vous acceptez d'\u00eatre li\u00e9 par les pr\u00e9sentes Conditions. Si vous n'acceptez pas ces Conditions, veuillez ne pas utiliser le Site ni les services qui y sont propos\u00e9s.<\/span><\/p><br><h2 dir=\"ltr\" style=\"line-height:1.38;margin-top:18pt;margin-bottom:6pt\"><span style=\"font-size: 16pt;font-family: Arial, sans-serif;background-color: transparent;vertical-align: baseline\">Description des Services<\/span><\/h2><br><p dir=\"ltr\" style=\"line-height:1.38;margin-top:0pt;margin-bottom:0pt\"><span style=\"font-size: 11pt;font-family: Arial, sans-serif;background-color: transparent;vertical-align: baseline\">MyFashionWholesaler.com propose un service d'abonnement mensuel au tarif de 2,99\u20ac, donnant un acc\u00e8s complet aux informations fournies par l\u2019annuaire. Les utilisateurs peuvent s'abonner en fournissant les informations de paiement requises. Les abonnements sont renouvel\u00e9s automatiquement chaque mois \u00e0 moins que l'utilisateur ne se d\u00e9sabonne.<\/span><\/p><br><h2 dir=\"ltr\" style=\"line-height:1.38;margin-top:18pt;margin-bottom:6pt\"><span style=\"font-size: 16pt;font-family: Arial, sans-serif;background-color: transparent;vertical-align: baseline\">Paiement et D\u00e9sabonnement<\/span><\/h2><br><p dir=\"ltr\" style=\"line-height:1.38;margin-top:0pt;margin-bottom:0pt\"><span style=\"font-size: 11pt;font-family: Arial, sans-serif;background-color: transparent;vertical-align: baseline\">Les utilisateurs sont factur\u00e9s mensuellement au tarif en vigueur au moment de leur inscription. Les paiements sont trait\u00e9s via carte bancaire (Visa, Mastercard et autres). Les utilisateurs ont la possibilit\u00e9 de se d\u00e9sabonner \u00e0 tout moment en acc\u00e9dant \u00e0 leur compte sur le Site et en suivant les instructions de d\u00e9sabonnement. Les d\u00e9sabonnements prennent effet imm\u00e9diatement et aucun remboursement ne sera accord\u00e9 pour les p\u00e9riodes d'abonnement restantes.<\/span><\/p><br><h2 dir=\"ltr\" style=\"line-height:1.38;margin-top:18pt;margin-bottom:6pt\"><span style=\"font-size: 16pt;font-family: Arial, sans-serif;background-color: transparent;vertical-align: baseline\">Propri\u00e9t\u00e9 Intellectuelle<\/span><\/h2><br><p dir=\"ltr\" style=\"line-height:1.38;margin-top:0pt;margin-bottom:0pt\"><span style=\"font-size: 11pt;font-family: Arial, sans-serif;background-color: transparent;vertical-align: baseline\">Tous les contenus pr\u00e9sents sur le Site, y compris, mais sans s'y limiter, les textes, images, graphiques, logos, vid\u00e9os et \u00e9l\u00e9ments audio, sont la propri\u00e9t\u00e9 exclusive de myfashionwholesaler.com ou de ses partenaires et sont prot\u00e9g\u00e9s par les lois fran\u00e7aises et internationales sur la propri\u00e9t\u00e9 intellectuelle. Aucune partie du Site ne peut \u00eatre reproduite, distribu\u00e9e ou utilis\u00e9e \u00e0 des fins commerciales sans l'autorisation \u00e9crite pr\u00e9alable de myfashionwholesaler.com.<\/span><\/p><br><h2 dir=\"ltr\" style=\"line-height:1.38;margin-top:18pt;margin-bottom:6pt\"><span style=\"font-size: 16pt;font-family: Arial, sans-serif;background-color: transparent;vertical-align: baseline\">Limitation de Responsabilit\u00e9<\/span><\/h2><br><p dir=\"ltr\" style=\"line-height:1.38;margin-top:0pt;margin-bottom:0pt\"><span style=\"font-size: 11pt;font-family: Arial, sans-serif;background-color: transparent;vertical-align: baseline\">MyFashionWholesaler.com s'efforce de fournir des informations pr\u00e9cises et \u00e0 jour sur son Site, mais ne peut garantir l'exactitude et l'exhaustivit\u00e9 de ces informations. En cons\u00e9quence, MyFashionWholesaler.com d\u00e9cline toute responsabilit\u00e9 pour tout dommage direct ou indirect r\u00e9sultant de l'utilisation du Site ou de son contenu.<\/span><\/p><br><h2 dir=\"ltr\" style=\"line-height:1.38;margin-top:18pt;margin-bottom:6pt\"><span style=\"font-size: 16pt;font-family: Arial, sans-serif;background-color: transparent;vertical-align: baseline\">Modifications des Conditions<\/span><\/h2><br><p dir=\"ltr\" style=\"line-height:1.38;margin-top:0pt;margin-bottom:0pt\"><span style=\"font-size: 11pt;font-family: Arial, sans-serif;background-color: transparent;vertical-align: baseline\">MyFashionWholesaler.com se r\u00e9serve le droit de modifier les pr\u00e9sentes Conditions \u00e0 tout moment. Les utilisateurs seront inform\u00e9s de toute modification via une notification sur le Site. En continuant \u00e0 utiliser le Site apr\u00e8s la publication des modifications, les utilisateurs acceptent d'\u00eatre li\u00e9s par les Conditions modifi\u00e9es.<\/span><\/p><br><h2 dir=\"ltr\" style=\"line-height:1.38;margin-top:18pt;margin-bottom:6pt\"><span style=\"font-size: 16pt;font-family: Arial, sans-serif;background-color: transparent;vertical-align: baseline\">Droit Applicable et Juridiction<\/span><\/h2><br><p dir=\"ltr\" style=\"line-height:1.38;margin-top:0pt;margin-bottom:0pt\"><span style=\"font-size: 11pt;font-family: Arial, sans-serif;background-color: transparent;vertical-align: baseline\">Les pr\u00e9sentes Conditions sont r\u00e9gies par les lois luxembourgeoises et europ\u00e9ennes. Tout litige d\u00e9coulant de l'utilisation du Site ou des services propos\u00e9s par myfashionwholesaler.com sera soumis \u00e0 la comp\u00e9tence exclusive des tribunaux luxembourgeois.<\/span><\/p><br><h2 dir=\"ltr\" style=\"line-height:1.38;margin-top:18pt;margin-bottom:6pt\"><span style=\"font-size: 16pt;font-family: Arial, sans-serif;background-color: transparent;vertical-align: baseline\">Contact<\/span><\/h2><br><p dir=\"ltr\" style=\"line-height:1.38;margin-top:0pt;margin-bottom:0pt\"><span style=\"font-size: 11pt;font-family: Arial, sans-serif;background-color: transparent;vertical-align: baseline\">Pour toute question ou demande concernant les pr\u00e9sentes Conditions G\u00e9n\u00e9rales d'Utilisation, veuillez nous contacter \u00e0 l'adresse suivante :<\/span><\/p><br><p dir=\"ltr\" style=\"line-height:1.38;margin-top:0pt;margin-bottom:0pt\"><span style=\"font-size: 11pt;font-family: Arial, sans-serif;background-color: transparent;vertical-align: baseline\">contact@myfashionwholesaler.com <\/span><\/p><div><span style=\"font-size: 11pt;font-family: Arial, sans-serif;background-color: transparent;vertical-align: baseline\"><br><\/span><\/div><\/span><\/h2>\t\t\t\t<\/div>\n\t\t\t\t<\/div>\n\t\t\t\t\t<\/div>\n\t\t\t\t<\/div>\n\t\t\t\t<\/div>\n\t\t","protected":false},"excerpt":{"rendered":"<p>Conditions g\u00e9n\u00e9rales d\u2019utilisation &nbsp; Les pr\u00e9sentes conditions g\u00e9n\u00e9rales d&#8217;utilisation (ci-apr\u00e8s les &#8220;Conditions&#8221;) r\u00e9gissent l&#8217;utilisation du site web myfashionwholesaler.com (ci-apr\u00e8s le &#8220;Site&#8221;) et des services propos\u00e9s par myfashionwholesaler.com. &nbsp; Acceptation des Conditions &nbsp; En acc\u00e9dant au Site ou en utilisant les services propos\u00e9s par myfashionwholesaler.com, vous acceptez d&#8217;\u00eatre li\u00e9 par les pr\u00e9sentes Conditions. Si vous n&#8217;acceptez [&hellip;]<\/p>\n","protected":false},"author":2,"featured_media":0,"parent":0,"menu_order":0,"comment_status":"closed","ping_status":"closed","template":"","meta":{"footnotes":""},"class_list":["post-11032","page","type-page","status-publish","hentry"],"yoast_head":"<!-- This site is optimized with the Yoast SEO plugin v27.3 - https:\/\/yoast.com\/product\/yoast-seo-wordpress\/ -->\n<title>Termini di servizio - My Fashion Wholesaler<\/title>\n<meta name=\"robots\" content=\"index, follow, max-snippet:-1, max-image-preview:large, max-video-preview:-1\" \/>\n<link rel=\"canonical\" href=\"https:\/\/www.myfashionwholesaler.com\/it\/termini-di-servizio\/\" \/>\n<meta property=\"og:locale\" content=\"it_IT\" \/>\n<meta property=\"og:type\" content=\"article\" \/>\n<meta property=\"og:title\" content=\"Termini di servizio - My Fashion Wholesaler\" \/>\n<meta property=\"og:description\" content=\"Conditions g\u00e9n\u00e9rales d\u2019utilisation &nbsp; Les pr\u00e9sentes conditions g\u00e9n\u00e9rales d&#8217;utilisation (ci-apr\u00e8s les &#8220;Conditions&#8221;) r\u00e9gissent l&#8217;utilisation du site web myfashionwholesaler.com (ci-apr\u00e8s le &#8220;Site&#8221;) et des services propos\u00e9s par myfashionwholesaler.com. &nbsp; Acceptation des Conditions &nbsp; En acc\u00e9dant au Site ou en utilisant les services propos\u00e9s par myfashionwholesaler.com, vous acceptez d&#8217;\u00eatre li\u00e9 par les pr\u00e9sentes Conditions. Si vous n&#8217;acceptez [&hellip;]\" \/>\n<meta property=\"og:url\" content=\"https:\/\/www.myfashionwholesaler.com\/it\/termini-di-servizio\/\" \/>\n<meta property=\"og:site_name\" content=\"My Fashion Wholesaler\" \/>\n<meta property=\"article:publisher\" content=\"https:\/\/www.facebook.com\/Myfashionwholesaler.lu\/\" \/>\n<meta property=\"article:modified_time\" content=\"2024-02-12T14:41:53+00:00\" \/>\n<meta name=\"twitter:card\" content=\"summary_large_image\" \/>\n<meta name=\"twitter:label1\" content=\"Tempo di lettura stimato\" \/>\n\t<meta name=\"twitter:data1\" content=\"3 minuti\" \/>\n<script type=\"application\/ld+json\" class=\"yoast-schema-graph\">{\"@context\":\"https:\\\/\\\/schema.org\",\"@graph\":[{\"@type\":\"WebPage\",\"@id\":\"https:\\\/\\\/www.myfashionwholesaler.com\\\/it\\\/termini-di-servizio\\\/\",\"url\":\"https:\\\/\\\/www.myfashionwholesaler.com\\\/it\\\/termini-di-servizio\\\/\",\"name\":\"Termini di servizio - My Fashion Wholesaler\",\"isPartOf\":{\"@id\":\"https:\\\/\\\/www.myfashionwholesaler.com\\\/it\\\/#website\"},\"datePublished\":\"2024-02-12T14:09:45+00:00\",\"dateModified\":\"2024-02-12T14:41:53+00:00\",\"breadcrumb\":{\"@id\":\"https:\\\/\\\/www.myfashionwholesaler.com\\\/it\\\/termini-di-servizio\\\/#breadcrumb\"},\"inLanguage\":\"it-IT\",\"potentialAction\":[{\"@type\":\"ReadAction\",\"target\":[\"https:\\\/\\\/www.myfashionwholesaler.com\\\/it\\\/termini-di-servizio\\\/\"]}]},{\"@type\":\"BreadcrumbList\",\"@id\":\"https:\\\/\\\/www.myfashionwholesaler.com\\\/it\\\/termini-di-servizio\\\/#breadcrumb\",\"itemListElement\":[{\"@type\":\"ListItem\",\"position\":1,\"name\":\"Accueil\",\"item\":\"https:\\\/\\\/www.myfashionwholesaler.com\\\/it\\\/\"},{\"@type\":\"ListItem\",\"position\":2,\"name\":\"Termini di servizio\"}]},{\"@type\":\"WebSite\",\"@id\":\"https:\\\/\\\/www.myfashionwholesaler.com\\\/it\\\/#website\",\"url\":\"https:\\\/\\\/www.myfashionwholesaler.com\\\/it\\\/\",\"name\":\"My Fashion Wholesaler\",\"description\":\"\",\"publisher\":{\"@id\":\"https:\\\/\\\/www.myfashionwholesaler.com\\\/it\\\/#organization\"},\"potentialAction\":[{\"@type\":\"SearchAction\",\"target\":{\"@type\":\"EntryPoint\",\"urlTemplate\":\"https:\\\/\\\/www.myfashionwholesaler.com\\\/it\\\/?s={search_term_string}\"},\"query-input\":{\"@type\":\"PropertyValueSpecification\",\"valueRequired\":true,\"valueName\":\"search_term_string\"}}],\"inLanguage\":\"it-IT\"},{\"@type\":\"Organization\",\"@id\":\"https:\\\/\\\/www.myfashionwholesaler.com\\\/it\\\/#organization\",\"name\":\"My Fashion Wholesaler\",\"alternateName\":\"My Fashion Wholesaler\",\"url\":\"https:\\\/\\\/www.myfashionwholesaler.com\\\/it\\\/\",\"logo\":{\"@type\":\"ImageObject\",\"inLanguage\":\"it-IT\",\"@id\":\"https:\\\/\\\/www.myfashionwholesaler.com\\\/it\\\/#\\\/schema\\\/logo\\\/image\\\/\",\"url\":\"https:\\\/\\\/www.myfashionwholesaler.com\\\/wp-content\\\/uploads\\\/2023\\\/08\\\/Logo_MFW_color_WhiteText_Plan-de-travail-1-11.webp\",\"contentUrl\":\"https:\\\/\\\/www.myfashionwholesaler.com\\\/wp-content\\\/uploads\\\/2023\\\/08\\\/Logo_MFW_color_WhiteText_Plan-de-travail-1-11.webp\",\"width\":226,\"height\":214,\"caption\":\"My Fashion Wholesaler\"},\"image\":{\"@id\":\"https:\\\/\\\/www.myfashionwholesaler.com\\\/it\\\/#\\\/schema\\\/logo\\\/image\\\/\"},\"sameAs\":[\"https:\\\/\\\/www.facebook.com\\\/Myfashionwholesaler.lu\\\/\",\"https:\\\/\\\/www.instagram.com\\\/myfashionwholesaler\\\/\"]}]}<\/script>\n<!-- \/ Yoast SEO plugin. -->","yoast_head_json":{"title":"Termini di servizio - My Fashion Wholesaler","robots":{"index":"index","follow":"follow","max-snippet":"max-snippet:-1","max-image-preview":"max-image-preview:large","max-video-preview":"max-video-preview:-1"},"canonical":"https:\/\/www.myfashionwholesaler.com\/it\/termini-di-servizio\/","og_locale":"it_IT","og_type":"article","og_title":"Termini di servizio - My Fashion Wholesaler","og_description":"Conditions g\u00e9n\u00e9rales d\u2019utilisation &nbsp; Les pr\u00e9sentes conditions g\u00e9n\u00e9rales d&#8217;utilisation (ci-apr\u00e8s les &#8220;Conditions&#8221;) r\u00e9gissent l&#8217;utilisation du site web myfashionwholesaler.com (ci-apr\u00e8s le &#8220;Site&#8221;) et des services propos\u00e9s par myfashionwholesaler.com. &nbsp; Acceptation des Conditions &nbsp; En acc\u00e9dant au Site ou en utilisant les services propos\u00e9s par myfashionwholesaler.com, vous acceptez d&#8217;\u00eatre li\u00e9 par les pr\u00e9sentes Conditions. Si vous n&#8217;acceptez [&hellip;]","og_url":"https:\/\/www.myfashionwholesaler.com\/it\/termini-di-servizio\/","og_site_name":"My Fashion Wholesaler","article_publisher":"https:\/\/www.facebook.com\/Myfashionwholesaler.lu\/","article_modified_time":"2024-02-12T14:41:53+00:00","twitter_card":"summary_large_image","twitter_misc":{"Tempo di lettura stimato":"3 minuti"},"schema":{"@context":"https:\/\/schema.org","@graph":[{"@type":"WebPage","@id":"https:\/\/www.myfashionwholesaler.com\/it\/termini-di-servizio\/","url":"https:\/\/www.myfashionwholesaler.com\/it\/termini-di-servizio\/","name":"Termini di servizio - My Fashion Wholesaler","isPartOf":{"@id":"https:\/\/www.myfashionwholesaler.com\/it\/#website"},"datePublished":"2024-02-12T14:09:45+00:00","dateModified":"2024-02-12T14:41:53+00:00","breadcrumb":{"@id":"https:\/\/www.myfashionwholesaler.com\/it\/termini-di-servizio\/#breadcrumb"},"inLanguage":"it-IT","potentialAction":[{"@type":"ReadAction","target":["https:\/\/www.myfashionwholesaler.com\/it\/termini-di-servizio\/"]}]},{"@type":"BreadcrumbList","@id":"https:\/\/www.myfashionwholesaler.com\/it\/termini-di-servizio\/#breadcrumb","itemListElement":[{"@type":"ListItem","position":1,"name":"Accueil","item":"https:\/\/www.myfashionwholesaler.com\/it\/"},{"@type":"ListItem","position":2,"name":"Termini di servizio"}]},{"@type":"WebSite","@id":"https:\/\/www.myfashionwholesaler.com\/it\/#website","url":"https:\/\/www.myfashionwholesaler.com\/it\/","name":"My Fashion Wholesaler","description":"","publisher":{"@id":"https:\/\/www.myfashionwholesaler.com\/it\/#organization"},"potentialAction":[{"@type":"SearchAction","target":{"@type":"EntryPoint","urlTemplate":"https:\/\/www.myfashionwholesaler.com\/it\/?s={search_term_string}"},"query-input":{"@type":"PropertyValueSpecification","valueRequired":true,"valueName":"search_term_string"}}],"inLanguage":"it-IT"},{"@type":"Organization","@id":"https:\/\/www.myfashionwholesaler.com\/it\/#organization","name":"My Fashion Wholesaler","alternateName":"My Fashion Wholesaler","url":"https:\/\/www.myfashionwholesaler.com\/it\/","logo":{"@type":"ImageObject","inLanguage":"it-IT","@id":"https:\/\/www.myfashionwholesaler.com\/it\/#\/schema\/logo\/image\/","url":"https:\/\/www.myfashionwholesaler.com\/wp-content\/uploads\/2023\/08\/Logo_MFW_color_WhiteText_Plan-de-travail-1-11.webp","contentUrl":"https:\/\/www.myfashionwholesaler.com\/wp-content\/uploads\/2023\/08\/Logo_MFW_color_WhiteText_Plan-de-travail-1-11.webp","width":226,"height":214,"caption":"My Fashion Wholesaler"},"image":{"@id":"https:\/\/www.myfashionwholesaler.com\/it\/#\/schema\/logo\/image\/"},"sameAs":["https:\/\/www.facebook.com\/Myfashionwholesaler.lu\/","https:\/\/www.instagram.com\/myfashionwholesaler\/"]}]}},"_links":{"self":[{"href":"https:\/\/www.myfashionwholesaler.com\/it\/wp-json\/wp\/v2\/pages\/11032","targetHints":{"allow":["GET"]}}],"collection":[{"href":"https:\/\/www.myfashionwholesaler.com\/it\/wp-json\/wp\/v2\/pages"}],"about":[{"href":"https:\/\/www.myfashionwholesaler.com\/it\/wp-json\/wp\/v2\/types\/page"}],"author":[{"embeddable":true,"href":"https:\/\/www.myfashionwholesaler.com\/it\/wp-json\/wp\/v2\/users\/2"}],"replies":[{"embeddable":true,"href":"https:\/\/www.myfashionwholesaler.com\/it\/wp-json\/wp\/v2\/comments?post=11032"}],"version-history":[{"count":0,"href":"https:\/\/www.myfashionwholesaler.com\/it\/wp-json\/wp\/v2\/pages\/11032\/revisions"}],"wp:attachment":[{"href":"https:\/\/www.myfashionwholesaler.com\/it\/wp-json\/wp\/v2\/media?parent=11032"}],"curies":[{"name":"wp","href":"https:\/\/api.w.org\/{rel}","templated":true}]}}