{"id":11036,"date":"2024-02-12T13:23:31","date_gmt":"2024-02-12T13:23:31","guid":{"rendered":"https:\/\/www.myfashionwholesaler.com\/informazioni-legali\/"},"modified":"2024-02-12T14:32:48","modified_gmt":"2024-02-12T14:32:48","slug":"informazioni-legali","status":"publish","type":"page","link":"https:\/\/www.myfashionwholesaler.com\/it\/informazioni-legali\/","title":{"rendered":"Informazioni legali"},"content":{"rendered":"\t\t<div data-elementor-type=\"wp-page\" data-elementor-id=\"11036\" class=\"elementor elementor-11036 elementor-11001\" data-elementor-post-type=\"page\">\n\t\t\t\t<div class=\"elementor-element elementor-element-aed0fec e-flex e-con-boxed e-con e-parent\" data-id=\"aed0fec\" data-element_type=\"container\" data-e-type=\"container\">\n\t\t\t\t\t<div class=\"e-con-inner\">\n\t\t\t\t\t<\/div>\n\t\t\t\t<\/div>\n\t\t<div class=\"elementor-element elementor-element-461a18a e-con-full e-flex e-con e-parent\" data-id=\"461a18a\" data-element_type=\"container\" data-e-type=\"container\">\n\t\t\t\t<div class=\"elementor-element elementor-element-34b3c99 elementor-widget elementor-widget-heading\" data-id=\"34b3c99\" data-element_type=\"widget\" data-e-type=\"widget\" data-widget_type=\"heading.default\">\n\t\t\t\t<div class=\"elementor-widget-container\">\n\t\t\t\t\t<h2 class=\"elementor-heading-title elementor-size-default\"><span style=\"font-weight:normal\"><h2 dir=\"ltr\" style=\"line-height:1.38;margin-top:18pt;margin-bottom:6pt\"><span style=\"font-size: 16pt;font-family: Arial, sans-serif;background-color: transparent;vertical-align: baseline\">\u00c9diteur du site<\/span><\/h2><br><p dir=\"ltr\" style=\"line-height:1.38;margin-top:0pt;margin-bottom:0pt\"><span style=\"font-size: 11pt;font-family: Arial, sans-serif;background-color: transparent;vertical-align: baseline\">Le site www.myfashionwholesaler est \u00e9dit\u00e9 par<\/span><\/p><br><p dir=\"ltr\" style=\"line-height:1.38;margin-top:0pt;margin-bottom:0pt\"><span style=\"font-size: 11pt;font-family: Arial, sans-serif;background-color: transparent;vertical-align: baseline\">EFOLIX<\/span><\/p><p dir=\"ltr\" style=\"line-height:1.38;margin-top:0pt;margin-bottom:0pt\"><span style=\"font-size: 11pt;font-family: Arial, sans-serif;background-color: transparent;vertical-align: baseline\">5 Rue Dr Herr, 9048 Ettelbruck, LUXEMBOURG<\/span><\/p><p dir=\"ltr\" style=\"line-height:1.38;margin-top:0pt;margin-bottom:0pt\"><span style=\"font-size: 11pt;font-family: Arial, sans-serif;background-color: transparent;vertical-align: baseline\">+<\/span><a href=\"https:\/\/www.google.com\/search?q=efolix&amp;sca_esv=602110905&amp;rlz=1C5CHFA_enFR908FR908&amp;sxsrf=ACQVn085jgn3Zm4mBZZ4BETTe93waJflIg%3A1706427730577&amp;ei=UgW2ZYbqIqS69u8Ptfqj0A0&amp;ved=0ahUKEwiG29zVyv-DAxUknf0HHTX9CNoQ4dUDCBA&amp;uact=5&amp;oq=efolix&amp;gs_lp=Egxnd3Mtd2l6LXNlcnAiBmVmb2xpeDIOEC4YrwEYxwEYgAQYjgUyBBAAGB4yBBAAGB5I5wVQ3ANY_QRwAXgBkAEAmAFzoAHTAaoBAzEuMbgBA8gBAPgBAcICChAAGEcY1gQYsAPCAgQQIxgnwgIFEAAYgATCAgoQABiABBgKGLEDwgIHEAAYgAQYCuIDBBgAIEGIBgGQBgg&amp;sclient=gws-wiz-serp#\"><span style=\"font-size: 10.5pt;font-family: Arial, sans-serif;vertical-align: baseline\">352 20 33 32 33<\/span><\/a><\/p>contact@myfashionwholesaler.com<br><br><p dir=\"ltr\" style=\"line-height:1.38;margin-top:0pt;margin-bottom:0pt\"><span style=\"font-size: 11pt;font-family: Arial, sans-serif;background-color: transparent;vertical-align: baseline\">EFOLIX est immatricul\u00e9e au registre du Commerce de Luxembourg sous N\u00b0B154-234, a pour num\u00e9ro de TVA LU : LU24132344.<\/span><\/p><br><h2 dir=\"ltr\" style=\"line-height:1.38;margin-top:18pt;margin-bottom:6pt\"><span style=\"font-size: 16pt;font-family: Arial, sans-serif;background-color: transparent;vertical-align: baseline\">Directeur de la publication<\/span><\/h2><br><p dir=\"ltr\" style=\"line-height:1.38;margin-top:0pt;margin-bottom:0pt\"><span style=\"font-size: 11pt;font-family: Arial, sans-serif;background-color: transparent;vertical-align: baseline\">Le responsable de la publication est Bin GUO.&nbsp;<\/span><\/p><br><h2 dir=\"ltr\" style=\"line-height:1.38;margin-top:18pt;margin-bottom:6pt\"><span style=\"font-size: 16pt;font-family: Arial, sans-serif;background-color: transparent;vertical-align: baseline\">H\u00e9bergeur du Site<\/span><\/h2><br><p dir=\"ltr\" style=\"line-height:1.38;margin-top:0pt;margin-bottom:0pt\"><span style=\"font-size: 11pt;font-family: Arial, sans-serif;background-color: transparent;vertical-align: baseline\">Le site myfashionwholesaler est h\u00e9berg\u00e9 par Efolix.<\/span><\/p><br><br><h2 dir=\"ltr\" style=\"line-height:1.38;margin-top:18pt;margin-bottom:6pt\"><span style=\"font-size: 16pt;font-family: Arial, sans-serif;background-color: transparent;vertical-align: baseline\">Propri\u00e9t\u00e9 Intellectuelle<\/span><\/h2><br><p dir=\"ltr\" style=\"line-height:1.38;margin-top:0pt;margin-bottom:0pt\"><span style=\"font-size: 11pt;font-family: Arial, sans-serif;background-color: transparent;vertical-align: baseline\">Tous les contenus pr\u00e9sents sur le site myfashionwholesaler.com, incluant, mais non limit\u00e9 aux textes, images, graphiques, logos, ic\u00f4nes, clips audio et vid\u00e9o, sont la propri\u00e9t\u00e9 exclusive de myfashionwholesaler.com ou de ses partenaires et sont prot\u00e9g\u00e9s par les lois luxembourgeoises et internationales relatives \u00e0 la propri\u00e9t\u00e9 intellectuelle.<\/span><\/p><br><h2 dir=\"ltr\" style=\"line-height:1.38;margin-top:18pt;margin-bottom:6pt\"><span style=\"font-size: 16pt;font-family: Arial, sans-serif;background-color: transparent;vertical-align: baseline\">Protection des Donn\u00e9es Personnelles<\/span><\/h2><br><p dir=\"ltr\" style=\"line-height:1.38;margin-top:0pt;margin-bottom:0pt\"><span style=\"font-size: 11pt;font-family: Arial, sans-serif;background-color: transparent;vertical-align: baseline\">Myfashionwholesaler.com s'engage \u00e0 prot\u00e9ger la vie priv\u00e9e des utilisateurs de son site. Pour plus d'informations sur la mani\u00e8re dont nous collectons, utilisons et prot\u00e9geons vos donn\u00e9es personnelles, veuillez consulter notre Politique de Confidentialit\u00e9.<\/span><\/p><br><h2 dir=\"ltr\" style=\"line-height:1.38;margin-top:18pt;margin-bottom:6pt\"><span style=\"font-size: 16pt;font-family: Arial, sans-serif;background-color: transparent;vertical-align: baseline\">Limitation de Responsabilit\u00e9<\/span><\/h2><br><p dir=\"ltr\" style=\"line-height:1.38;margin-top:0pt;margin-bottom:0pt\"><span style=\"font-size: 11pt;font-family: Arial, sans-serif;background-color: transparent;vertical-align: baseline\">Myfashionwholesaler.com s'efforce de fournir des informations pr\u00e9cises et \u00e0 jour sur son site, mais ne peut garantir l'exactitude et l'exhaustivit\u00e9 de ces informations. En cons\u00e9quence, myfashionwholesaler.com d\u00e9cline toute responsabilit\u00e9 pour tout dommage direct ou indirect r\u00e9sultant de l'utilisation du site.<\/span><\/p><br><h2 dir=\"ltr\" style=\"line-height:1.38;margin-top:18pt;margin-bottom:6pt\"><span style=\"font-size: 16pt;font-family: Arial, sans-serif;background-color: transparent;vertical-align: baseline\">Contact<\/span><\/h2><br><p dir=\"ltr\" style=\"line-height:1.38;margin-top:0pt;margin-bottom:0pt\"><span style=\"font-size: 11pt;font-family: Arial, sans-serif;background-color: transparent;vertical-align: baseline\">Pour toute question ou demande concernant le site myfashionwholesaler.com ou ces mentions l\u00e9gales, veuillez nous contacter \u00e0 l'adresse suivante :<\/span><\/p><br><p dir=\"ltr\" style=\"line-height:1.38;margin-top:0pt;margin-bottom:0pt\"><span style=\"color: inherit;font-family: var( --e-global-typography-primary-font-family ), Sans-serif;font-size: var( --e-global-typography-primary-font-size );text-align: var(--text-align)\">contact@myfashionwholesaler.com<\/span><\/p><br><br><\/span><\/h2>\t\t\t\t<\/div>\n\t\t\t\t<\/div>\n\t\t\t\t<\/div>\n\t\t\t\t<\/div>\n\t\t","protected":false},"excerpt":{"rendered":"<p>\u00c9diteur du site Le site www.myfashionwholesaler est \u00e9dit\u00e9 par EFOLIX 5 Rue Dr Herr, 9048 Ettelbruck, LUXEMBOURG +352 20 33 32 33 contact@myfashionwholesaler.com EFOLIX est immatricul\u00e9e au registre du Commerce de Luxembourg sous N\u00b0B154-234, a pour num\u00e9ro de TVA LU : LU24132344. Directeur de la publication Le responsable de la publication est Bin GUO.&nbsp; H\u00e9bergeur [&hellip;]<\/p>\n","protected":false},"author":2,"featured_media":0,"parent":0,"menu_order":0,"comment_status":"closed","ping_status":"closed","template":"","meta":{"footnotes":""},"class_list":["post-11036","page","type-page","status-publish","hentry"],"yoast_head":"<!-- This site is optimized with the Yoast SEO plugin v27.3 - https:\/\/yoast.com\/product\/yoast-seo-wordpress\/ -->\n<title>Informazioni legali - My Fashion Wholesaler<\/title>\n<meta name=\"robots\" content=\"index, follow, max-snippet:-1, max-image-preview:large, max-video-preview:-1\" \/>\n<link rel=\"canonical\" href=\"https:\/\/www.myfashionwholesaler.com\/it\/informazioni-legali\/\" \/>\n<meta property=\"og:locale\" content=\"it_IT\" \/>\n<meta property=\"og:type\" content=\"article\" \/>\n<meta property=\"og:title\" content=\"Informazioni legali - My Fashion Wholesaler\" \/>\n<meta property=\"og:description\" content=\"\u00c9diteur du site Le site www.myfashionwholesaler est \u00e9dit\u00e9 par EFOLIX 5 Rue Dr Herr, 9048 Ettelbruck, LUXEMBOURG +352 20 33 32 33 contact@myfashionwholesaler.com EFOLIX est immatricul\u00e9e au registre du Commerce de Luxembourg sous N\u00b0B154-234, a pour num\u00e9ro de TVA LU : LU24132344. Directeur de la publication Le responsable de la publication est Bin GUO.&nbsp; H\u00e9bergeur [&hellip;]\" \/>\n<meta property=\"og:url\" content=\"https:\/\/www.myfashionwholesaler.com\/it\/informazioni-legali\/\" \/>\n<meta property=\"og:site_name\" content=\"My Fashion Wholesaler\" \/>\n<meta property=\"article:publisher\" content=\"https:\/\/www.facebook.com\/Myfashionwholesaler.lu\/\" \/>\n<meta property=\"article:modified_time\" content=\"2024-02-12T14:32:48+00:00\" \/>\n<meta name=\"twitter:card\" content=\"summary_large_image\" \/>\n<meta name=\"twitter:label1\" content=\"Tempo di lettura stimato\" \/>\n\t<meta name=\"twitter:data1\" content=\"1 minuto\" \/>\n<script type=\"application\/ld+json\" class=\"yoast-schema-graph\">{\"@context\":\"https:\\\/\\\/schema.org\",\"@graph\":[{\"@type\":\"WebPage\",\"@id\":\"https:\\\/\\\/www.myfashionwholesaler.com\\\/it\\\/informazioni-legali\\\/\",\"url\":\"https:\\\/\\\/www.myfashionwholesaler.com\\\/it\\\/informazioni-legali\\\/\",\"name\":\"Informazioni legali - My Fashion Wholesaler\",\"isPartOf\":{\"@id\":\"https:\\\/\\\/www.myfashionwholesaler.com\\\/it\\\/#website\"},\"datePublished\":\"2024-02-12T13:23:31+00:00\",\"dateModified\":\"2024-02-12T14:32:48+00:00\",\"breadcrumb\":{\"@id\":\"https:\\\/\\\/www.myfashionwholesaler.com\\\/it\\\/informazioni-legali\\\/#breadcrumb\"},\"inLanguage\":\"it-IT\",\"potentialAction\":[{\"@type\":\"ReadAction\",\"target\":[\"https:\\\/\\\/www.myfashionwholesaler.com\\\/it\\\/informazioni-legali\\\/\"]}]},{\"@type\":\"BreadcrumbList\",\"@id\":\"https:\\\/\\\/www.myfashionwholesaler.com\\\/it\\\/informazioni-legali\\\/#breadcrumb\",\"itemListElement\":[{\"@type\":\"ListItem\",\"position\":1,\"name\":\"Accueil\",\"item\":\"https:\\\/\\\/www.myfashionwholesaler.com\\\/it\\\/\"},{\"@type\":\"ListItem\",\"position\":2,\"name\":\"Informazioni legali\"}]},{\"@type\":\"WebSite\",\"@id\":\"https:\\\/\\\/www.myfashionwholesaler.com\\\/it\\\/#website\",\"url\":\"https:\\\/\\\/www.myfashionwholesaler.com\\\/it\\\/\",\"name\":\"My Fashion Wholesaler\",\"description\":\"\",\"publisher\":{\"@id\":\"https:\\\/\\\/www.myfashionwholesaler.com\\\/it\\\/#organization\"},\"potentialAction\":[{\"@type\":\"SearchAction\",\"target\":{\"@type\":\"EntryPoint\",\"urlTemplate\":\"https:\\\/\\\/www.myfashionwholesaler.com\\\/it\\\/?s={search_term_string}\"},\"query-input\":{\"@type\":\"PropertyValueSpecification\",\"valueRequired\":true,\"valueName\":\"search_term_string\"}}],\"inLanguage\":\"it-IT\"},{\"@type\":\"Organization\",\"@id\":\"https:\\\/\\\/www.myfashionwholesaler.com\\\/it\\\/#organization\",\"name\":\"My Fashion Wholesaler\",\"alternateName\":\"My Fashion Wholesaler\",\"url\":\"https:\\\/\\\/www.myfashionwholesaler.com\\\/it\\\/\",\"logo\":{\"@type\":\"ImageObject\",\"inLanguage\":\"it-IT\",\"@id\":\"https:\\\/\\\/www.myfashionwholesaler.com\\\/it\\\/#\\\/schema\\\/logo\\\/image\\\/\",\"url\":\"https:\\\/\\\/www.myfashionwholesaler.com\\\/wp-content\\\/uploads\\\/2023\\\/08\\\/Logo_MFW_color_WhiteText_Plan-de-travail-1-11.webp\",\"contentUrl\":\"https:\\\/\\\/www.myfashionwholesaler.com\\\/wp-content\\\/uploads\\\/2023\\\/08\\\/Logo_MFW_color_WhiteText_Plan-de-travail-1-11.webp\",\"width\":226,\"height\":214,\"caption\":\"My Fashion Wholesaler\"},\"image\":{\"@id\":\"https:\\\/\\\/www.myfashionwholesaler.com\\\/it\\\/#\\\/schema\\\/logo\\\/image\\\/\"},\"sameAs\":[\"https:\\\/\\\/www.facebook.com\\\/Myfashionwholesaler.lu\\\/\",\"https:\\\/\\\/www.instagram.com\\\/myfashionwholesaler\\\/\"]}]}<\/script>\n<!-- \/ Yoast SEO plugin. -->","yoast_head_json":{"title":"Informazioni legali - My Fashion Wholesaler","robots":{"index":"index","follow":"follow","max-snippet":"max-snippet:-1","max-image-preview":"max-image-preview:large","max-video-preview":"max-video-preview:-1"},"canonical":"https:\/\/www.myfashionwholesaler.com\/it\/informazioni-legali\/","og_locale":"it_IT","og_type":"article","og_title":"Informazioni legali - My Fashion Wholesaler","og_description":"\u00c9diteur du site Le site www.myfashionwholesaler est \u00e9dit\u00e9 par EFOLIX 5 Rue Dr Herr, 9048 Ettelbruck, LUXEMBOURG +352 20 33 32 33 contact@myfashionwholesaler.com EFOLIX est immatricul\u00e9e au registre du Commerce de Luxembourg sous N\u00b0B154-234, a pour num\u00e9ro de TVA LU : LU24132344. Directeur de la publication Le responsable de la publication est Bin GUO.&nbsp; H\u00e9bergeur [&hellip;]","og_url":"https:\/\/www.myfashionwholesaler.com\/it\/informazioni-legali\/","og_site_name":"My Fashion Wholesaler","article_publisher":"https:\/\/www.facebook.com\/Myfashionwholesaler.lu\/","article_modified_time":"2024-02-12T14:32:48+00:00","twitter_card":"summary_large_image","twitter_misc":{"Tempo di lettura stimato":"1 minuto"},"schema":{"@context":"https:\/\/schema.org","@graph":[{"@type":"WebPage","@id":"https:\/\/www.myfashionwholesaler.com\/it\/informazioni-legali\/","url":"https:\/\/www.myfashionwholesaler.com\/it\/informazioni-legali\/","name":"Informazioni legali - My Fashion Wholesaler","isPartOf":{"@id":"https:\/\/www.myfashionwholesaler.com\/it\/#website"},"datePublished":"2024-02-12T13:23:31+00:00","dateModified":"2024-02-12T14:32:48+00:00","breadcrumb":{"@id":"https:\/\/www.myfashionwholesaler.com\/it\/informazioni-legali\/#breadcrumb"},"inLanguage":"it-IT","potentialAction":[{"@type":"ReadAction","target":["https:\/\/www.myfashionwholesaler.com\/it\/informazioni-legali\/"]}]},{"@type":"BreadcrumbList","@id":"https:\/\/www.myfashionwholesaler.com\/it\/informazioni-legali\/#breadcrumb","itemListElement":[{"@type":"ListItem","position":1,"name":"Accueil","item":"https:\/\/www.myfashionwholesaler.com\/it\/"},{"@type":"ListItem","position":2,"name":"Informazioni legali"}]},{"@type":"WebSite","@id":"https:\/\/www.myfashionwholesaler.com\/it\/#website","url":"https:\/\/www.myfashionwholesaler.com\/it\/","name":"My Fashion Wholesaler","description":"","publisher":{"@id":"https:\/\/www.myfashionwholesaler.com\/it\/#organization"},"potentialAction":[{"@type":"SearchAction","target":{"@type":"EntryPoint","urlTemplate":"https:\/\/www.myfashionwholesaler.com\/it\/?s={search_term_string}"},"query-input":{"@type":"PropertyValueSpecification","valueRequired":true,"valueName":"search_term_string"}}],"inLanguage":"it-IT"},{"@type":"Organization","@id":"https:\/\/www.myfashionwholesaler.com\/it\/#organization","name":"My Fashion Wholesaler","alternateName":"My Fashion Wholesaler","url":"https:\/\/www.myfashionwholesaler.com\/it\/","logo":{"@type":"ImageObject","inLanguage":"it-IT","@id":"https:\/\/www.myfashionwholesaler.com\/it\/#\/schema\/logo\/image\/","url":"https:\/\/www.myfashionwholesaler.com\/wp-content\/uploads\/2023\/08\/Logo_MFW_color_WhiteText_Plan-de-travail-1-11.webp","contentUrl":"https:\/\/www.myfashionwholesaler.com\/wp-content\/uploads\/2023\/08\/Logo_MFW_color_WhiteText_Plan-de-travail-1-11.webp","width":226,"height":214,"caption":"My Fashion Wholesaler"},"image":{"@id":"https:\/\/www.myfashionwholesaler.com\/it\/#\/schema\/logo\/image\/"},"sameAs":["https:\/\/www.facebook.com\/Myfashionwholesaler.lu\/","https:\/\/www.instagram.com\/myfashionwholesaler\/"]}]}},"_links":{"self":[{"href":"https:\/\/www.myfashionwholesaler.com\/it\/wp-json\/wp\/v2\/pages\/11036","targetHints":{"allow":["GET"]}}],"collection":[{"href":"https:\/\/www.myfashionwholesaler.com\/it\/wp-json\/wp\/v2\/pages"}],"about":[{"href":"https:\/\/www.myfashionwholesaler.com\/it\/wp-json\/wp\/v2\/types\/page"}],"author":[{"embeddable":true,"href":"https:\/\/www.myfashionwholesaler.com\/it\/wp-json\/wp\/v2\/users\/2"}],"replies":[{"embeddable":true,"href":"https:\/\/www.myfashionwholesaler.com\/it\/wp-json\/wp\/v2\/comments?post=11036"}],"version-history":[{"count":0,"href":"https:\/\/www.myfashionwholesaler.com\/it\/wp-json\/wp\/v2\/pages\/11036\/revisions"}],"wp:attachment":[{"href":"https:\/\/www.myfashionwholesaler.com\/it\/wp-json\/wp\/v2\/media?parent=11036"}],"curies":[{"name":"wp","href":"https:\/\/api.w.org\/{rel}","templated":true}]}}