{"id":14585,"date":"2024-02-12T13:23:31","date_gmt":"2024-02-12T13:23:31","guid":{"rendered":"https:\/\/www.myfashionwholesaler.com\/informacje-prawne\/"},"modified":"2025-03-18T07:32:35","modified_gmt":"2025-03-18T07:32:35","slug":"informacje-prawne","status":"publish","type":"page","link":"https:\/\/www.myfashionwholesaler.com\/pl\/informacje-prawne\/","title":{"rendered":"Informacje prawne"},"content":{"rendered":"\t\t<div data-elementor-type=\"wp-page\" data-elementor-id=\"14585\" class=\"elementor elementor-14585 elementor-11020\" data-elementor-post-type=\"page\">\n\t\t\t\t<div class=\"elementor-element elementor-element-aed0fec e-flex e-con-boxed e-con e-parent\" data-id=\"aed0fec\" data-element_type=\"container\" data-e-type=\"container\">\n\t\t\t\t\t<div class=\"e-con-inner\">\n\t\t\t\t\t<\/div>\n\t\t\t\t<\/div>\n\t\t<div class=\"elementor-element elementor-element-461a18a e-con-full e-flex e-con e-parent\" data-id=\"461a18a\" data-element_type=\"container\" data-e-type=\"container\">\n\t\t\t\t<div class=\"elementor-element elementor-element-34b3c99 elementor-widget elementor-widget-heading\" data-id=\"34b3c99\" data-element_type=\"widget\" data-e-type=\"widget\" data-widget_type=\"heading.default\">\n\t\t\t\t<div class=\"elementor-widget-container\">\n\t\t\t\t\t<h2 class=\"elementor-heading-title elementor-size-default\"><span style=\"font-weight:normal\"><h2 dir=\"ltr\" style=\"line-height:1.38;margin-top:18pt;margin-bottom:6pt\"><span style=\"font-size: 16pt;font-family: Arial, sans-serif;background-color: transparent;vertical-align: baseline\">Wydawca witryny<\/span><\/h2><br><p dir=\"ltr\" style=\"line-height:1.38;margin-top:0pt;margin-bottom:0pt\"><span style=\"font-size: 11pt;font-family: Arial, sans-serif;background-color: transparent;vertical-align: baseline\">Strona internetowa www.myfashionwholesaler jest publikowana przez<\/span><\/p><br><p dir=\"ltr\" style=\"line-height:1.38;margin-top:0pt;margin-bottom:0pt\"><span style=\"font-size: 11pt;font-family: Arial, sans-serif;background-color: transparent;vertical-align: baseline\">EFOLIX<\/span><\/p><p dir=\"ltr\" style=\"line-height:1.38;margin-top:0pt;margin-bottom:0pt\"><span style=\"font-size: 11pt;font-family: Arial, sans-serif;background-color: transparent;vertical-align: baseline\">5 Rue Dr Herr, 9048 Ettelbruck, LUKSEMBURG<\/span><\/p><p dir=\"ltr\" style=\"line-height:1.38;margin-top:0pt;margin-bottom:0pt\"><span style=\"font-size: 11pt;font-family: Arial, sans-serif;background-color: transparent;vertical-align: baseline\">+<\/span><a href=\"https:\/\/www.google.com\/search?q=efolix&amp;sca_esv=602110905&amp;rlz=1C5CHFA_enFR908FR908&amp;sxsrf=ACQVn085jgn3Zm4mBZZ4BETTe93waJflIg%3A1706427730577&amp;ei=UgW2ZYbqIqS69u8Ptfqj0A0&amp;ved=0ahUKEwiG29zVyv-DAxUknf0HHTX9CNoQ4dUDCBA&amp;uact=5&amp;oq=efolix&amp;gs_lp=Egxnd3Mtd2l6LXNlcnAiBmVmb2xpeDIOEC4YrwEYxwEYgAQYjgUyBBAAGB4yBBAAGB5I5wVQ3ANY_QRwAXgBkAEAmAFzoAHTAaoBAzEuMbgBA8gBAPgBAcICChAAGEcY1gQYsAPCAgQQIxgnwgIFEAAYgATCAgoQABiABBgKGLEDwgIHEAAYgAQYCuIDBBgAIEGIBgGQBgg&amp;sclient=gws-wiz-serp#\"><span style=\"font-size: 10.5pt;font-family: Arial, sans-serif;vertical-align: baseline\">352 20 33 32 33<\/span><\/a><\/p>contact@myfashionwholesaler.com<br><br><p dir=\"ltr\" style=\"line-height:1.38;margin-top:0pt;margin-bottom:0pt\"><span style=\"font-size: 11pt;font-family: Arial, sans-serif;background-color: transparent;vertical-align: baseline\">EFOLIX jest zarejestrowany w luksemburskim rejestrze handlowym pod numerem B154-234, numer VAT LU: LU24132344.<\/span><\/p><br><h2 dir=\"ltr\" style=\"line-height:1.38;margin-top:18pt;margin-bottom:6pt\"><span style=\"font-size: 16pt;font-family: Arial, sans-serif;background-color: transparent;vertical-align: baseline\">Redaktor naczelny<\/span><\/h2><br><p dir=\"ltr\" style=\"line-height:1.38;margin-top:0pt;margin-bottom:0pt\"><span style=\"font-size: 11pt;font-family: Arial, sans-serif;background-color: transparent;vertical-align: baseline\">Osob\u0105 odpowiedzialn\u0105 za publikacj\u0119 jest Bin GUO.&nbsp;<\/span><\/p><br><h2 dir=\"ltr\" style=\"line-height:1.38;margin-top:18pt;margin-bottom:6pt\"><span style=\"font-size: 16pt;font-family: Arial, sans-serif;background-color: transparent;vertical-align: baseline\">Gospodarz witryny<\/span><\/h2><br><p dir=\"ltr\" style=\"line-height:1.38;margin-top:0pt;margin-bottom:0pt\"><span style=\"font-size: 11pt;font-family: Arial, sans-serif;background-color: transparent;vertical-align: baseline\">Witryna myfashionwholesaler jest hostowana przez Efolix.<\/span><\/p><br><br><h2 dir=\"ltr\" style=\"line-height:1.38;margin-top:18pt;margin-bottom:6pt\"><span style=\"font-size: 16pt;font-family: Arial, sans-serif;background-color: transparent;vertical-align: baseline\">W\u0142asno\u015b\u0107 intelektualna<\/span><\/h2><br><p dir=\"ltr\" style=\"line-height:1.38;margin-top:0pt;margin-bottom:0pt\"><span style=\"font-size: 11pt;font-family: Arial, sans-serif;background-color: transparent;vertical-align: baseline\">Ca\u0142a zawarto\u015b\u0107 witryny myfashionwholesaler.com, w tym mi\u0119dzy innymi tekst, obrazy, grafika, logo, ikony, klipy audio i wideo, stanowi wy\u0142\u0105czn\u0105 w\u0142asno\u015b\u0107 myfashionwholesaler.com lub jej partner\u00f3w i jest chroniona przez luksemburskie i mi\u0119dzynarodowe prawo w\u0142asno\u015bci intelektualnej.<\/span><\/p><br><h2 dir=\"ltr\" style=\"line-height:1.38;margin-top:18pt;margin-bottom:6pt\"><span style=\"font-size: 16pt;font-family: Arial, sans-serif;background-color: transparent;vertical-align: baseline\">Ochrona danych osobowych<\/span><\/h2><br><p dir=\"ltr\" style=\"line-height:1.38;margin-top:0pt;margin-bottom:0pt\"><span style=\"font-size: 11pt;font-family: Arial, sans-serif;background-color: transparent;vertical-align: baseline\">Myfashionwholesaler.com zobowi\u0105zuje si\u0119 do ochrony prywatno\u015bci u\u017cytkownik\u00f3w swojej witryny. Wi\u0119cej informacji na temat gromadzenia, wykorzystywania i ochrony danych osobowych u\u017cytkownik\u00f3w mo\u017cna znale\u017a\u0107 w naszej Polityce prywatno\u015bci. <\/span><\/p><br><h2 dir=\"ltr\" style=\"line-height:1.38;margin-top:18pt;margin-bottom:6pt\"><span style=\"font-size: 16pt;font-family: Arial, sans-serif;background-color: transparent;vertical-align: baseline\">Ograniczenie odpowiedzialno\u015bci<\/span><\/h2><br><p dir=\"ltr\" style=\"line-height:1.38;margin-top:0pt;margin-bottom:0pt\"><span style=\"font-size: 11pt;font-family: Arial, sans-serif;background-color: transparent;vertical-align: baseline\">Myfashionwholesaler.com dok\u0142ada wszelkich stara\u0144, aby zapewni\u0107 dok\u0142adne i aktualne informacje na swojej stronie, ale nie mo\u017ce zagwarantowa\u0107 dok\u0142adno\u015bci i kompletno\u015bci tych informacji. W zwi\u0105zku z tym myfashionwholesaler.com zrzeka si\u0119 wszelkiej odpowiedzialno\u015bci za jakiekolwiek bezpo\u015brednie lub po\u015brednie szkody wynikaj\u0105ce z korzystania z witryny. <\/span><\/p><br><h2 dir=\"ltr\" style=\"line-height:1.38;margin-top:18pt;margin-bottom:6pt\"><span style=\"font-size: 16pt;font-family: Arial, sans-serif;background-color: transparent;vertical-align: baseline\">Kontakt<\/span><\/h2><br><p dir=\"ltr\" style=\"line-height:1.38;margin-top:0pt;margin-bottom:0pt\"><span style=\"font-size: 11pt;font-family: Arial, sans-serif;background-color: transparent;vertical-align: baseline\">W przypadku jakichkolwiek pyta\u0144 lub pr\u00f3\u015bb dotycz\u0105cych witryny myfashionwholesaler.com lub niniejszych informacji prawnych, prosimy o kontakt pod nast\u0119puj\u0105cym adresem:<\/span><\/p><br><p dir=\"ltr\" style=\"line-height:1.38;margin-top:0pt;margin-bottom:0pt\"><span style=\"color: inherit;font-family: var( --e-global-typography-primary-font-family ), Sans-serif;font-size: var( --e-global-typography-primary-font-size );text-align: var(--text-align)\">contact@myfashionwholesaler.com<\/span><\/p><br><br><\/span><\/h2>\t\t\t\t<\/div>\n\t\t\t\t<\/div>\n\t\t\t\t<\/div>\n\t\t\t\t<\/div>\n\t\t","protected":false},"excerpt":{"rendered":"<p>Wydawca witryny Strona internetowa www.myfashionwholesaler jest publikowana przez EFOLIX 5 Rue Dr Herr, 9048 Ettelbruck, LUKSEMBURG +352 20 33 32 33 contact@myfashionwholesaler.com EFOLIX jest zarejestrowany w luksemburskim rejestrze handlowym pod numerem B154-234, numer VAT LU: LU24132344. Redaktor naczelny Osob\u0105 odpowiedzialn\u0105 za publikacj\u0119 jest Bin GUO.&nbsp; Gospodarz witryny Witryna myfashionwholesaler jest hostowana przez Efolix. W\u0142asno\u015b\u0107 intelektualna [&hellip;]<\/p>\n","protected":false},"author":2,"featured_media":0,"parent":0,"menu_order":0,"comment_status":"closed","ping_status":"closed","template":"","meta":{"footnotes":""},"class_list":["post-14585","page","type-page","status-publish","hentry"],"yoast_head":"<!-- This site is optimized with the Yoast SEO plugin v27.5 - https:\/\/yoast.com\/product\/yoast-seo-wordpress\/ -->\n<title>Informacje prawne - My Fashion Wholesaler<\/title>\n<meta name=\"robots\" content=\"index, follow, max-snippet:-1, max-image-preview:large, max-video-preview:-1\" \/>\n<link rel=\"canonical\" href=\"https:\/\/www.myfashionwholesaler.com\/pl\/informacje-prawne\/\" \/>\n<meta property=\"og:locale\" content=\"pl_PL\" \/>\n<meta property=\"og:type\" content=\"article\" \/>\n<meta property=\"og:title\" content=\"Informacje prawne - My Fashion Wholesaler\" \/>\n<meta property=\"og:description\" content=\"Wydawca witryny Strona internetowa www.myfashionwholesaler jest publikowana przez EFOLIX 5 Rue Dr Herr, 9048 Ettelbruck, LUKSEMBURG +352 20 33 32 33 contact@myfashionwholesaler.com EFOLIX jest zarejestrowany w luksemburskim rejestrze handlowym pod numerem B154-234, numer VAT LU: LU24132344. Redaktor naczelny Osob\u0105 odpowiedzialn\u0105 za publikacj\u0119 jest Bin GUO.&nbsp; Gospodarz witryny Witryna myfashionwholesaler jest hostowana przez Efolix. W\u0142asno\u015b\u0107 intelektualna [&hellip;]\" \/>\n<meta property=\"og:url\" content=\"https:\/\/www.myfashionwholesaler.com\/pl\/informacje-prawne\/\" \/>\n<meta property=\"og:site_name\" content=\"My Fashion Wholesaler\" \/>\n<meta property=\"article:publisher\" content=\"https:\/\/www.facebook.com\/Myfashionwholesaler.lu\/\" \/>\n<meta property=\"article:modified_time\" content=\"2025-03-18T07:32:35+00:00\" \/>\n<meta name=\"twitter:card\" content=\"summary_large_image\" \/>\n<meta name=\"twitter:label1\" content=\"Szacowany czas czytania\" \/>\n\t<meta name=\"twitter:data1\" content=\"1 minuta\" \/>\n<script type=\"application\/ld+json\" class=\"yoast-schema-graph\">{\"@context\":\"https:\\\/\\\/schema.org\",\"@graph\":[{\"@type\":\"WebPage\",\"@id\":\"https:\\\/\\\/www.myfashionwholesaler.com\\\/pl\\\/informacje-prawne\\\/\",\"url\":\"https:\\\/\\\/www.myfashionwholesaler.com\\\/pl\\\/informacje-prawne\\\/\",\"name\":\"Informacje prawne - My Fashion Wholesaler\",\"isPartOf\":{\"@id\":\"https:\\\/\\\/www.myfashionwholesaler.com\\\/pl\\\/#website\"},\"datePublished\":\"2024-02-12T13:23:31+00:00\",\"dateModified\":\"2025-03-18T07:32:35+00:00\",\"breadcrumb\":{\"@id\":\"https:\\\/\\\/www.myfashionwholesaler.com\\\/pl\\\/informacje-prawne\\\/#breadcrumb\"},\"inLanguage\":\"pl-PL\",\"potentialAction\":[{\"@type\":\"ReadAction\",\"target\":[\"https:\\\/\\\/www.myfashionwholesaler.com\\\/pl\\\/informacje-prawne\\\/\"]}]},{\"@type\":\"BreadcrumbList\",\"@id\":\"https:\\\/\\\/www.myfashionwholesaler.com\\\/pl\\\/informacje-prawne\\\/#breadcrumb\",\"itemListElement\":[{\"@type\":\"ListItem\",\"position\":1,\"name\":\"Accueil\",\"item\":\"https:\\\/\\\/www.myfashionwholesaler.com\\\/pl\\\/nowy-dom\\\/\"},{\"@type\":\"ListItem\",\"position\":2,\"name\":\"Informacje prawne\"}]},{\"@type\":\"WebSite\",\"@id\":\"https:\\\/\\\/www.myfashionwholesaler.com\\\/pl\\\/#website\",\"url\":\"https:\\\/\\\/www.myfashionwholesaler.com\\\/pl\\\/\",\"name\":\"My Fashion Wholesaler\",\"description\":\"\",\"publisher\":{\"@id\":\"https:\\\/\\\/www.myfashionwholesaler.com\\\/pl\\\/#organization\"},\"potentialAction\":[{\"@type\":\"SearchAction\",\"target\":{\"@type\":\"EntryPoint\",\"urlTemplate\":\"https:\\\/\\\/www.myfashionwholesaler.com\\\/pl\\\/?s={search_term_string}\"},\"query-input\":{\"@type\":\"PropertyValueSpecification\",\"valueRequired\":true,\"valueName\":\"search_term_string\"}}],\"inLanguage\":\"pl-PL\"},{\"@type\":\"Organization\",\"@id\":\"https:\\\/\\\/www.myfashionwholesaler.com\\\/pl\\\/#organization\",\"name\":\"My Fashion Wholesaler\",\"alternateName\":\"My Fashion Wholesaler\",\"url\":\"https:\\\/\\\/www.myfashionwholesaler.com\\\/pl\\\/\",\"logo\":{\"@type\":\"ImageObject\",\"inLanguage\":\"pl-PL\",\"@id\":\"https:\\\/\\\/www.myfashionwholesaler.com\\\/pl\\\/#\\\/schema\\\/logo\\\/image\\\/\",\"url\":\"https:\\\/\\\/www.myfashionwholesaler.com\\\/wp-content\\\/uploads\\\/2023\\\/08\\\/Logo_MFW_color_WhiteText_Plan-de-travail-1-11.webp\",\"contentUrl\":\"https:\\\/\\\/www.myfashionwholesaler.com\\\/wp-content\\\/uploads\\\/2023\\\/08\\\/Logo_MFW_color_WhiteText_Plan-de-travail-1-11.webp\",\"width\":226,\"height\":214,\"caption\":\"My Fashion Wholesaler\"},\"image\":{\"@id\":\"https:\\\/\\\/www.myfashionwholesaler.com\\\/pl\\\/#\\\/schema\\\/logo\\\/image\\\/\"},\"sameAs\":[\"https:\\\/\\\/www.facebook.com\\\/Myfashionwholesaler.lu\\\/\",\"https:\\\/\\\/www.instagram.com\\\/myfashionwholesaler\\\/\"]}]}<\/script>\n<!-- \/ Yoast SEO plugin. -->","yoast_head_json":{"title":"Informacje prawne - My Fashion Wholesaler","robots":{"index":"index","follow":"follow","max-snippet":"max-snippet:-1","max-image-preview":"max-image-preview:large","max-video-preview":"max-video-preview:-1"},"canonical":"https:\/\/www.myfashionwholesaler.com\/pl\/informacje-prawne\/","og_locale":"pl_PL","og_type":"article","og_title":"Informacje prawne - My Fashion Wholesaler","og_description":"Wydawca witryny Strona internetowa www.myfashionwholesaler jest publikowana przez EFOLIX 5 Rue Dr Herr, 9048 Ettelbruck, LUKSEMBURG +352 20 33 32 33 contact@myfashionwholesaler.com EFOLIX jest zarejestrowany w luksemburskim rejestrze handlowym pod numerem B154-234, numer VAT LU: LU24132344. Redaktor naczelny Osob\u0105 odpowiedzialn\u0105 za publikacj\u0119 jest Bin GUO.&nbsp; Gospodarz witryny Witryna myfashionwholesaler jest hostowana przez Efolix. W\u0142asno\u015b\u0107 intelektualna [&hellip;]","og_url":"https:\/\/www.myfashionwholesaler.com\/pl\/informacje-prawne\/","og_site_name":"My Fashion Wholesaler","article_publisher":"https:\/\/www.facebook.com\/Myfashionwholesaler.lu\/","article_modified_time":"2025-03-18T07:32:35+00:00","twitter_card":"summary_large_image","twitter_misc":{"Szacowany czas czytania":"1 minuta"},"schema":{"@context":"https:\/\/schema.org","@graph":[{"@type":"WebPage","@id":"https:\/\/www.myfashionwholesaler.com\/pl\/informacje-prawne\/","url":"https:\/\/www.myfashionwholesaler.com\/pl\/informacje-prawne\/","name":"Informacje prawne - My Fashion Wholesaler","isPartOf":{"@id":"https:\/\/www.myfashionwholesaler.com\/pl\/#website"},"datePublished":"2024-02-12T13:23:31+00:00","dateModified":"2025-03-18T07:32:35+00:00","breadcrumb":{"@id":"https:\/\/www.myfashionwholesaler.com\/pl\/informacje-prawne\/#breadcrumb"},"inLanguage":"pl-PL","potentialAction":[{"@type":"ReadAction","target":["https:\/\/www.myfashionwholesaler.com\/pl\/informacje-prawne\/"]}]},{"@type":"BreadcrumbList","@id":"https:\/\/www.myfashionwholesaler.com\/pl\/informacje-prawne\/#breadcrumb","itemListElement":[{"@type":"ListItem","position":1,"name":"Accueil","item":"https:\/\/www.myfashionwholesaler.com\/pl\/nowy-dom\/"},{"@type":"ListItem","position":2,"name":"Informacje prawne"}]},{"@type":"WebSite","@id":"https:\/\/www.myfashionwholesaler.com\/pl\/#website","url":"https:\/\/www.myfashionwholesaler.com\/pl\/","name":"My Fashion Wholesaler","description":"","publisher":{"@id":"https:\/\/www.myfashionwholesaler.com\/pl\/#organization"},"potentialAction":[{"@type":"SearchAction","target":{"@type":"EntryPoint","urlTemplate":"https:\/\/www.myfashionwholesaler.com\/pl\/?s={search_term_string}"},"query-input":{"@type":"PropertyValueSpecification","valueRequired":true,"valueName":"search_term_string"}}],"inLanguage":"pl-PL"},{"@type":"Organization","@id":"https:\/\/www.myfashionwholesaler.com\/pl\/#organization","name":"My Fashion Wholesaler","alternateName":"My Fashion Wholesaler","url":"https:\/\/www.myfashionwholesaler.com\/pl\/","logo":{"@type":"ImageObject","inLanguage":"pl-PL","@id":"https:\/\/www.myfashionwholesaler.com\/pl\/#\/schema\/logo\/image\/","url":"https:\/\/www.myfashionwholesaler.com\/wp-content\/uploads\/2023\/08\/Logo_MFW_color_WhiteText_Plan-de-travail-1-11.webp","contentUrl":"https:\/\/www.myfashionwholesaler.com\/wp-content\/uploads\/2023\/08\/Logo_MFW_color_WhiteText_Plan-de-travail-1-11.webp","width":226,"height":214,"caption":"My Fashion Wholesaler"},"image":{"@id":"https:\/\/www.myfashionwholesaler.com\/pl\/#\/schema\/logo\/image\/"},"sameAs":["https:\/\/www.facebook.com\/Myfashionwholesaler.lu\/","https:\/\/www.instagram.com\/myfashionwholesaler\/"]}]}},"_links":{"self":[{"href":"https:\/\/www.myfashionwholesaler.com\/pl\/wp-json\/wp\/v2\/pages\/14585","targetHints":{"allow":["GET"]}}],"collection":[{"href":"https:\/\/www.myfashionwholesaler.com\/pl\/wp-json\/wp\/v2\/pages"}],"about":[{"href":"https:\/\/www.myfashionwholesaler.com\/pl\/wp-json\/wp\/v2\/types\/page"}],"author":[{"embeddable":true,"href":"https:\/\/www.myfashionwholesaler.com\/pl\/wp-json\/wp\/v2\/users\/2"}],"replies":[{"embeddable":true,"href":"https:\/\/www.myfashionwholesaler.com\/pl\/wp-json\/wp\/v2\/comments?post=14585"}],"version-history":[{"count":0,"href":"https:\/\/www.myfashionwholesaler.com\/pl\/wp-json\/wp\/v2\/pages\/14585\/revisions"}],"wp:attachment":[{"href":"https:\/\/www.myfashionwholesaler.com\/pl\/wp-json\/wp\/v2\/media?parent=14585"}],"curies":[{"name":"wp","href":"https:\/\/api.w.org\/{rel}","templated":true}]}}