{"id":14661,"date":"2024-02-12T14:09:45","date_gmt":"2024-02-12T14:09:45","guid":{"rendered":"https:\/\/www.myfashionwholesaler.com\/warunki-uzytkowania\/"},"modified":"2025-03-18T07:45:28","modified_gmt":"2025-03-18T07:45:28","slug":"warunki-uzytkowania","status":"publish","type":"page","link":"https:\/\/www.myfashionwholesaler.com\/pl\/warunki-uzytkowania\/","title":{"rendered":"Warunki u\u017cytkowania"},"content":{"rendered":"\t\t<div data-elementor-type=\"wp-page\" data-elementor-id=\"14661\" class=\"elementor elementor-14661 elementor-11024\" data-elementor-post-type=\"page\">\n\t\t\t\t<div class=\"elementor-element elementor-element-8488258 e-flex e-con-boxed e-con e-parent\" data-id=\"8488258\" data-element_type=\"container\" data-e-type=\"container\">\n\t\t\t\t\t<div class=\"e-con-inner\">\n\t\t\t\t<div class=\"elementor-element elementor-element-24aa93a elementor-widget elementor-widget-heading\" data-id=\"24aa93a\" data-element_type=\"widget\" data-e-type=\"widget\" data-widget_type=\"heading.default\">\n\t\t\t\t<div class=\"elementor-widget-container\">\n\t\t\t\t\t<h2 class=\"elementor-heading-title elementor-size-default\"><span style=\"font-weight:normal\" id=\"docs-internal-guid-07be00c0-7fff-4eb7-6360-876512bd8507\"><p dir=\"ltr\" style=\"line-height:1.38;margin-top:0pt;margin-bottom:3pt\"><span style=\"font-size: 26pt;font-family: Arial, sans-serif;background-color: transparent;vertical-align: baseline\">Warunki u\u017cytkowania<\/span><\/p><br><br><p dir=\"ltr\" style=\"line-height:1.38;margin-top:0pt;margin-bottom:0pt\"><span style=\"font-size: 11pt;font-family: Arial, sans-serif;background-color: transparent;vertical-align: baseline\">Niniejsze warunki u\u017cytkowania (\"Warunki\") reguluj\u0105 korzystanie z witryny myfashionwholesaler.com (\"Witryna\") i us\u0142ug oferowanych przez myfashionwholesaler.com.<\/span><\/p><br><h2 dir=\"ltr\" style=\"line-height:1.38;margin-top:18pt;margin-bottom:6pt\"><span style=\"font-size: 16pt;font-family: Arial, sans-serif;background-color: transparent;vertical-align: baseline\">Akceptacja Warunk\u00f3w<\/span><\/h2><br><p dir=\"ltr\" style=\"line-height:1.38;margin-top:0pt;margin-bottom:0pt\"><span style=\"font-size: 11pt;font-family: Arial, sans-serif;background-color: transparent;vertical-align: baseline\">Uzyskuj\u0105c dost\u0119p do Witryny lub korzystaj\u0105c z us\u0142ug oferowanych przez myfashionwholesaler.com, u\u017cytkownik wyra\u017ca zgod\u0119 na przestrzeganie niniejszych Warunk\u00f3w. Je\u015bli u\u017cytkownik nie wyra\u017ca zgody na niniejsze Warunki, prosimy o niekorzystanie z Witryny lub us\u0142ug oferowanych w Witrynie. <\/span><\/p><br><h2 dir=\"ltr\" style=\"line-height:1.38;margin-top:18pt;margin-bottom:6pt\"><span style=\"font-size: 16pt;font-family: Arial, sans-serif;background-color: transparent;vertical-align: baseline\">Opis us\u0142ug<\/span><\/h2><br><p dir=\"ltr\" style=\"line-height:1.38;margin-top:0pt;margin-bottom:0pt\"><span style=\"font-size: 11pt;font-family: Arial, sans-serif;background-color: transparent;vertical-align: baseline\">MyFashionWholesaler.com oferuje miesi\u0119czn\u0105 subskrypcj\u0119 w cenie 2,99 \u20ac, daj\u0105c\u0105 pe\u0142ny dost\u0119p do informacji dostarczanych przez katalog. U\u017cytkownicy mog\u0105 dokona\u0107 subskrypcji, podaj\u0105c wymagane informacje dotycz\u0105ce p\u0142atno\u015bci. Subskrypcje s\u0105 automatycznie odnawiane co miesi\u0105c, chyba \u017ce u\u017cytkownik zrezygnuje z subskrypcji.  <\/span><\/p><br><h2 dir=\"ltr\" style=\"line-height:1.38;margin-top:18pt;margin-bottom:6pt\"><span style=\"font-size: 16pt;font-family: Arial, sans-serif;background-color: transparent;vertical-align: baseline\">P\u0142atno\u015b\u0107 i rezygnacja z subskrypcji<\/span><\/h2><br><p dir=\"ltr\" style=\"line-height:1.38;margin-top:0pt;margin-bottom:0pt\"><span style=\"font-size: 11pt;font-family: Arial, sans-serif;background-color: transparent;vertical-align: baseline\">U\u017cytkownicy s\u0105 rozliczani miesi\u0119cznie wed\u0142ug stawki obowi\u0105zuj\u0105cej w momencie rejestracji. P\u0142atno\u015bci s\u0105 przetwarzane za pomoc\u0105 kart kredytowych (Visa, Mastercard i innych). U\u017cytkownicy mog\u0105 zrezygnowa\u0107 z subskrypcji w dowolnym momencie, uzyskuj\u0105c dost\u0119p do swojego konta w Witrynie i post\u0119puj\u0105c zgodnie z instrukcjami dotycz\u0105cymi rezygnacji z subskrypcji. Rezygnacja z subskrypcji staje si\u0119 skuteczna natychmiastowo, a za pozosta\u0142e okresy subskrypcji nie b\u0119d\u0105 przyznawane \u017cadne zwroty.   <\/span><\/p><br><h2 dir=\"ltr\" style=\"line-height:1.38;margin-top:18pt;margin-bottom:6pt\"><span style=\"font-size: 16pt;font-family: Arial, sans-serif;background-color: transparent;vertical-align: baseline\">Prawa w\u0142asno\u015bci intelektualnej<\/span><\/h2><br><p dir=\"ltr\" style=\"line-height:1.38;margin-top:0pt;margin-bottom:0pt\"><span style=\"font-size: 11pt;font-family: Arial, sans-serif;background-color: transparent;vertical-align: baseline\">Ca\u0142a zawarto\u015b\u0107 Witryny, w tym mi\u0119dzy innymi tekst, obrazy, grafika, logo, wideo i audio, stanowi wy\u0142\u0105czn\u0105 w\u0142asno\u015b\u0107 myfashionwholesaler.com lub jej partner\u00f3w i jest chroniona francuskim i mi\u0119dzynarodowym prawem w\u0142asno\u015bci intelektualnej. \u017badna cz\u0119\u015b\u0107 Witryny nie mo\u017ce by\u0107 powielana, rozpowszechniana lub wykorzystywana do cel\u00f3w komercyjnych bez uprzedniej pisemnej zgody myfashionwholesaler.com. <\/span><\/p><br><h2 dir=\"ltr\" style=\"line-height:1.38;margin-top:18pt;margin-bottom:6pt\"><span style=\"font-size: 16pt;font-family: Arial, sans-serif;background-color: transparent;vertical-align: baseline\">Ograniczenie odpowiedzialno\u015bci<\/span><\/h2><br><p dir=\"ltr\" style=\"line-height:1.38;margin-top:0pt;margin-bottom:0pt\"><span style=\"font-size: 11pt;font-family: Arial, sans-serif;background-color: transparent;vertical-align: baseline\">MyFashionWholesaler.com dok\u0142ada wszelkich stara\u0144, aby zapewni\u0107 dok\u0142adne i aktualne informacje na swojej Stronie, ale nie mo\u017ce zagwarantowa\u0107 dok\u0142adno\u015bci i kompletno\u015bci takich informacji. W zwi\u0105zku z tym MyFashionWholesaler.com nie ponosi odpowiedzialno\u015bci za jakiekolwiek bezpo\u015brednie lub po\u015brednie szkody wynikaj\u0105ce z korzystania z Witryny lub jej zawarto\u015bci. <\/span><\/p><br><h2 dir=\"ltr\" style=\"line-height:1.38;margin-top:18pt;margin-bottom:6pt\"><span style=\"font-size: 16pt;font-family: Arial, sans-serif;background-color: transparent;vertical-align: baseline\">Zmiany warunk\u00f3w<\/span><\/h2><br><p dir=\"ltr\" style=\"line-height:1.38;margin-top:0pt;margin-bottom:0pt\"><span style=\"font-size: 11pt;font-family: Arial, sans-serif;background-color: transparent;vertical-align: baseline\">MyFashionWholesaler.com zastrzega sobie prawo do zmiany niniejszych Warunk\u00f3w w dowolnym momencie. U\u017cytkownicy zostan\u0105 poinformowani o wszelkich zmianach za po\u015brednictwem powiadomienia na Stronie. Kontynuuj\u0105c korzystanie z Witryny po opublikowaniu zmian, u\u017cytkownicy wyra\u017caj\u0105 zgod\u0119 na przestrzeganie zmienionych Warunk\u00f3w.  <\/span><\/p><br><h2 dir=\"ltr\" style=\"line-height:1.38;margin-top:18pt;margin-bottom:6pt\"><span style=\"font-size: 16pt;font-family: Arial, sans-serif;background-color: transparent;vertical-align: baseline\">Prawo w\u0142a\u015bciwe i jurysdykcja<\/span><\/h2><br><p dir=\"ltr\" style=\"line-height:1.38;margin-top:0pt;margin-bottom:0pt\"><span style=\"font-size: 11pt;font-family: Arial, sans-serif;background-color: transparent;vertical-align: baseline\">Niniejsze Warunki podlegaj\u0105 prawu luksemburskiemu i europejskiemu. Wszelkie spory wynikaj\u0105ce z korzystania z Witryny lub us\u0142ug oferowanych przez myfashionwholesaler.com podlegaj\u0105 wy\u0142\u0105cznej jurysdykcji s\u0105d\u00f3w luksemburskich. <\/span><\/p><br><h2 dir=\"ltr\" style=\"line-height:1.38;margin-top:18pt;margin-bottom:6pt\"><span style=\"font-size: 16pt;font-family: Arial, sans-serif;background-color: transparent;vertical-align: baseline\">Kontakt<\/span><\/h2><br><p dir=\"ltr\" style=\"line-height:1.38;margin-top:0pt;margin-bottom:0pt\"><span style=\"font-size: 11pt;font-family: Arial, sans-serif;background-color: transparent;vertical-align: baseline\">W przypadku jakichkolwiek pyta\u0144 lub pr\u00f3\u015bb dotycz\u0105cych niniejszych Warunk\u00f3w u\u017cytkowania prosimy o kontakt pod nast\u0119puj\u0105cym adresem<\/span><\/p><br><p dir=\"ltr\" style=\"line-height:1.38;margin-top:0pt;margin-bottom:0pt\"><span style=\"font-size: 11pt;font-family: Arial, sans-serif;background-color: transparent;vertical-align: baseline\">contact@myfashionwholesaler.com  <\/span><\/p><div><span style=\"font-size: 11pt;font-family: Arial, sans-serif;background-color: transparent;vertical-align: baseline\"><br><\/span><\/div><\/span><\/h2>\t\t\t\t<\/div>\n\t\t\t\t<\/div>\n\t\t\t\t\t<\/div>\n\t\t\t\t<\/div>\n\t\t\t\t<\/div>\n\t\t","protected":false},"excerpt":{"rendered":"<p>Warunki u\u017cytkowania Niniejsze warunki u\u017cytkowania (&#8222;Warunki&#8221;) reguluj\u0105 korzystanie z witryny myfashionwholesaler.com (&#8222;Witryna&#8221;) i us\u0142ug oferowanych przez myfashionwholesaler.com. Akceptacja Warunk\u00f3w Uzyskuj\u0105c dost\u0119p do Witryny lub korzystaj\u0105c z us\u0142ug oferowanych przez myfashionwholesaler.com, u\u017cytkownik wyra\u017ca zgod\u0119 na przestrzeganie niniejszych Warunk\u00f3w. Je\u015bli u\u017cytkownik nie wyra\u017ca zgody na niniejsze Warunki, prosimy o niekorzystanie z Witryny lub us\u0142ug oferowanych w Witrynie. [&hellip;]<\/p>\n","protected":false},"author":2,"featured_media":0,"parent":0,"menu_order":0,"comment_status":"closed","ping_status":"closed","template":"","meta":{"footnotes":""},"class_list":["post-14661","page","type-page","status-publish","hentry"],"yoast_head":"<!-- This site is optimized with the Yoast SEO plugin v27.3 - https:\/\/yoast.com\/product\/yoast-seo-wordpress\/ -->\n<title>Warunki u\u017cytkowania - My Fashion Wholesaler<\/title>\n<meta name=\"robots\" content=\"index, follow, max-snippet:-1, max-image-preview:large, max-video-preview:-1\" \/>\n<link rel=\"canonical\" href=\"https:\/\/www.myfashionwholesaler.com\/pl\/warunki-uzytkowania\/\" \/>\n<meta property=\"og:locale\" content=\"pl_PL\" \/>\n<meta property=\"og:type\" content=\"article\" \/>\n<meta property=\"og:title\" content=\"Warunki u\u017cytkowania - My Fashion Wholesaler\" \/>\n<meta property=\"og:description\" content=\"Warunki u\u017cytkowania Niniejsze warunki u\u017cytkowania (&#8222;Warunki&#8221;) reguluj\u0105 korzystanie z witryny myfashionwholesaler.com (&#8222;Witryna&#8221;) i us\u0142ug oferowanych przez myfashionwholesaler.com. Akceptacja Warunk\u00f3w Uzyskuj\u0105c dost\u0119p do Witryny lub korzystaj\u0105c z us\u0142ug oferowanych przez myfashionwholesaler.com, u\u017cytkownik wyra\u017ca zgod\u0119 na przestrzeganie niniejszych Warunk\u00f3w. Je\u015bli u\u017cytkownik nie wyra\u017ca zgody na niniejsze Warunki, prosimy o niekorzystanie z Witryny lub us\u0142ug oferowanych w Witrynie. [&hellip;]\" \/>\n<meta property=\"og:url\" content=\"https:\/\/www.myfashionwholesaler.com\/pl\/warunki-uzytkowania\/\" \/>\n<meta property=\"og:site_name\" content=\"My Fashion Wholesaler\" \/>\n<meta property=\"article:publisher\" content=\"https:\/\/www.facebook.com\/Myfashionwholesaler.lu\/\" \/>\n<meta property=\"article:modified_time\" content=\"2025-03-18T07:45:28+00:00\" \/>\n<meta name=\"twitter:card\" content=\"summary_large_image\" \/>\n<meta name=\"twitter:label1\" content=\"Szacowany czas czytania\" \/>\n\t<meta name=\"twitter:data1\" content=\"2 minuty\" \/>\n<script type=\"application\/ld+json\" class=\"yoast-schema-graph\">{\"@context\":\"https:\\\/\\\/schema.org\",\"@graph\":[{\"@type\":\"WebPage\",\"@id\":\"https:\\\/\\\/www.myfashionwholesaler.com\\\/pl\\\/warunki-uzytkowania\\\/\",\"url\":\"https:\\\/\\\/www.myfashionwholesaler.com\\\/pl\\\/warunki-uzytkowania\\\/\",\"name\":\"Warunki u\u017cytkowania - My Fashion Wholesaler\",\"isPartOf\":{\"@id\":\"https:\\\/\\\/www.myfashionwholesaler.com\\\/pl\\\/#website\"},\"datePublished\":\"2024-02-12T14:09:45+00:00\",\"dateModified\":\"2025-03-18T07:45:28+00:00\",\"breadcrumb\":{\"@id\":\"https:\\\/\\\/www.myfashionwholesaler.com\\\/pl\\\/warunki-uzytkowania\\\/#breadcrumb\"},\"inLanguage\":\"pl-PL\",\"potentialAction\":[{\"@type\":\"ReadAction\",\"target\":[\"https:\\\/\\\/www.myfashionwholesaler.com\\\/pl\\\/warunki-uzytkowania\\\/\"]}]},{\"@type\":\"BreadcrumbList\",\"@id\":\"https:\\\/\\\/www.myfashionwholesaler.com\\\/pl\\\/warunki-uzytkowania\\\/#breadcrumb\",\"itemListElement\":[{\"@type\":\"ListItem\",\"position\":1,\"name\":\"Accueil\",\"item\":\"https:\\\/\\\/www.myfashionwholesaler.com\\\/pl\\\/\"},{\"@type\":\"ListItem\",\"position\":2,\"name\":\"Warunki u\u017cytkowania\"}]},{\"@type\":\"WebSite\",\"@id\":\"https:\\\/\\\/www.myfashionwholesaler.com\\\/pl\\\/#website\",\"url\":\"https:\\\/\\\/www.myfashionwholesaler.com\\\/pl\\\/\",\"name\":\"My Fashion Wholesaler\",\"description\":\"\",\"publisher\":{\"@id\":\"https:\\\/\\\/www.myfashionwholesaler.com\\\/pl\\\/#organization\"},\"potentialAction\":[{\"@type\":\"SearchAction\",\"target\":{\"@type\":\"EntryPoint\",\"urlTemplate\":\"https:\\\/\\\/www.myfashionwholesaler.com\\\/pl\\\/?s={search_term_string}\"},\"query-input\":{\"@type\":\"PropertyValueSpecification\",\"valueRequired\":true,\"valueName\":\"search_term_string\"}}],\"inLanguage\":\"pl-PL\"},{\"@type\":\"Organization\",\"@id\":\"https:\\\/\\\/www.myfashionwholesaler.com\\\/pl\\\/#organization\",\"name\":\"My Fashion Wholesaler\",\"alternateName\":\"My Fashion Wholesaler\",\"url\":\"https:\\\/\\\/www.myfashionwholesaler.com\\\/pl\\\/\",\"logo\":{\"@type\":\"ImageObject\",\"inLanguage\":\"pl-PL\",\"@id\":\"https:\\\/\\\/www.myfashionwholesaler.com\\\/pl\\\/#\\\/schema\\\/logo\\\/image\\\/\",\"url\":\"https:\\\/\\\/www.myfashionwholesaler.com\\\/wp-content\\\/uploads\\\/2023\\\/08\\\/Logo_MFW_color_WhiteText_Plan-de-travail-1-11.webp\",\"contentUrl\":\"https:\\\/\\\/www.myfashionwholesaler.com\\\/wp-content\\\/uploads\\\/2023\\\/08\\\/Logo_MFW_color_WhiteText_Plan-de-travail-1-11.webp\",\"width\":226,\"height\":214,\"caption\":\"My Fashion Wholesaler\"},\"image\":{\"@id\":\"https:\\\/\\\/www.myfashionwholesaler.com\\\/pl\\\/#\\\/schema\\\/logo\\\/image\\\/\"},\"sameAs\":[\"https:\\\/\\\/www.facebook.com\\\/Myfashionwholesaler.lu\\\/\",\"https:\\\/\\\/www.instagram.com\\\/myfashionwholesaler\\\/\"]}]}<\/script>\n<!-- \/ Yoast SEO plugin. -->","yoast_head_json":{"title":"Warunki u\u017cytkowania - My Fashion Wholesaler","robots":{"index":"index","follow":"follow","max-snippet":"max-snippet:-1","max-image-preview":"max-image-preview:large","max-video-preview":"max-video-preview:-1"},"canonical":"https:\/\/www.myfashionwholesaler.com\/pl\/warunki-uzytkowania\/","og_locale":"pl_PL","og_type":"article","og_title":"Warunki u\u017cytkowania - My Fashion Wholesaler","og_description":"Warunki u\u017cytkowania Niniejsze warunki u\u017cytkowania (&#8222;Warunki&#8221;) reguluj\u0105 korzystanie z witryny myfashionwholesaler.com (&#8222;Witryna&#8221;) i us\u0142ug oferowanych przez myfashionwholesaler.com. Akceptacja Warunk\u00f3w Uzyskuj\u0105c dost\u0119p do Witryny lub korzystaj\u0105c z us\u0142ug oferowanych przez myfashionwholesaler.com, u\u017cytkownik wyra\u017ca zgod\u0119 na przestrzeganie niniejszych Warunk\u00f3w. Je\u015bli u\u017cytkownik nie wyra\u017ca zgody na niniejsze Warunki, prosimy o niekorzystanie z Witryny lub us\u0142ug oferowanych w Witrynie. [&hellip;]","og_url":"https:\/\/www.myfashionwholesaler.com\/pl\/warunki-uzytkowania\/","og_site_name":"My Fashion Wholesaler","article_publisher":"https:\/\/www.facebook.com\/Myfashionwholesaler.lu\/","article_modified_time":"2025-03-18T07:45:28+00:00","twitter_card":"summary_large_image","twitter_misc":{"Szacowany czas czytania":"2 minuty"},"schema":{"@context":"https:\/\/schema.org","@graph":[{"@type":"WebPage","@id":"https:\/\/www.myfashionwholesaler.com\/pl\/warunki-uzytkowania\/","url":"https:\/\/www.myfashionwholesaler.com\/pl\/warunki-uzytkowania\/","name":"Warunki u\u017cytkowania - My Fashion Wholesaler","isPartOf":{"@id":"https:\/\/www.myfashionwholesaler.com\/pl\/#website"},"datePublished":"2024-02-12T14:09:45+00:00","dateModified":"2025-03-18T07:45:28+00:00","breadcrumb":{"@id":"https:\/\/www.myfashionwholesaler.com\/pl\/warunki-uzytkowania\/#breadcrumb"},"inLanguage":"pl-PL","potentialAction":[{"@type":"ReadAction","target":["https:\/\/www.myfashionwholesaler.com\/pl\/warunki-uzytkowania\/"]}]},{"@type":"BreadcrumbList","@id":"https:\/\/www.myfashionwholesaler.com\/pl\/warunki-uzytkowania\/#breadcrumb","itemListElement":[{"@type":"ListItem","position":1,"name":"Accueil","item":"https:\/\/www.myfashionwholesaler.com\/pl\/"},{"@type":"ListItem","position":2,"name":"Warunki u\u017cytkowania"}]},{"@type":"WebSite","@id":"https:\/\/www.myfashionwholesaler.com\/pl\/#website","url":"https:\/\/www.myfashionwholesaler.com\/pl\/","name":"My Fashion Wholesaler","description":"","publisher":{"@id":"https:\/\/www.myfashionwholesaler.com\/pl\/#organization"},"potentialAction":[{"@type":"SearchAction","target":{"@type":"EntryPoint","urlTemplate":"https:\/\/www.myfashionwholesaler.com\/pl\/?s={search_term_string}"},"query-input":{"@type":"PropertyValueSpecification","valueRequired":true,"valueName":"search_term_string"}}],"inLanguage":"pl-PL"},{"@type":"Organization","@id":"https:\/\/www.myfashionwholesaler.com\/pl\/#organization","name":"My Fashion Wholesaler","alternateName":"My Fashion Wholesaler","url":"https:\/\/www.myfashionwholesaler.com\/pl\/","logo":{"@type":"ImageObject","inLanguage":"pl-PL","@id":"https:\/\/www.myfashionwholesaler.com\/pl\/#\/schema\/logo\/image\/","url":"https:\/\/www.myfashionwholesaler.com\/wp-content\/uploads\/2023\/08\/Logo_MFW_color_WhiteText_Plan-de-travail-1-11.webp","contentUrl":"https:\/\/www.myfashionwholesaler.com\/wp-content\/uploads\/2023\/08\/Logo_MFW_color_WhiteText_Plan-de-travail-1-11.webp","width":226,"height":214,"caption":"My Fashion Wholesaler"},"image":{"@id":"https:\/\/www.myfashionwholesaler.com\/pl\/#\/schema\/logo\/image\/"},"sameAs":["https:\/\/www.facebook.com\/Myfashionwholesaler.lu\/","https:\/\/www.instagram.com\/myfashionwholesaler\/"]}]}},"_links":{"self":[{"href":"https:\/\/www.myfashionwholesaler.com\/pl\/wp-json\/wp\/v2\/pages\/14661","targetHints":{"allow":["GET"]}}],"collection":[{"href":"https:\/\/www.myfashionwholesaler.com\/pl\/wp-json\/wp\/v2\/pages"}],"about":[{"href":"https:\/\/www.myfashionwholesaler.com\/pl\/wp-json\/wp\/v2\/types\/page"}],"author":[{"embeddable":true,"href":"https:\/\/www.myfashionwholesaler.com\/pl\/wp-json\/wp\/v2\/users\/2"}],"replies":[{"embeddable":true,"href":"https:\/\/www.myfashionwholesaler.com\/pl\/wp-json\/wp\/v2\/comments?post=14661"}],"version-history":[{"count":0,"href":"https:\/\/www.myfashionwholesaler.com\/pl\/wp-json\/wp\/v2\/pages\/14661\/revisions"}],"wp:attachment":[{"href":"https:\/\/www.myfashionwholesaler.com\/pl\/wp-json\/wp\/v2\/media?parent=14661"}],"curies":[{"name":"wp","href":"https:\/\/api.w.org\/{rel}","templated":true}]}}