{"id":11048,"date":"2024-02-12T13:23:31","date_gmt":"2024-02-12T13:23:31","guid":{"rendered":"https:\/\/www.myfashionwholesaler.com\/informacao-juridica\/"},"modified":"2025-03-15T11:12:50","modified_gmt":"2025-03-15T11:12:50","slug":"informacao-juridica","status":"publish","type":"page","link":"https:\/\/www.myfashionwholesaler.com\/pt-pt\/informacao-juridica\/","title":{"rendered":"Informa\u00e7\u00e3o jur\u00eddica"},"content":{"rendered":"\t\t<div data-elementor-type=\"wp-page\" data-elementor-id=\"11048\" class=\"elementor elementor-11048 elementor-11001\" data-elementor-post-type=\"page\">\n\t\t\t\t<div class=\"elementor-element elementor-element-aed0fec e-flex e-con-boxed e-con e-parent\" data-id=\"aed0fec\" data-element_type=\"container\" data-e-type=\"container\">\n\t\t\t\t\t<div class=\"e-con-inner\">\n\t\t\t\t\t<\/div>\n\t\t\t\t<\/div>\n\t\t<div class=\"elementor-element elementor-element-461a18a e-con-full e-flex e-con e-parent\" data-id=\"461a18a\" data-element_type=\"container\" data-e-type=\"container\">\n\t\t\t\t<div class=\"elementor-element elementor-element-34b3c99 elementor-widget elementor-widget-heading\" data-id=\"34b3c99\" data-element_type=\"widget\" data-e-type=\"widget\" data-widget_type=\"heading.default\">\n\t\t\t\t<div class=\"elementor-widget-container\">\n\t\t\t\t\t<h2 class=\"elementor-heading-title elementor-size-default\"><span style=\"font-weight:normal\"><h2 dir=\"ltr\" style=\"line-height:1.38;margin-top:18pt;margin-bottom:6pt\"><span style=\"font-size: 16pt;font-family: Arial, sans-serif;background-color: transparent;vertical-align: baseline\">Editor do site<\/span><\/h2><br><p dir=\"ltr\" style=\"line-height:1.38;margin-top:0pt;margin-bottom:0pt\"><span style=\"font-size: 11pt;font-family: Arial, sans-serif;background-color: transparent;vertical-align: baseline\">O site www.myfashionwholesaler \u00e9 editado por<\/span><\/p><br><p dir=\"ltr\" style=\"line-height:1.38;margin-top:0pt;margin-bottom:0pt\"><span style=\"font-size: 11pt;font-family: Arial, sans-serif;background-color: transparent;vertical-align: baseline\">EFOLIX<\/span><\/p><p dir=\"ltr\" style=\"line-height:1.38;margin-top:0pt;margin-bottom:0pt\"><span style=\"font-size: 11pt;font-family: Arial, sans-serif;background-color: transparent;vertical-align: baseline\">5 Rue Dr Herr, 9048 Ettelbruck, LUXEMBOURG<\/span><\/p><p dir=\"ltr\" style=\"line-height:1.38;margin-top:0pt;margin-bottom:0pt\"><span style=\"font-size: 11pt;font-family: Arial, sans-serif;background-color: transparent;vertical-align: baseline\">+<\/span><a href=\"https:\/\/www.google.com\/search?q=efolix&amp;sca_esv=602110905&amp;rlz=1C5CHFA_enFR908FR908&amp;sxsrf=ACQVn085jgn3Zm4mBZZ4BETTe93waJflIg%3A1706427730577&amp;ei=UgW2ZYbqIqS69u8Ptfqj0A0&amp;ved=0ahUKEwiG29zVyv-DAxUknf0HHTX9CNoQ4dUDCBA&amp;uact=5&amp;oq=efolix&amp;gs_lp=Egxnd3Mtd2l6LXNlcnAiBmVmb2xpeDIOEC4YrwEYxwEYgAQYjgUyBBAAGB4yBBAAGB5I5wVQ3ANY_QRwAXgBkAEAmAFzoAHTAaoBAzEuMbgBA8gBAPgBAcICChAAGEcY1gQYsAPCAgQQIxgnwgIFEAAYgATCAgoQABiABBgKGLEDwgIHEAAYgAQYCuIDBBgAIEGIBgGQBgg&amp;sclient=gws-wiz-serp#\"><span style=\"font-size: 10.5pt;font-family: Arial, sans-serif;vertical-align: baseline\">352 20 33 32 33<\/span><\/a><\/p>contact@myfashionwholesaler.com<br><br><p dir=\"ltr\" style=\"line-height:1.38;margin-top:0pt;margin-bottom:0pt\"><span style=\"font-size: 11pt;font-family: Arial, sans-serif;background-color: transparent;vertical-align: baseline\">A EFOLIX est\u00e1 registrada no Registro de Com\u00e9rcio de Luxemburgo sob o N\u00b0 B154-234 e possui o n\u00famero de IVA LU: LU24132344.<\/span><\/p><br><h2 dir=\"ltr\" style=\"line-height:1.38;margin-top:18pt;margin-bottom:6pt\"><span style=\"font-size: 16pt;font-family: Arial, sans-serif;background-color: transparent;vertical-align: baseline\">Diretor da publica\u00e7\u00e3o<\/span><\/h2><br><p dir=\"ltr\" style=\"line-height:1.38;margin-top:0pt;margin-bottom:0pt\"><span style=\"font-size: 11pt;font-family: Arial, sans-serif;background-color: transparent;vertical-align: baseline\">O respons\u00e1vel pela publica\u00e7\u00e3o \u00e9 Bin GUO.&nbsp;<\/span><\/p><br><h2 dir=\"ltr\" style=\"line-height:1.38;margin-top:18pt;margin-bottom:6pt\"><span style=\"font-size: 16pt;font-family: Arial, sans-serif;background-color: transparent;vertical-align: baseline\">Hospedagem do Site<\/span><\/h2><br><p dir=\"ltr\" style=\"line-height:1.38;margin-top:0pt;margin-bottom:0pt\"><span style=\"font-size: 11pt;font-family: Arial, sans-serif;background-color: transparent;vertical-align: baseline\">O site MyFashionWholesaler \u00e9 hospedado pela Efolix.<\/span><\/p><br><br><h2 dir=\"ltr\" style=\"line-height:1.38;margin-top:18pt;margin-bottom:6pt\"><span style=\"font-size: 16pt;font-family: Arial, sans-serif;background-color: transparent;vertical-align: baseline\">Propriedade Intelectual<\/span><\/h2><br><p dir=\"ltr\" style=\"line-height:1.38;margin-top:0pt;margin-bottom:0pt\"><span style=\"font-size: 11pt;font-family: Arial, sans-serif;background-color: transparent;vertical-align: baseline\">Todo o conte\u00fado presente no site myfashionwholesaler.com, incluindo, mas n\u00e3o se limitando a textos, imagens, gr\u00e1ficos, logotipos, \u00edcones, clipes de \u00e1udio e v\u00eddeo, \u00e9 de propriedade exclusiva de myfashionwholesaler.com ou de seus parceiros e est\u00e1 protegido pelas leis luxemburguesas e internacionais relativas \u00e0 propriedade intelectual.<\/span><\/p><br><h2 dir=\"ltr\" style=\"line-height:1.38;margin-top:18pt;margin-bottom:6pt\"><span style=\"font-size: 16pt;font-family: Arial, sans-serif;background-color: transparent;vertical-align: baseline\">Prote\u00e7\u00e3o de Dados Pessoais<\/span><\/h2><br><p dir=\"ltr\" style=\"line-height:1.38;margin-top:0pt;margin-bottom:0pt\"><span style=\"font-size: 11pt;font-family: Arial, sans-serif;background-color: transparent;vertical-align: baseline\">Myfashionwholesaler.com se compromete a proteger a privacidade dos usu\u00e1rios do seu site. Para mais informa\u00e7\u00f5es sobre como coletamos, utilizamos e protegemos seus dados pessoais, consulte nossa Pol\u00edtica de Privacidade.<\/span><\/p><br><h2 dir=\"ltr\" style=\"line-height:1.38;margin-top:18pt;margin-bottom:6pt\"><span style=\"font-size: 16pt;font-family: Arial, sans-serif;background-color: transparent;vertical-align: baseline\">Limita\u00e7\u00e3o da responsabilidade<\/span><\/h2><br><p dir=\"ltr\" style=\"line-height:1.38;margin-top:0pt;margin-bottom:0pt\"><span style=\"font-size: 11pt;font-family: Arial, sans-serif;background-color: transparent;vertical-align: baseline\">Myfashionwholesaler.com se esfor\u00e7a para fornecer informa\u00e7\u00f5es precisas e atualizadas em seu site, mas n\u00e3o pode garantir a exatid\u00e3o e a completude dessas informa\u00e7\u00f5es. Consequentemente, myfashionwholesaler.com declina qualquer responsabilidade por qualquer dano direto ou indireto resultante do uso do site.<\/span><\/p><br><h2 dir=\"ltr\" style=\"line-height:1.38;margin-top:18pt;margin-bottom:6pt\"><span style=\"font-size: 16pt;font-family: Arial, sans-serif;background-color: transparent;vertical-align: baseline\">Contacto<\/span><\/h2><br><p dir=\"ltr\" style=\"line-height:1.38;margin-top:0pt;margin-bottom:0pt\"><span style=\"font-size: 11pt;font-family: Arial, sans-serif;background-color: transparent;vertical-align: baseline\">Para qualquer d\u00favida ou solicita\u00e7\u00e3o referente ao site myfashionwholesaler.com ou a estes avisos legais, entre em contato conosco atrav\u00e9s do seguinte endere\u00e7o:<\/span><\/p><br><p dir=\"ltr\" style=\"line-height:1.38;margin-top:0pt;margin-bottom:0pt\"><span style=\"color: inherit;font-family: var( --e-global-typography-primary-font-family ), Sans-serif;font-size: var( --e-global-typography-primary-font-size );text-align: var(--text-align)\">contact@myfashionwholesaler.com<\/span><\/p><br><br><\/span><\/h2>\t\t\t\t<\/div>\n\t\t\t\t<\/div>\n\t\t\t\t<\/div>\n\t\t\t\t<\/div>\n\t\t","protected":false},"excerpt":{"rendered":"<p>Editor do site O site www.myfashionwholesaler \u00e9 editado por EFOLIX 5 Rue Dr Herr, 9048 Ettelbruck, LUXEMBOURG +352 20 33 32 33 contact@myfashionwholesaler.com A EFOLIX est\u00e1 registrada no Registro de Com\u00e9rcio de Luxemburgo sob o N\u00b0 B154-234 e possui o n\u00famero de IVA LU: LU24132344. Diretor da publica\u00e7\u00e3o O respons\u00e1vel pela publica\u00e7\u00e3o \u00e9 Bin GUO.&nbsp; [&hellip;]<\/p>\n","protected":false},"author":2,"featured_media":0,"parent":0,"menu_order":0,"comment_status":"closed","ping_status":"closed","template":"","meta":{"footnotes":""},"class_list":["post-11048","page","type-page","status-publish","hentry"],"yoast_head":"<!-- This site is optimized with the Yoast SEO plugin v27.5 - https:\/\/yoast.com\/product\/yoast-seo-wordpress\/ -->\n<title>Informa\u00e7\u00e3o jur\u00eddica - My Fashion Wholesaler<\/title>\n<meta name=\"robots\" content=\"index, follow, max-snippet:-1, max-image-preview:large, max-video-preview:-1\" \/>\n<link rel=\"canonical\" href=\"https:\/\/www.myfashionwholesaler.com\/pt-pt\/informacao-juridica\/\" \/>\n<meta property=\"og:locale\" content=\"pt_PT\" \/>\n<meta property=\"og:type\" content=\"article\" \/>\n<meta property=\"og:title\" content=\"Informa\u00e7\u00e3o jur\u00eddica - My Fashion Wholesaler\" \/>\n<meta property=\"og:description\" content=\"Editor do site O site www.myfashionwholesaler \u00e9 editado por EFOLIX 5 Rue Dr Herr, 9048 Ettelbruck, LUXEMBOURG +352 20 33 32 33 contact@myfashionwholesaler.com A EFOLIX est\u00e1 registrada no Registro de Com\u00e9rcio de Luxemburgo sob o N\u00b0 B154-234 e possui o n\u00famero de IVA LU: LU24132344. Diretor da publica\u00e7\u00e3o O respons\u00e1vel pela publica\u00e7\u00e3o \u00e9 Bin GUO.&nbsp; [&hellip;]\" \/>\n<meta property=\"og:url\" content=\"https:\/\/www.myfashionwholesaler.com\/pt-pt\/informacao-juridica\/\" \/>\n<meta property=\"og:site_name\" content=\"My Fashion Wholesaler\" \/>\n<meta property=\"article:publisher\" content=\"https:\/\/www.facebook.com\/Myfashionwholesaler.lu\/\" \/>\n<meta property=\"article:modified_time\" content=\"2025-03-15T11:12:50+00:00\" \/>\n<meta name=\"twitter:card\" content=\"summary_large_image\" \/>\n<meta name=\"twitter:label1\" content=\"Tempo estimado de leitura\" \/>\n\t<meta name=\"twitter:data1\" content=\"1 minuto\" \/>\n<script type=\"application\/ld+json\" class=\"yoast-schema-graph\">{\"@context\":\"https:\\\/\\\/schema.org\",\"@graph\":[{\"@type\":\"WebPage\",\"@id\":\"https:\\\/\\\/www.myfashionwholesaler.com\\\/pt-pt\\\/informacao-juridica\\\/\",\"url\":\"https:\\\/\\\/www.myfashionwholesaler.com\\\/pt-pt\\\/informacao-juridica\\\/\",\"name\":\"Informa\u00e7\u00e3o jur\u00eddica - My Fashion Wholesaler\",\"isPartOf\":{\"@id\":\"https:\\\/\\\/www.myfashionwholesaler.com\\\/pt-pt\\\/#website\"},\"datePublished\":\"2024-02-12T13:23:31+00:00\",\"dateModified\":\"2025-03-15T11:12:50+00:00\",\"breadcrumb\":{\"@id\":\"https:\\\/\\\/www.myfashionwholesaler.com\\\/pt-pt\\\/informacao-juridica\\\/#breadcrumb\"},\"inLanguage\":\"pt-PT\",\"potentialAction\":[{\"@type\":\"ReadAction\",\"target\":[\"https:\\\/\\\/www.myfashionwholesaler.com\\\/pt-pt\\\/informacao-juridica\\\/\"]}]},{\"@type\":\"BreadcrumbList\",\"@id\":\"https:\\\/\\\/www.myfashionwholesaler.com\\\/pt-pt\\\/informacao-juridica\\\/#breadcrumb\",\"itemListElement\":[{\"@type\":\"ListItem\",\"position\":1,\"name\":\"Accueil\",\"item\":\"https:\\\/\\\/www.myfashionwholesaler.com\\\/pt-pt\\\/casa-nova\\\/\"},{\"@type\":\"ListItem\",\"position\":2,\"name\":\"Informa\u00e7\u00e3o jur\u00eddica\"}]},{\"@type\":\"WebSite\",\"@id\":\"https:\\\/\\\/www.myfashionwholesaler.com\\\/pt-pt\\\/#website\",\"url\":\"https:\\\/\\\/www.myfashionwholesaler.com\\\/pt-pt\\\/\",\"name\":\"My Fashion Wholesaler\",\"description\":\"\",\"publisher\":{\"@id\":\"https:\\\/\\\/www.myfashionwholesaler.com\\\/pt-pt\\\/#organization\"},\"potentialAction\":[{\"@type\":\"SearchAction\",\"target\":{\"@type\":\"EntryPoint\",\"urlTemplate\":\"https:\\\/\\\/www.myfashionwholesaler.com\\\/pt-pt\\\/?s={search_term_string}\"},\"query-input\":{\"@type\":\"PropertyValueSpecification\",\"valueRequired\":true,\"valueName\":\"search_term_string\"}}],\"inLanguage\":\"pt-PT\"},{\"@type\":\"Organization\",\"@id\":\"https:\\\/\\\/www.myfashionwholesaler.com\\\/pt-pt\\\/#organization\",\"name\":\"My Fashion Wholesaler\",\"alternateName\":\"My Fashion Wholesaler\",\"url\":\"https:\\\/\\\/www.myfashionwholesaler.com\\\/pt-pt\\\/\",\"logo\":{\"@type\":\"ImageObject\",\"inLanguage\":\"pt-PT\",\"@id\":\"https:\\\/\\\/www.myfashionwholesaler.com\\\/pt-pt\\\/#\\\/schema\\\/logo\\\/image\\\/\",\"url\":\"https:\\\/\\\/www.myfashionwholesaler.com\\\/wp-content\\\/uploads\\\/2023\\\/08\\\/Logo_MFW_color_WhiteText_Plan-de-travail-1-11.webp\",\"contentUrl\":\"https:\\\/\\\/www.myfashionwholesaler.com\\\/wp-content\\\/uploads\\\/2023\\\/08\\\/Logo_MFW_color_WhiteText_Plan-de-travail-1-11.webp\",\"width\":226,\"height\":214,\"caption\":\"My Fashion Wholesaler\"},\"image\":{\"@id\":\"https:\\\/\\\/www.myfashionwholesaler.com\\\/pt-pt\\\/#\\\/schema\\\/logo\\\/image\\\/\"},\"sameAs\":[\"https:\\\/\\\/www.facebook.com\\\/Myfashionwholesaler.lu\\\/\",\"https:\\\/\\\/www.instagram.com\\\/myfashionwholesaler\\\/\"]}]}<\/script>\n<!-- \/ Yoast SEO plugin. -->","yoast_head_json":{"title":"Informa\u00e7\u00e3o jur\u00eddica - My Fashion Wholesaler","robots":{"index":"index","follow":"follow","max-snippet":"max-snippet:-1","max-image-preview":"max-image-preview:large","max-video-preview":"max-video-preview:-1"},"canonical":"https:\/\/www.myfashionwholesaler.com\/pt-pt\/informacao-juridica\/","og_locale":"pt_PT","og_type":"article","og_title":"Informa\u00e7\u00e3o jur\u00eddica - My Fashion Wholesaler","og_description":"Editor do site O site www.myfashionwholesaler \u00e9 editado por EFOLIX 5 Rue Dr Herr, 9048 Ettelbruck, LUXEMBOURG +352 20 33 32 33 contact@myfashionwholesaler.com A EFOLIX est\u00e1 registrada no Registro de Com\u00e9rcio de Luxemburgo sob o N\u00b0 B154-234 e possui o n\u00famero de IVA LU: LU24132344. Diretor da publica\u00e7\u00e3o O respons\u00e1vel pela publica\u00e7\u00e3o \u00e9 Bin GUO.&nbsp; [&hellip;]","og_url":"https:\/\/www.myfashionwholesaler.com\/pt-pt\/informacao-juridica\/","og_site_name":"My Fashion Wholesaler","article_publisher":"https:\/\/www.facebook.com\/Myfashionwholesaler.lu\/","article_modified_time":"2025-03-15T11:12:50+00:00","twitter_card":"summary_large_image","twitter_misc":{"Tempo estimado de leitura":"1 minuto"},"schema":{"@context":"https:\/\/schema.org","@graph":[{"@type":"WebPage","@id":"https:\/\/www.myfashionwholesaler.com\/pt-pt\/informacao-juridica\/","url":"https:\/\/www.myfashionwholesaler.com\/pt-pt\/informacao-juridica\/","name":"Informa\u00e7\u00e3o jur\u00eddica - My Fashion Wholesaler","isPartOf":{"@id":"https:\/\/www.myfashionwholesaler.com\/pt-pt\/#website"},"datePublished":"2024-02-12T13:23:31+00:00","dateModified":"2025-03-15T11:12:50+00:00","breadcrumb":{"@id":"https:\/\/www.myfashionwholesaler.com\/pt-pt\/informacao-juridica\/#breadcrumb"},"inLanguage":"pt-PT","potentialAction":[{"@type":"ReadAction","target":["https:\/\/www.myfashionwholesaler.com\/pt-pt\/informacao-juridica\/"]}]},{"@type":"BreadcrumbList","@id":"https:\/\/www.myfashionwholesaler.com\/pt-pt\/informacao-juridica\/#breadcrumb","itemListElement":[{"@type":"ListItem","position":1,"name":"Accueil","item":"https:\/\/www.myfashionwholesaler.com\/pt-pt\/casa-nova\/"},{"@type":"ListItem","position":2,"name":"Informa\u00e7\u00e3o jur\u00eddica"}]},{"@type":"WebSite","@id":"https:\/\/www.myfashionwholesaler.com\/pt-pt\/#website","url":"https:\/\/www.myfashionwholesaler.com\/pt-pt\/","name":"My Fashion Wholesaler","description":"","publisher":{"@id":"https:\/\/www.myfashionwholesaler.com\/pt-pt\/#organization"},"potentialAction":[{"@type":"SearchAction","target":{"@type":"EntryPoint","urlTemplate":"https:\/\/www.myfashionwholesaler.com\/pt-pt\/?s={search_term_string}"},"query-input":{"@type":"PropertyValueSpecification","valueRequired":true,"valueName":"search_term_string"}}],"inLanguage":"pt-PT"},{"@type":"Organization","@id":"https:\/\/www.myfashionwholesaler.com\/pt-pt\/#organization","name":"My Fashion Wholesaler","alternateName":"My Fashion Wholesaler","url":"https:\/\/www.myfashionwholesaler.com\/pt-pt\/","logo":{"@type":"ImageObject","inLanguage":"pt-PT","@id":"https:\/\/www.myfashionwholesaler.com\/pt-pt\/#\/schema\/logo\/image\/","url":"https:\/\/www.myfashionwholesaler.com\/wp-content\/uploads\/2023\/08\/Logo_MFW_color_WhiteText_Plan-de-travail-1-11.webp","contentUrl":"https:\/\/www.myfashionwholesaler.com\/wp-content\/uploads\/2023\/08\/Logo_MFW_color_WhiteText_Plan-de-travail-1-11.webp","width":226,"height":214,"caption":"My Fashion Wholesaler"},"image":{"@id":"https:\/\/www.myfashionwholesaler.com\/pt-pt\/#\/schema\/logo\/image\/"},"sameAs":["https:\/\/www.facebook.com\/Myfashionwholesaler.lu\/","https:\/\/www.instagram.com\/myfashionwholesaler\/"]}]}},"_links":{"self":[{"href":"https:\/\/www.myfashionwholesaler.com\/pt-pt\/wp-json\/wp\/v2\/pages\/11048","targetHints":{"allow":["GET"]}}],"collection":[{"href":"https:\/\/www.myfashionwholesaler.com\/pt-pt\/wp-json\/wp\/v2\/pages"}],"about":[{"href":"https:\/\/www.myfashionwholesaler.com\/pt-pt\/wp-json\/wp\/v2\/types\/page"}],"author":[{"embeddable":true,"href":"https:\/\/www.myfashionwholesaler.com\/pt-pt\/wp-json\/wp\/v2\/users\/2"}],"replies":[{"embeddable":true,"href":"https:\/\/www.myfashionwholesaler.com\/pt-pt\/wp-json\/wp\/v2\/comments?post=11048"}],"version-history":[{"count":0,"href":"https:\/\/www.myfashionwholesaler.com\/pt-pt\/wp-json\/wp\/v2\/pages\/11048\/revisions"}],"wp:attachment":[{"href":"https:\/\/www.myfashionwholesaler.com\/pt-pt\/wp-json\/wp\/v2\/media?parent=11048"}],"curies":[{"name":"wp","href":"https:\/\/api.w.org\/{rel}","templated":true}]}}