{"id":11891,"date":"2024-02-12T13:23:31","date_gmt":"2024-02-12T13:23:31","guid":{"rendered":"https:\/\/www.myfashionwholesaler.com\/yasal-bilgiler\/"},"modified":"2024-06-04T13:51:09","modified_gmt":"2024-06-04T13:51:09","slug":"yasal-bilgiler","status":"publish","type":"page","link":"https:\/\/www.myfashionwholesaler.com\/tr\/yasal-bilgiler\/","title":{"rendered":"Yasal bilgiler"},"content":{"rendered":"\t\t<div data-elementor-type=\"wp-page\" data-elementor-id=\"11891\" class=\"elementor elementor-11891 elementor-11020\" data-elementor-post-type=\"page\">\n\t\t\t\t<div class=\"elementor-element elementor-element-aed0fec e-flex e-con-boxed e-con e-parent\" data-id=\"aed0fec\" data-element_type=\"container\" data-e-type=\"container\">\n\t\t\t\t\t<div class=\"e-con-inner\">\n\t\t\t\t\t<\/div>\n\t\t\t\t<\/div>\n\t\t<div class=\"elementor-element elementor-element-461a18a e-con-full e-flex e-con e-parent\" data-id=\"461a18a\" data-element_type=\"container\" data-e-type=\"container\">\n\t\t\t\t<div class=\"elementor-element elementor-element-34b3c99 elementor-widget elementor-widget-heading\" data-id=\"34b3c99\" data-element_type=\"widget\" data-e-type=\"widget\" data-widget_type=\"heading.default\">\n\t\t\t\t<div class=\"elementor-widget-container\">\n\t\t\t\t\t<h2 class=\"elementor-heading-title elementor-size-default\"><span style=\"font-weight:normal\"><h2 dir=\"ltr\" style=\"line-height:1.38;margin-top:18pt;margin-bottom:6pt\"><span style=\"font-size: 16pt;font-family: Arial, sans-serif;background-color: transparent;vertical-align: baseline\">Site yay\u0131nc\u0131s\u0131<\/span><\/h2><br><p dir=\"ltr\" style=\"line-height:1.38;margin-top:0pt;margin-bottom:0pt\"><span style=\"font-size: 11pt;font-family: Arial, sans-serif;background-color: transparent;vertical-align: baseline\">www.myfashionwholesaler web sitesi<\/span><\/p><br><p dir=\"ltr\" style=\"line-height:1.38;margin-top:0pt;margin-bottom:0pt\"><span style=\"font-size: 11pt;font-family: Arial, sans-serif;background-color: transparent;vertical-align: baseline\">EFOLIX taraf\u0131ndan yay\u0131nlanmaktad\u0131r.<\/span><\/p><p dir=\"ltr\" style=\"line-height:1.38;margin-top:0pt;margin-bottom:0pt\"><span style=\"font-size: 11pt;font-family: Arial, sans-serif;background-color: transparent;vertical-align: baseline\">5 Rue Dr Herr, 9048 Ettelbruck, LUXEMBOURG<\/span><\/p><p dir=\"ltr\" style=\"line-height:1.38;margin-top:0pt;margin-bottom:0pt\"><span style=\"font-size: 11pt;font-family: Arial, sans-serif;background-color: transparent;vertical-align: baseline\">+<\/span><a href=\"https:\/\/www.google.com\/search?q=efolix&amp;sca_esv=602110905&amp;rlz=1C5CHFA_enFR908FR908&amp;sxsrf=ACQVn085jgn3Zm4mBZZ4BETTe93waJflIg%3A1706427730577&amp;ei=UgW2ZYbqIqS69u8Ptfqj0A0&amp;ved=0ahUKEwiG29zVyv-DAxUknf0HHTX9CNoQ4dUDCBA&amp;uact=5&amp;oq=efolix&amp;gs_lp=Egxnd3Mtd2l6LXNlcnAiBmVmb2xpeDIOEC4YrwEYxwEYgAQYjgUyBBAAGB4yBBAAGB5I5wVQ3ANY_QRwAXgBkAEAmAFzoAHTAaoBAzEuMbgBA8gBAPgBAcICChAAGEcY1gQYsAPCAgQQIxgnwgIFEAAYgATCAgoQABiABBgKGLEDwgIHEAAYgAQYCuIDBBgAIEGIBgGQBgg&amp;sclient=gws-wiz-serp#\"><span style=\"font-size: 10.5pt;font-family: Arial, sans-serif;vertical-align: baseline\">352 20 33 32 33<\/span><\/a><\/p>contact@myfashionwholesaler.com<br><br><p dir=\"ltr\" style=\"line-height:1.38;margin-top:0pt;margin-bottom:0pt\"><span style=\"font-size: 11pt;font-family: Arial, sans-serif;background-color: transparent;vertical-align: baseline\">EFOLIX, L\u00fcksemburg Ticaret Siciline B154-234 numara ile kay\u0131tl\u0131d\u0131r, KDV numaras\u0131 LU: LU24132344't\u00fcr.<\/span><\/p><br><h2 dir=\"ltr\" style=\"line-height:1.38;margin-top:18pt;margin-bottom:6pt\"><span style=\"font-size: 16pt;font-family: Arial, sans-serif;background-color: transparent;vertical-align: baseline\">Yay\u0131n Direkt\u00f6r\u00fc<\/span><\/h2><br><p dir=\"ltr\" style=\"line-height:1.38;margin-top:0pt;margin-bottom:0pt\"><span style=\"font-size: 11pt;font-family: Arial, sans-serif;background-color: transparent;vertical-align: baseline\">Yay\u0131ndan sorumlu ki\u015fi Bin GUO'dur.&nbsp;<\/span><\/p><br><h2 dir=\"ltr\" style=\"line-height:1.38;margin-top:18pt;margin-bottom:6pt\"><span style=\"font-size: 16pt;font-family: Arial, sans-serif;background-color: transparent;vertical-align: baseline\">Site sahibi<\/span><\/h2><br><p dir=\"ltr\" style=\"line-height:1.38;margin-top:0pt;margin-bottom:0pt\"><span style=\"font-size: 11pt;font-family: Arial, sans-serif;background-color: transparent;vertical-align: baseline\">myfashionwholesaler web sitesi Efolix taraf\u0131ndan sunulmaktad\u0131r.<\/span><\/p><br><br><h2 dir=\"ltr\" style=\"line-height:1.38;margin-top:18pt;margin-bottom:6pt\"><span style=\"font-size: 16pt;font-family: Arial, sans-serif;background-color: transparent;vertical-align: baseline\">Fikri M\u00fclkiyet<\/span><\/h2><br><p dir=\"ltr\" style=\"line-height:1.38;margin-top:0pt;margin-bottom:0pt\"><span style=\"font-size: 11pt;font-family: Arial, sans-serif;background-color: transparent;vertical-align: baseline\">myfashionwholesaler.com web sitesindeki metin, resim, grafik, logo, ikon, ses ve video klipler dahil ancak bunlarla s\u0131n\u0131rl\u0131 olmamak \u00fczere t\u00fcm i\u00e7erik myfashionwholesaler.com veya ortaklar\u0131n\u0131n m\u00fcnhas\u0131r m\u00fclkiyetindedir ve L\u00fcksemburg ve uluslararas\u0131 fikri m\u00fclkiyet yasalar\u0131 taraf\u0131ndan korunmaktad\u0131r.<\/span><\/p><br><h2 dir=\"ltr\" style=\"line-height:1.38;margin-top:18pt;margin-bottom:6pt\"><span style=\"font-size: 16pt;font-family: Arial, sans-serif;background-color: transparent;vertical-align: baseline\">Ki\u015fisel Verilerin Korunmas\u0131<\/span><\/h2><br><p dir=\"ltr\" style=\"line-height:1.38;margin-top:0pt;margin-bottom:0pt\"><span style=\"font-size: 11pt;font-family: Arial, sans-serif;background-color: transparent;vertical-align: baseline\">Myfashionwholesaler.com, site kullan\u0131c\u0131lar\u0131n\u0131n gizlili\u011fini korumay\u0131 taahh\u00fct eder. Ki\u015fisel verilerinizi nas\u0131l toplad\u0131\u011f\u0131m\u0131z, kulland\u0131\u011f\u0131m\u0131z ve korudu\u011fumuz hakk\u0131nda daha fazla bilgi i\u00e7in l\u00fctfen Gizlilik Politikam\u0131za bak\u0131n.<\/span><\/p><br><h2 dir=\"ltr\" style=\"line-height:1.38;margin-top:18pt;margin-bottom:6pt\"><span style=\"font-size: 16pt;font-family: Arial, sans-serif;background-color: transparent;vertical-align: baseline\">Sorumlulu\u011fun s\u0131n\u0131rland\u0131r\u0131lmas\u0131<\/span><\/h2><br><p dir=\"ltr\" style=\"line-height:1.38;margin-top:0pt;margin-bottom:0pt\"><span style=\"font-size: 11pt;font-family: Arial, sans-serif;background-color: transparent;vertical-align: baseline\">Myfashionwholesaler.com, sitesinde do\u011fru ve g\u00fcncel bilgiler sa\u011flamaya \u00e7al\u0131\u015fmaktad\u0131r, ancak bu bilgilerin do\u011frulu\u011funu ve eksiksizli\u011fini garanti edemez. Sonu\u00e7 olarak, myfashionwholesaler.com, sitenin kullan\u0131m\u0131ndan kaynaklanan do\u011frudan veya dolayl\u0131 herhangi bir zarar i\u00e7in t\u00fcm sorumlulu\u011fu reddeder.<\/span><\/p><br><h2 dir=\"ltr\" style=\"line-height:1.38;margin-top:18pt;margin-bottom:6pt\"><span style=\"font-size: 16pt;font-family: Arial, sans-serif;background-color: transparent;vertical-align: baseline\">\u0130leti\u015fim<\/span><\/h2><br><p dir=\"ltr\" style=\"line-height:1.38;margin-top:0pt;margin-bottom:0pt\"><span style=\"font-size: 11pt;font-family: Arial, sans-serif;background-color: transparent;vertical-align: baseline\">myfashionwholesaler.com web sitesi veya bu yasal bildirimlerle ilgili herhangi bir sorunuz veya talebiniz varsa, l\u00fctfen a\u015fa\u011f\u0131daki adresten bizimle ileti\u015fime ge\u00e7in:<\/span><\/p><br><p dir=\"ltr\" style=\"line-height:1.38;margin-top:0pt;margin-bottom:0pt\"><span style=\"color: inherit;font-family: var( --e-global-typography-primary-font-family ), Sans-serif;font-size: var( --e-global-typography-primary-font-size );text-align: var(--text-align)\">contact@myfashionwholesaler.com<\/span><\/p><br><br><\/span><\/h2>\t\t\t\t<\/div>\n\t\t\t\t<\/div>\n\t\t\t\t<\/div>\n\t\t\t\t<\/div>\n\t\t","protected":false},"excerpt":{"rendered":"<p>Site yay\u0131nc\u0131s\u0131 www.myfashionwholesaler web sitesi EFOLIX taraf\u0131ndan yay\u0131nlanmaktad\u0131r. 5 Rue Dr Herr, 9048 Ettelbruck, LUXEMBOURG +352 20 33 32 33 contact@myfashionwholesaler.com EFOLIX, L\u00fcksemburg Ticaret Siciline B154-234 numara ile kay\u0131tl\u0131d\u0131r, KDV numaras\u0131 LU: LU24132344&#8217;t\u00fcr. Yay\u0131n Direkt\u00f6r\u00fc Yay\u0131ndan sorumlu ki\u015fi Bin GUO&#8217;dur.&nbsp; Site sahibi myfashionwholesaler web sitesi Efolix taraf\u0131ndan sunulmaktad\u0131r. Fikri M\u00fclkiyet myfashionwholesaler.com web sitesindeki metin, resim, [&hellip;]<\/p>\n","protected":false},"author":2,"featured_media":0,"parent":0,"menu_order":0,"comment_status":"closed","ping_status":"closed","template":"","meta":{"footnotes":""},"class_list":["post-11891","page","type-page","status-publish","hentry"],"yoast_head":"<!-- This site is optimized with the Yoast SEO plugin v27.3 - https:\/\/yoast.com\/product\/yoast-seo-wordpress\/ -->\n<title>Yasal bilgiler - My Fashion Wholesaler<\/title>\n<meta name=\"robots\" content=\"index, follow, max-snippet:-1, max-image-preview:large, max-video-preview:-1\" \/>\n<link rel=\"canonical\" href=\"https:\/\/www.myfashionwholesaler.com\/tr\/yasal-bilgiler\/\" \/>\n<meta property=\"og:locale\" content=\"tr_TR\" \/>\n<meta property=\"og:type\" content=\"article\" \/>\n<meta property=\"og:title\" content=\"Yasal bilgiler - My Fashion Wholesaler\" \/>\n<meta property=\"og:description\" content=\"Site yay\u0131nc\u0131s\u0131 www.myfashionwholesaler web sitesi EFOLIX taraf\u0131ndan yay\u0131nlanmaktad\u0131r. 5 Rue Dr Herr, 9048 Ettelbruck, LUXEMBOURG +352 20 33 32 33 contact@myfashionwholesaler.com EFOLIX, L\u00fcksemburg Ticaret Siciline B154-234 numara ile kay\u0131tl\u0131d\u0131r, KDV numaras\u0131 LU: LU24132344&#8217;t\u00fcr. Yay\u0131n Direkt\u00f6r\u00fc Yay\u0131ndan sorumlu ki\u015fi Bin GUO&#8217;dur.&nbsp; Site sahibi myfashionwholesaler web sitesi Efolix taraf\u0131ndan sunulmaktad\u0131r. Fikri M\u00fclkiyet myfashionwholesaler.com web sitesindeki metin, resim, [&hellip;]\" \/>\n<meta property=\"og:url\" content=\"https:\/\/www.myfashionwholesaler.com\/tr\/yasal-bilgiler\/\" \/>\n<meta property=\"og:site_name\" content=\"My Fashion Wholesaler\" \/>\n<meta property=\"article:publisher\" content=\"https:\/\/www.facebook.com\/Myfashionwholesaler.lu\/\" \/>\n<meta property=\"article:modified_time\" content=\"2024-06-04T13:51:09+00:00\" \/>\n<meta name=\"twitter:card\" content=\"summary_large_image\" \/>\n<meta name=\"twitter:label1\" content=\"Tahmini okuma s\u00fcresi\" \/>\n\t<meta name=\"twitter:data1\" content=\"1 dakika\" \/>\n<script type=\"application\/ld+json\" class=\"yoast-schema-graph\">{\"@context\":\"https:\\\/\\\/schema.org\",\"@graph\":[{\"@type\":\"WebPage\",\"@id\":\"https:\\\/\\\/www.myfashionwholesaler.com\\\/tr\\\/yasal-bilgiler\\\/\",\"url\":\"https:\\\/\\\/www.myfashionwholesaler.com\\\/tr\\\/yasal-bilgiler\\\/\",\"name\":\"Yasal bilgiler - My Fashion Wholesaler\",\"isPartOf\":{\"@id\":\"https:\\\/\\\/www.myfashionwholesaler.com\\\/tr\\\/#website\"},\"datePublished\":\"2024-02-12T13:23:31+00:00\",\"dateModified\":\"2024-06-04T13:51:09+00:00\",\"breadcrumb\":{\"@id\":\"https:\\\/\\\/www.myfashionwholesaler.com\\\/tr\\\/yasal-bilgiler\\\/#breadcrumb\"},\"inLanguage\":\"tr\",\"potentialAction\":[{\"@type\":\"ReadAction\",\"target\":[\"https:\\\/\\\/www.myfashionwholesaler.com\\\/tr\\\/yasal-bilgiler\\\/\"]}]},{\"@type\":\"BreadcrumbList\",\"@id\":\"https:\\\/\\\/www.myfashionwholesaler.com\\\/tr\\\/yasal-bilgiler\\\/#breadcrumb\",\"itemListElement\":[{\"@type\":\"ListItem\",\"position\":1,\"name\":\"Accueil\",\"item\":\"https:\\\/\\\/www.myfashionwholesaler.com\\\/tr\\\/\"},{\"@type\":\"ListItem\",\"position\":2,\"name\":\"Yasal bilgiler\"}]},{\"@type\":\"WebSite\",\"@id\":\"https:\\\/\\\/www.myfashionwholesaler.com\\\/tr\\\/#website\",\"url\":\"https:\\\/\\\/www.myfashionwholesaler.com\\\/tr\\\/\",\"name\":\"My Fashion Wholesaler\",\"description\":\"\",\"publisher\":{\"@id\":\"https:\\\/\\\/www.myfashionwholesaler.com\\\/tr\\\/#organization\"},\"potentialAction\":[{\"@type\":\"SearchAction\",\"target\":{\"@type\":\"EntryPoint\",\"urlTemplate\":\"https:\\\/\\\/www.myfashionwholesaler.com\\\/tr\\\/?s={search_term_string}\"},\"query-input\":{\"@type\":\"PropertyValueSpecification\",\"valueRequired\":true,\"valueName\":\"search_term_string\"}}],\"inLanguage\":\"tr\"},{\"@type\":\"Organization\",\"@id\":\"https:\\\/\\\/www.myfashionwholesaler.com\\\/tr\\\/#organization\",\"name\":\"My Fashion Wholesaler\",\"alternateName\":\"My Fashion Wholesaler\",\"url\":\"https:\\\/\\\/www.myfashionwholesaler.com\\\/tr\\\/\",\"logo\":{\"@type\":\"ImageObject\",\"inLanguage\":\"tr\",\"@id\":\"https:\\\/\\\/www.myfashionwholesaler.com\\\/tr\\\/#\\\/schema\\\/logo\\\/image\\\/\",\"url\":\"https:\\\/\\\/www.myfashionwholesaler.com\\\/wp-content\\\/uploads\\\/2023\\\/08\\\/Logo_MFW_color_WhiteText_Plan-de-travail-1-11.webp\",\"contentUrl\":\"https:\\\/\\\/www.myfashionwholesaler.com\\\/wp-content\\\/uploads\\\/2023\\\/08\\\/Logo_MFW_color_WhiteText_Plan-de-travail-1-11.webp\",\"width\":226,\"height\":214,\"caption\":\"My Fashion Wholesaler\"},\"image\":{\"@id\":\"https:\\\/\\\/www.myfashionwholesaler.com\\\/tr\\\/#\\\/schema\\\/logo\\\/image\\\/\"},\"sameAs\":[\"https:\\\/\\\/www.facebook.com\\\/Myfashionwholesaler.lu\\\/\",\"https:\\\/\\\/www.instagram.com\\\/myfashionwholesaler\\\/\"]}]}<\/script>\n<!-- \/ Yoast SEO plugin. -->","yoast_head_json":{"title":"Yasal bilgiler - My Fashion Wholesaler","robots":{"index":"index","follow":"follow","max-snippet":"max-snippet:-1","max-image-preview":"max-image-preview:large","max-video-preview":"max-video-preview:-1"},"canonical":"https:\/\/www.myfashionwholesaler.com\/tr\/yasal-bilgiler\/","og_locale":"tr_TR","og_type":"article","og_title":"Yasal bilgiler - My Fashion Wholesaler","og_description":"Site yay\u0131nc\u0131s\u0131 www.myfashionwholesaler web sitesi EFOLIX taraf\u0131ndan yay\u0131nlanmaktad\u0131r. 5 Rue Dr Herr, 9048 Ettelbruck, LUXEMBOURG +352 20 33 32 33 contact@myfashionwholesaler.com EFOLIX, L\u00fcksemburg Ticaret Siciline B154-234 numara ile kay\u0131tl\u0131d\u0131r, KDV numaras\u0131 LU: LU24132344&#8217;t\u00fcr. Yay\u0131n Direkt\u00f6r\u00fc Yay\u0131ndan sorumlu ki\u015fi Bin GUO&#8217;dur.&nbsp; Site sahibi myfashionwholesaler web sitesi Efolix taraf\u0131ndan sunulmaktad\u0131r. Fikri M\u00fclkiyet myfashionwholesaler.com web sitesindeki metin, resim, [&hellip;]","og_url":"https:\/\/www.myfashionwholesaler.com\/tr\/yasal-bilgiler\/","og_site_name":"My Fashion Wholesaler","article_publisher":"https:\/\/www.facebook.com\/Myfashionwholesaler.lu\/","article_modified_time":"2024-06-04T13:51:09+00:00","twitter_card":"summary_large_image","twitter_misc":{"Tahmini okuma s\u00fcresi":"1 dakika"},"schema":{"@context":"https:\/\/schema.org","@graph":[{"@type":"WebPage","@id":"https:\/\/www.myfashionwholesaler.com\/tr\/yasal-bilgiler\/","url":"https:\/\/www.myfashionwholesaler.com\/tr\/yasal-bilgiler\/","name":"Yasal bilgiler - My Fashion Wholesaler","isPartOf":{"@id":"https:\/\/www.myfashionwholesaler.com\/tr\/#website"},"datePublished":"2024-02-12T13:23:31+00:00","dateModified":"2024-06-04T13:51:09+00:00","breadcrumb":{"@id":"https:\/\/www.myfashionwholesaler.com\/tr\/yasal-bilgiler\/#breadcrumb"},"inLanguage":"tr","potentialAction":[{"@type":"ReadAction","target":["https:\/\/www.myfashionwholesaler.com\/tr\/yasal-bilgiler\/"]}]},{"@type":"BreadcrumbList","@id":"https:\/\/www.myfashionwholesaler.com\/tr\/yasal-bilgiler\/#breadcrumb","itemListElement":[{"@type":"ListItem","position":1,"name":"Accueil","item":"https:\/\/www.myfashionwholesaler.com\/tr\/"},{"@type":"ListItem","position":2,"name":"Yasal bilgiler"}]},{"@type":"WebSite","@id":"https:\/\/www.myfashionwholesaler.com\/tr\/#website","url":"https:\/\/www.myfashionwholesaler.com\/tr\/","name":"My Fashion Wholesaler","description":"","publisher":{"@id":"https:\/\/www.myfashionwholesaler.com\/tr\/#organization"},"potentialAction":[{"@type":"SearchAction","target":{"@type":"EntryPoint","urlTemplate":"https:\/\/www.myfashionwholesaler.com\/tr\/?s={search_term_string}"},"query-input":{"@type":"PropertyValueSpecification","valueRequired":true,"valueName":"search_term_string"}}],"inLanguage":"tr"},{"@type":"Organization","@id":"https:\/\/www.myfashionwholesaler.com\/tr\/#organization","name":"My Fashion Wholesaler","alternateName":"My Fashion Wholesaler","url":"https:\/\/www.myfashionwholesaler.com\/tr\/","logo":{"@type":"ImageObject","inLanguage":"tr","@id":"https:\/\/www.myfashionwholesaler.com\/tr\/#\/schema\/logo\/image\/","url":"https:\/\/www.myfashionwholesaler.com\/wp-content\/uploads\/2023\/08\/Logo_MFW_color_WhiteText_Plan-de-travail-1-11.webp","contentUrl":"https:\/\/www.myfashionwholesaler.com\/wp-content\/uploads\/2023\/08\/Logo_MFW_color_WhiteText_Plan-de-travail-1-11.webp","width":226,"height":214,"caption":"My Fashion Wholesaler"},"image":{"@id":"https:\/\/www.myfashionwholesaler.com\/tr\/#\/schema\/logo\/image\/"},"sameAs":["https:\/\/www.facebook.com\/Myfashionwholesaler.lu\/","https:\/\/www.instagram.com\/myfashionwholesaler\/"]}]}},"_links":{"self":[{"href":"https:\/\/www.myfashionwholesaler.com\/tr\/wp-json\/wp\/v2\/pages\/11891","targetHints":{"allow":["GET"]}}],"collection":[{"href":"https:\/\/www.myfashionwholesaler.com\/tr\/wp-json\/wp\/v2\/pages"}],"about":[{"href":"https:\/\/www.myfashionwholesaler.com\/tr\/wp-json\/wp\/v2\/types\/page"}],"author":[{"embeddable":true,"href":"https:\/\/www.myfashionwholesaler.com\/tr\/wp-json\/wp\/v2\/users\/2"}],"replies":[{"embeddable":true,"href":"https:\/\/www.myfashionwholesaler.com\/tr\/wp-json\/wp\/v2\/comments?post=11891"}],"version-history":[{"count":0,"href":"https:\/\/www.myfashionwholesaler.com\/tr\/wp-json\/wp\/v2\/pages\/11891\/revisions"}],"wp:attachment":[{"href":"https:\/\/www.myfashionwholesaler.com\/tr\/wp-json\/wp\/v2\/media?parent=11891"}],"curies":[{"name":"wp","href":"https:\/\/api.w.org\/{rel}","templated":true}]}}