{"id":11921,"date":"2023-08-26T09:48:57","date_gmt":"2023-08-26T09:48:57","guid":{"rendered":"https:\/\/www.myfashionwholesaler.com\/toptanci-bilgilerinin-guncellenmesi\/"},"modified":"2024-07-12T03:22:05","modified_gmt":"2024-07-12T03:22:05","slug":"toptanci-bilgilerinin-guncellenmesi","status":"publish","type":"page","link":"https:\/\/www.myfashionwholesaler.com\/tr\/toptanci-bilgilerinin-guncellenmesi\/","title":{"rendered":"Toptanc\u0131 Bilgilerinin G\u00fcncellenmesi"},"content":{"rendered":"\t\t<div data-elementor-type=\"wp-page\" data-elementor-id=\"11921\" class=\"elementor elementor-11921 elementor-774\" data-elementor-post-type=\"page\">\n\t\t\t\t<div class=\"elementor-element elementor-element-755abfb e-con-full e-flex e-con e-parent\" data-id=\"755abfb\" data-element_type=\"container\" data-e-type=\"container\" data-settings=\"{&quot;background_background&quot;:&quot;classic&quot;}\">\n\t\t<div class=\"elementor-element elementor-element-f1fa4ed e-flex e-con-boxed e-con e-child\" data-id=\"f1fa4ed\" data-element_type=\"container\" data-e-type=\"container\">\n\t\t\t\t\t<div class=\"e-con-inner\">\n\t\t\t\t<div class=\"elementor-element elementor-element-0d3d571 elementor-hidden-mobile elementor-widget elementor-widget-image\" data-id=\"0d3d571\" data-element_type=\"widget\" data-e-type=\"widget\" data-widget_type=\"image.default\">\n\t\t\t\t<div class=\"elementor-widget-container\">\n\t\t\t\t\t\t\t\t\t\t\t\t\t\t\t<img decoding=\"async\" width=\"226\" height=\"214\" src=\"https:\/\/www.myfashionwholesaler.com\/wp-content\/uploads\/2023\/08\/Logo_MFW_color_WhiteText_Plan-de-travail-1-11.webp\" class=\"attachment-large size-large wp-image-11899\" alt=\"\" \/>\t\t\t\t\t\t\t\t\t\t\t\t\t\t\t<\/div>\n\t\t\t\t<\/div>\n\t\t\t\t\t<\/div>\n\t\t\t\t<\/div>\n\t\t<div class=\"elementor-element elementor-element-eea8c62 e-flex e-con-boxed e-con e-child\" data-id=\"eea8c62\" data-element_type=\"container\" data-e-type=\"container\" data-settings=\"{&quot;background_background&quot;:&quot;classic&quot;}\">\n\t\t\t\t\t<div class=\"e-con-inner\">\n\t\t\t\t<div class=\"elementor-element elementor-element-fe220c3 elementor-widget__width-initial elementor-widget elementor-widget-heading\" data-id=\"fe220c3\" data-element_type=\"widget\" data-e-type=\"widget\" data-widget_type=\"heading.default\">\n\t\t\t\t<div class=\"elementor-widget-container\">\n\t\t\t\t\t<h2 class=\"elementor-heading-title elementor-size-default\"><span style=\"color: #EA5B51\">Merhaba, <\/span><span id=\"wholesalerName\"><\/span><\/h2>\t\t\t\t<\/div>\n\t\t\t\t<\/div>\n\t\t\t\t\t<\/div>\n\t\t\t\t<\/div>\n\t\t\t\t<\/div>\n\t\t<div class=\"elementor-element elementor-element-7d8abca e-con-full e-flex e-con e-parent\" data-id=\"7d8abca\" data-element_type=\"container\" data-e-type=\"container\" data-settings=\"{&quot;background_background&quot;:&quot;classic&quot;}\">\n\t\t<div class=\"elementor-element elementor-element-6447f3b e-con-full e-flex e-con e-child\" data-id=\"6447f3b\" data-element_type=\"container\" data-e-type=\"container\" data-settings=\"{&quot;background_background&quot;:&quot;classic&quot;}\">\n\t\t\t\t<div class=\"elementor-element elementor-element-51e43a1 elementor-widget__width-inherit elementor-widget elementor-widget-html\" data-id=\"51e43a1\" data-element_type=\"widget\" data-e-type=\"widget\" data-widget_type=\"html.default\">\n\t\t\t\t<div class=\"elementor-widget-container\">\n\t\t\t\t\t<html>\n  <div id=\"iframeContainer\" class=\"container\" >\n    <img decoding=\"async\" class=\"loadingIcon\" src=\"data:image\/png;base64,iVBORw0KGgoAAAANSUhEUgAAADAAAAAwCAYAAABXAvmHAAAACXBIWXMAABYlAAAWJQFJUiTwAAAAAXNSR0IArs4c6QAAAARnQU1BAACxjwv8YQUAAANGSURBVHgB7ZkxaxRBFMf\/icZojBqJYBQCR4pYaEBIlVRBGwstRJCkiyB+AT9A9BuIWFmli52iNhYmZ6VlBC1iESOKBOHMmaCnMRjfn5nF427fzOBO9jZwP\/hzdztv9+bNm3kzOwPsDBOiBdGaaNt+n8YuYQam0mmaQcGZhl75RBMoMOwqPgcWUGC2A7SGiOwNsDkkGrWfG6J3os+KbVXUhxzxOTAlugFT+XruWzWyCH8fX0RE9jjKWPmbou6UMkaE0XjTcP0D\/OnyNiI6oTnAFr+F5pavZ1w0J9qsu7Yi6oAeBVb+DiKiOcDKXYGfCpqjUIaJRJ\/VT9Er0TXRLCKjjQFXy4fYzWIHKptGJ7KxgRajOVBGWOVeoMVoY2DTatxxL9NoGS3GlUaTwTmaUsbscw8FoCPA5iSMEydgutVTFKDvt2kTifoxMCKaFA3Z38uiedFzFJjEgSmrNOasWkWv6CjMopLzVk30TbTOQqbR86LrjgcwMkypX5A\/\/aLjoi78a2x+77Xfa\/ToXMCDJpE\/R2Ac0GBZDx0YgZ8h5M\/hAJt+OvAdxeRAgE03HVgOMAyxic2fECM68CDAbh758yvEhlkoyS7aWGAKfYz82YJ\/HFSS1WiSJg\/CpC2OiyXRXbRuIvttP3uUcr7OVkNWo62G6ZSRSHZH2LVY+R9oUwBCuhD74Jj9ZNi4KVVBfAZgJkx2ly77Hx+tVHwOcJ10NeU638qeIB7DolNKGfdil7QbXe\/El0SXof8hI\/IW2RkUnXGUc83zFcqg7XTcdBFuGJ0eZGcwwGZYK+jM8FAyhuz0B9ioE5rmQMhCisSIwBYyoO2N1hCGlo1KMDvUA\/b3Kkz2SttW59uVLwrrWoHmAEc+B42vhdOywwSat9dLVtytLqc8w7UDSNRUqmUhrkMY2tPQYRp93XDtrOiC454SzBlCte5aEu1jyj1sTHU570qj7+3D2Q3qI8HIPBQ9S7mHlfedkbG8sStV7H9xAtsH8y6wZu2cE5nvjIwr0ZcwaSwZ2Gx1bSE1AD+ajXfWTSPklDJZPsRiPyKS9YCjkdUAmxVEJLYD5QCb3I5Z\/4cku5SU8jLMgV80YjtAVmAcYV9PTik\/iR4hcuuTv3OftNY0q0vrAAAAAElFTkSuQmCC\" \/>\n    <iframe mce id=\"applyIframe\" frameborder=\"0\" width=\"100%\" style=\"max-width: 100%;\" ><\/iframe>\n  <\/div>\n  <style>\n    @keyframes circle {\n      0% {\n        transform: rotate(0deg);\n      }\n      100% {\n        transform: rotate(360deg);\n      }\n    }\n    .container {\n      min-height:350px;\n      display: flex;\n      justify-content: center;\n      align-items: center;\n      position: relative;\n    }\n    .loadingIcon {\n      height: 24px;\n      width: 24px;\n      animation: circle 1300ms infinite linear;\n    }\n    #applyIframe {\n      position: absolute;\n      top: 0;\n      left: 0;\n      overflow: hidden;\n    }\n  <\/style>\n  <script>\n    const searchParams = new URL(location.href).searchParams;\n    const id = searchParams.get(\"id\");\n    const key = searchParams.get(\"key\");\n    const name = searchParams.get(\"wholesalerName\");\n    const nameSpan = document.getElementById('wholesalerName');\n    if (name && nameSpan) {\n      nameSpan.innerText = name;\n    }\n    const url = `${window.msDomin}\/${window.lang}\/iframe\/application?type=wdEdit&id=${id}&key=${key}`;\n    const applyIframe = document.getElementById('applyIframe');\n    applyIframe.src = url;\n  <\/script>\n<\/html>\t\t\t\t<\/div>\n\t\t\t\t<\/div>\n\t\t\t\t<\/div>\n\t\t\t\t<\/div>\n\t\t<div class=\"elementor-element elementor-element-04ff21e e-flex e-con-boxed e-con e-parent\" data-id=\"04ff21e\" data-element_type=\"container\" data-e-type=\"container\">\n\t\t\t\t\t<div class=\"e-con-inner\">\n\t\t<div class=\"elementor-element elementor-element-3fd84f4 e-flex e-con-boxed e-con e-child\" data-id=\"3fd84f4\" data-element_type=\"container\" data-e-type=\"container\" data-settings=\"{&quot;background_background&quot;:&quot;classic&quot;}\">\n\t\t\t\t\t<div class=\"e-con-inner\">\n\t\t<div class=\"elementor-element elementor-element-ef5a3da e-con-full e-flex e-con e-child\" data-id=\"ef5a3da\" data-element_type=\"container\" data-e-type=\"container\">\n\t\t\t\t<div class=\"elementor-element elementor-element-da24b41 elementor-widget__width-initial elementor-widget elementor-widget-image\" data-id=\"da24b41\" data-element_type=\"widget\" data-e-type=\"widget\" data-widget_type=\"image.default\">\n\t\t\t\t<div class=\"elementor-widget-container\">\n\t\t\t\t\t\t\t\t\t\t\t\t\t\t\t<img decoding=\"async\" width=\"152\" height=\"151\" src=\"https:\/\/www.myfashionwholesaler.com\/wp-content\/uploads\/2023\/08\/Vector.webp\" class=\"attachment-full size-full wp-image-11905\" alt=\"\" srcset=\"https:\/\/www.myfashionwholesaler.com\/wp-content\/uploads\/2023\/08\/Vector.webp 152w, https:\/\/www.myfashionwholesaler.com\/wp-content\/uploads\/2023\/08\/Vector-150x150.webp 150w\" sizes=\"(max-width: 152px) 100vw, 152px\" \/>\t\t\t\t\t\t\t\t\t\t\t\t\t\t\t<\/div>\n\t\t\t\t<\/div>\n\t\t\t\t<div class=\"elementor-element elementor-element-6dc5e8b elementor-widget elementor-widget-heading\" data-id=\"6dc5e8b\" data-element_type=\"widget\" data-e-type=\"widget\" data-widget_type=\"heading.default\">\n\t\t\t\t<div class=\"elementor-widget-container\">\n\t\t\t\t\t<h2 class=\"elementor-heading-title elementor-size-default\">\u015eu adresten kaydolun\nB\u00fcltenimiz<\/h2>\t\t\t\t<\/div>\n\t\t\t\t<\/div>\n\t\t\t\t<\/div>\n\t\t<div class=\"elementor-element elementor-element-e3fb3ca e-flex e-con-boxed e-con e-child\" data-id=\"e3fb3ca\" data-element_type=\"container\" data-e-type=\"container\">\n\t\t\t\t\t<div class=\"e-con-inner\">\n\t\t\t\t<div class=\"elementor-element elementor-element-34037b7 elementor-button-align-stretch elementor-widget elementor-widget-form\" data-id=\"34037b7\" data-element_type=\"widget\" data-e-type=\"widget\" data-settings=\"{&quot;button_width&quot;:&quot;20&quot;,&quot;step_next_label&quot;:&quot;\\u0130leri&quot;,&quot;step_previous_label&quot;:&quot;Geri&quot;,&quot;step_type&quot;:&quot;number_text&quot;,&quot;step_icon_shape&quot;:&quot;circle&quot;}\" data-widget_type=\"form.default\">\n\t\t\t\t<div class=\"elementor-widget-container\">\n\t\t\t\t\t\t\t<form class=\"elementor-form\" method=\"post\" name=\"Altbilgi B\u00fclten Formu\" aria-label=\"Altbilgi B\u00fclten Formu\">\n\t\t\t<input type=\"hidden\" name=\"post_id\" value=\"11921\"\/>\n\t\t\t<input type=\"hidden\" name=\"form_id\" value=\"34037b7\"\/>\n\t\t\t<input type=\"hidden\" name=\"referer_title\" value=\"My Fashion Wholesaler\" \/>\n\n\t\t\t\n\t\t\t<div class=\"elementor-form-fields-wrapper elementor-labels-\">\n\t\t\t\t\t\t\t\t<div class=\"elementor-field-type-email elementor-field-group elementor-column elementor-field-group-email elementor-col-80 elementor-sm-75 elementor-field-required\">\n\t\t\t\t\t\t\t\t\t\t\t\t<label for=\"form-field-email\" class=\"elementor-field-label elementor-screen-only\">\n\t\t\t\t\t\t\t\tEmail\t\t\t\t\t\t\t<\/label>\n\t\t\t\t\t\t\t\t\t\t\t\t\t\t<input size=\"1\" type=\"email\" name=\"form_fields[email]\" id=\"form-field-email\" class=\"elementor-field elementor-size-xs  elementor-field-textual\" placeholder=\"Email adresiniz\" required=\"required\">\n\t\t\t\t\t\t\t\t\t\t\t<\/div>\n\t\t\t\t\t\t\t\t<div class=\"elementor-field-group elementor-column elementor-field-type-submit elementor-col-20 e-form__buttons\">\n\t\t\t\t\t<button class=\"elementor-button elementor-size-xs\" type=\"submit\" id=\"bottomEmailSubmit\">\n\t\t\t\t\t\t<span class=\"elementor-button-content-wrapper\">\n\t\t\t\t\t\t\t\t\t\t\t\t\t\t\t<span class=\"elementor-button-icon\">\n\t\t\t\t\t\t\t\t\t<svg xmlns=\"http:\/\/www.w3.org\/2000\/svg\" width=\"31\" height=\"24\" viewBox=\"0 0 31 24\" fill=\"none\"><path d=\"M2 10.5C1.17157 10.5 0.5 11.1716 0.5 12C0.5 12.8284 1.17157 13.5 2 13.5V10.5ZM30.0607 13.0607C30.6464 12.4749 30.6464 11.5251 30.0607 10.9393L20.5147 1.3934C19.9289 0.807611 18.9792 0.807611 18.3934 1.3934C17.8076 1.97919 17.8076 2.92893 18.3934 3.51472L26.8787 12L18.3934 20.4853C17.8076 21.0711 17.8076 22.0208 18.3934 22.6066C18.9792 23.1924 19.9289 23.1924 20.5147 22.6066L30.0607 13.0607ZM2 13.5H29V10.5H2V13.5Z\" fill=\"white\"><\/path><\/svg>\t\t\t\t\t\t\t\t\t\t\t\t\t\t\t\t\t\t\t<span class=\"elementor-screen-only\">Submit<\/span>\n\t\t\t\t\t\t\t\t\t\t\t\t\t\t\t\t\t<\/span>\n\t\t\t\t\t\t\t\t\t\t\t\t\t\t\t\t\t\t\t\t<\/span>\n\t\t\t\t\t<\/button>\n\t\t\t\t<\/div>\n\t\t\t<\/div>\n\t\t<\/form>\n\t\t\t\t\t\t<\/div>\n\t\t\t\t<\/div>\n\t\t\t\t\t<\/div>\n\t\t\t\t<\/div>\n\t\t\t\t\t<\/div>\n\t\t\t\t<\/div>\n\t\t\t\t\t<\/div>\n\t\t\t\t<\/div>\n\t\t\t\t<\/div>\n\t\t","protected":false},"excerpt":{"rendered":"<p>Merhaba, \u015eu adresten kaydolun B\u00fcltenimiz<\/p>\n","protected":false},"author":1,"featured_media":0,"parent":0,"menu_order":0,"comment_status":"closed","ping_status":"closed","template":"elementor_header_footer","meta":{"footnotes":""},"class_list":["post-11921","page","type-page","status-publish","hentry"],"yoast_head":"<!-- This site is optimized with the Yoast SEO plugin v27.4 - https:\/\/yoast.com\/product\/yoast-seo-wordpress\/ -->\n<title>My Fashion Wholesaler | Toptan i\u015finizi geli\u015ftirin<\/title>\n<meta name=\"description\" content=\"Toptanc\u0131 rehberimiz ile her hafta binlerce perakendeciye g\u00f6r\u00fcn\u00fcrl\u00fck kazan\u0131n ve i\u015finizi \u00fccretsiz olarak b\u00fcy\u00fct\u00fcn.\" \/>\n<meta name=\"robots\" content=\"index, follow, max-snippet:-1, max-image-preview:large, max-video-preview:-1\" \/>\n<link rel=\"canonical\" href=\"https:\/\/www.myfashionwholesaler.com\/tr\/toptanci-bilgilerinin-guncellenmesi\/\" \/>\n<meta property=\"og:locale\" content=\"tr_TR\" \/>\n<meta property=\"og:type\" content=\"article\" \/>\n<meta property=\"og:title\" content=\"My Fashion Wholesaler | Toptan i\u015finizi geli\u015ftirin\" \/>\n<meta property=\"og:description\" content=\"Toptanc\u0131 rehberimiz ile her hafta binlerce perakendeciye g\u00f6r\u00fcn\u00fcrl\u00fck kazan\u0131n ve i\u015finizi \u00fccretsiz olarak b\u00fcy\u00fct\u00fcn.\" \/>\n<meta property=\"og:url\" content=\"https:\/\/www.myfashionwholesaler.com\/tr\/toptanci-bilgilerinin-guncellenmesi\/\" \/>\n<meta property=\"og:site_name\" content=\"My Fashion Wholesaler\" \/>\n<meta property=\"article:publisher\" content=\"https:\/\/www.facebook.com\/Myfashionwholesaler.lu\/\" \/>\n<meta property=\"article:modified_time\" content=\"2024-07-12T03:22:05+00:00\" \/>\n<meta property=\"og:image\" content=\"https:\/\/www.myfashionwholesaler.com\/wp-content\/uploads\/2023\/08\/Logo_MFW_color_WhiteText_Plan-de-travail-1-11.webp\" \/>\n<meta name=\"twitter:card\" content=\"summary_large_image\" \/>\n<meta name=\"twitter:label1\" content=\"Tahmini okuma s\u00fcresi\" \/>\n\t<meta name=\"twitter:data1\" content=\"1 dakika\" \/>\n<script type=\"application\/ld+json\" class=\"yoast-schema-graph\">{\"@context\":\"https:\\\/\\\/schema.org\",\"@graph\":[{\"@type\":\"WebPage\",\"@id\":\"https:\\\/\\\/www.myfashionwholesaler.com\\\/tr\\\/toptanci-bilgilerinin-guncellenmesi\\\/\",\"url\":\"https:\\\/\\\/www.myfashionwholesaler.com\\\/tr\\\/toptanci-bilgilerinin-guncellenmesi\\\/\",\"name\":\"My Fashion Wholesaler | Toptan i\u015finizi geli\u015ftirin\",\"isPartOf\":{\"@id\":\"https:\\\/\\\/www.myfashionwholesaler.com\\\/tr\\\/#website\"},\"primaryImageOfPage\":{\"@id\":\"https:\\\/\\\/www.myfashionwholesaler.com\\\/tr\\\/toptanci-bilgilerinin-guncellenmesi\\\/#primaryimage\"},\"image\":{\"@id\":\"https:\\\/\\\/www.myfashionwholesaler.com\\\/tr\\\/toptanci-bilgilerinin-guncellenmesi\\\/#primaryimage\"},\"thumbnailUrl\":\"https:\\\/\\\/www.myfashionwholesaler.com\\\/wp-content\\\/uploads\\\/2023\\\/08\\\/Logo_MFW_color_WhiteText_Plan-de-travail-1-11.webp\",\"datePublished\":\"2023-08-26T09:48:57+00:00\",\"dateModified\":\"2024-07-12T03:22:05+00:00\",\"description\":\"Toptanc\u0131 rehberimiz ile her hafta binlerce perakendeciye g\u00f6r\u00fcn\u00fcrl\u00fck kazan\u0131n ve i\u015finizi \u00fccretsiz olarak b\u00fcy\u00fct\u00fcn.\",\"breadcrumb\":{\"@id\":\"https:\\\/\\\/www.myfashionwholesaler.com\\\/tr\\\/toptanci-bilgilerinin-guncellenmesi\\\/#breadcrumb\"},\"inLanguage\":\"tr\",\"potentialAction\":[{\"@type\":\"ReadAction\",\"target\":[\"https:\\\/\\\/www.myfashionwholesaler.com\\\/tr\\\/toptanci-bilgilerinin-guncellenmesi\\\/\"]}]},{\"@type\":\"ImageObject\",\"inLanguage\":\"tr\",\"@id\":\"https:\\\/\\\/www.myfashionwholesaler.com\\\/tr\\\/toptanci-bilgilerinin-guncellenmesi\\\/#primaryimage\",\"url\":\"https:\\\/\\\/www.myfashionwholesaler.com\\\/wp-content\\\/uploads\\\/2023\\\/08\\\/Logo_MFW_color_WhiteText_Plan-de-travail-1-11.webp\",\"contentUrl\":\"https:\\\/\\\/www.myfashionwholesaler.com\\\/wp-content\\\/uploads\\\/2023\\\/08\\\/Logo_MFW_color_WhiteText_Plan-de-travail-1-11.webp\"},{\"@type\":\"BreadcrumbList\",\"@id\":\"https:\\\/\\\/www.myfashionwholesaler.com\\\/tr\\\/toptanci-bilgilerinin-guncellenmesi\\\/#breadcrumb\",\"itemListElement\":[{\"@type\":\"ListItem\",\"position\":1,\"name\":\"Accueil\",\"item\":\"https:\\\/\\\/www.myfashionwholesaler.com\\\/tr\\\/\"},{\"@type\":\"ListItem\",\"position\":2,\"name\":\"Toptanc\u0131 Bilgilerinin G\u00fcncellenmesi\"}]},{\"@type\":\"WebSite\",\"@id\":\"https:\\\/\\\/www.myfashionwholesaler.com\\\/tr\\\/#website\",\"url\":\"https:\\\/\\\/www.myfashionwholesaler.com\\\/tr\\\/\",\"name\":\"My Fashion Wholesaler\",\"description\":\"\",\"publisher\":{\"@id\":\"https:\\\/\\\/www.myfashionwholesaler.com\\\/tr\\\/#organization\"},\"potentialAction\":[{\"@type\":\"SearchAction\",\"target\":{\"@type\":\"EntryPoint\",\"urlTemplate\":\"https:\\\/\\\/www.myfashionwholesaler.com\\\/tr\\\/?s={search_term_string}\"},\"query-input\":{\"@type\":\"PropertyValueSpecification\",\"valueRequired\":true,\"valueName\":\"search_term_string\"}}],\"inLanguage\":\"tr\"},{\"@type\":\"Organization\",\"@id\":\"https:\\\/\\\/www.myfashionwholesaler.com\\\/tr\\\/#organization\",\"name\":\"My Fashion Wholesaler\",\"alternateName\":\"My Fashion Wholesaler\",\"url\":\"https:\\\/\\\/www.myfashionwholesaler.com\\\/tr\\\/\",\"logo\":{\"@type\":\"ImageObject\",\"inLanguage\":\"tr\",\"@id\":\"https:\\\/\\\/www.myfashionwholesaler.com\\\/tr\\\/#\\\/schema\\\/logo\\\/image\\\/\",\"url\":\"https:\\\/\\\/www.myfashionwholesaler.com\\\/wp-content\\\/uploads\\\/2023\\\/08\\\/Logo_MFW_color_WhiteText_Plan-de-travail-1-11.webp\",\"contentUrl\":\"https:\\\/\\\/www.myfashionwholesaler.com\\\/wp-content\\\/uploads\\\/2023\\\/08\\\/Logo_MFW_color_WhiteText_Plan-de-travail-1-11.webp\",\"width\":226,\"height\":214,\"caption\":\"My Fashion Wholesaler\"},\"image\":{\"@id\":\"https:\\\/\\\/www.myfashionwholesaler.com\\\/tr\\\/#\\\/schema\\\/logo\\\/image\\\/\"},\"sameAs\":[\"https:\\\/\\\/www.facebook.com\\\/Myfashionwholesaler.lu\\\/\",\"https:\\\/\\\/www.instagram.com\\\/myfashionwholesaler\\\/\"]}]}<\/script>\n<!-- \/ Yoast SEO plugin. -->","yoast_head_json":{"title":"My Fashion Wholesaler | Toptan i\u015finizi geli\u015ftirin","description":"Toptanc\u0131 rehberimiz ile her hafta binlerce perakendeciye g\u00f6r\u00fcn\u00fcrl\u00fck kazan\u0131n ve i\u015finizi \u00fccretsiz olarak b\u00fcy\u00fct\u00fcn.","robots":{"index":"index","follow":"follow","max-snippet":"max-snippet:-1","max-image-preview":"max-image-preview:large","max-video-preview":"max-video-preview:-1"},"canonical":"https:\/\/www.myfashionwholesaler.com\/tr\/toptanci-bilgilerinin-guncellenmesi\/","og_locale":"tr_TR","og_type":"article","og_title":"My Fashion Wholesaler | Toptan i\u015finizi geli\u015ftirin","og_description":"Toptanc\u0131 rehberimiz ile her hafta binlerce perakendeciye g\u00f6r\u00fcn\u00fcrl\u00fck kazan\u0131n ve i\u015finizi \u00fccretsiz olarak b\u00fcy\u00fct\u00fcn.","og_url":"https:\/\/www.myfashionwholesaler.com\/tr\/toptanci-bilgilerinin-guncellenmesi\/","og_site_name":"My Fashion Wholesaler","article_publisher":"https:\/\/www.facebook.com\/Myfashionwholesaler.lu\/","article_modified_time":"2024-07-12T03:22:05+00:00","og_image":[{"url":"https:\/\/www.myfashionwholesaler.com\/wp-content\/uploads\/2023\/08\/Logo_MFW_color_WhiteText_Plan-de-travail-1-11.webp","type":"","width":"","height":""}],"twitter_card":"summary_large_image","twitter_misc":{"Tahmini okuma s\u00fcresi":"1 dakika"},"schema":{"@context":"https:\/\/schema.org","@graph":[{"@type":"WebPage","@id":"https:\/\/www.myfashionwholesaler.com\/tr\/toptanci-bilgilerinin-guncellenmesi\/","url":"https:\/\/www.myfashionwholesaler.com\/tr\/toptanci-bilgilerinin-guncellenmesi\/","name":"My Fashion Wholesaler | Toptan i\u015finizi geli\u015ftirin","isPartOf":{"@id":"https:\/\/www.myfashionwholesaler.com\/tr\/#website"},"primaryImageOfPage":{"@id":"https:\/\/www.myfashionwholesaler.com\/tr\/toptanci-bilgilerinin-guncellenmesi\/#primaryimage"},"image":{"@id":"https:\/\/www.myfashionwholesaler.com\/tr\/toptanci-bilgilerinin-guncellenmesi\/#primaryimage"},"thumbnailUrl":"https:\/\/www.myfashionwholesaler.com\/wp-content\/uploads\/2023\/08\/Logo_MFW_color_WhiteText_Plan-de-travail-1-11.webp","datePublished":"2023-08-26T09:48:57+00:00","dateModified":"2024-07-12T03:22:05+00:00","description":"Toptanc\u0131 rehberimiz ile her hafta binlerce perakendeciye g\u00f6r\u00fcn\u00fcrl\u00fck kazan\u0131n ve i\u015finizi \u00fccretsiz olarak b\u00fcy\u00fct\u00fcn.","breadcrumb":{"@id":"https:\/\/www.myfashionwholesaler.com\/tr\/toptanci-bilgilerinin-guncellenmesi\/#breadcrumb"},"inLanguage":"tr","potentialAction":[{"@type":"ReadAction","target":["https:\/\/www.myfashionwholesaler.com\/tr\/toptanci-bilgilerinin-guncellenmesi\/"]}]},{"@type":"ImageObject","inLanguage":"tr","@id":"https:\/\/www.myfashionwholesaler.com\/tr\/toptanci-bilgilerinin-guncellenmesi\/#primaryimage","url":"https:\/\/www.myfashionwholesaler.com\/wp-content\/uploads\/2023\/08\/Logo_MFW_color_WhiteText_Plan-de-travail-1-11.webp","contentUrl":"https:\/\/www.myfashionwholesaler.com\/wp-content\/uploads\/2023\/08\/Logo_MFW_color_WhiteText_Plan-de-travail-1-11.webp"},{"@type":"BreadcrumbList","@id":"https:\/\/www.myfashionwholesaler.com\/tr\/toptanci-bilgilerinin-guncellenmesi\/#breadcrumb","itemListElement":[{"@type":"ListItem","position":1,"name":"Accueil","item":"https:\/\/www.myfashionwholesaler.com\/tr\/"},{"@type":"ListItem","position":2,"name":"Toptanc\u0131 Bilgilerinin G\u00fcncellenmesi"}]},{"@type":"WebSite","@id":"https:\/\/www.myfashionwholesaler.com\/tr\/#website","url":"https:\/\/www.myfashionwholesaler.com\/tr\/","name":"My Fashion Wholesaler","description":"","publisher":{"@id":"https:\/\/www.myfashionwholesaler.com\/tr\/#organization"},"potentialAction":[{"@type":"SearchAction","target":{"@type":"EntryPoint","urlTemplate":"https:\/\/www.myfashionwholesaler.com\/tr\/?s={search_term_string}"},"query-input":{"@type":"PropertyValueSpecification","valueRequired":true,"valueName":"search_term_string"}}],"inLanguage":"tr"},{"@type":"Organization","@id":"https:\/\/www.myfashionwholesaler.com\/tr\/#organization","name":"My Fashion Wholesaler","alternateName":"My Fashion Wholesaler","url":"https:\/\/www.myfashionwholesaler.com\/tr\/","logo":{"@type":"ImageObject","inLanguage":"tr","@id":"https:\/\/www.myfashionwholesaler.com\/tr\/#\/schema\/logo\/image\/","url":"https:\/\/www.myfashionwholesaler.com\/wp-content\/uploads\/2023\/08\/Logo_MFW_color_WhiteText_Plan-de-travail-1-11.webp","contentUrl":"https:\/\/www.myfashionwholesaler.com\/wp-content\/uploads\/2023\/08\/Logo_MFW_color_WhiteText_Plan-de-travail-1-11.webp","width":226,"height":214,"caption":"My Fashion Wholesaler"},"image":{"@id":"https:\/\/www.myfashionwholesaler.com\/tr\/#\/schema\/logo\/image\/"},"sameAs":["https:\/\/www.facebook.com\/Myfashionwholesaler.lu\/","https:\/\/www.instagram.com\/myfashionwholesaler\/"]}]}},"_links":{"self":[{"href":"https:\/\/www.myfashionwholesaler.com\/tr\/wp-json\/wp\/v2\/pages\/11921","targetHints":{"allow":["GET"]}}],"collection":[{"href":"https:\/\/www.myfashionwholesaler.com\/tr\/wp-json\/wp\/v2\/pages"}],"about":[{"href":"https:\/\/www.myfashionwholesaler.com\/tr\/wp-json\/wp\/v2\/types\/page"}],"author":[{"embeddable":true,"href":"https:\/\/www.myfashionwholesaler.com\/tr\/wp-json\/wp\/v2\/users\/1"}],"replies":[{"embeddable":true,"href":"https:\/\/www.myfashionwholesaler.com\/tr\/wp-json\/wp\/v2\/comments?post=11921"}],"version-history":[{"count":0,"href":"https:\/\/www.myfashionwholesaler.com\/tr\/wp-json\/wp\/v2\/pages\/11921\/revisions"}],"wp:attachment":[{"href":"https:\/\/www.myfashionwholesaler.com\/tr\/wp-json\/wp\/v2\/media?parent=11921"}],"curies":[{"name":"wp","href":"https:\/\/api.w.org\/{rel}","templated":true}]}}