{"id":11929,"date":"2024-02-12T14:09:45","date_gmt":"2024-02-12T14:09:45","guid":{"rendered":"https:\/\/www.myfashionwholesaler.com\/kullanim-hukum-ve-kosullari\/"},"modified":"2026-04-24T14:54:46","modified_gmt":"2026-04-24T14:54:46","slug":"kullanim-hukum-ve-kosullari","status":"publish","type":"page","link":"https:\/\/www.myfashionwholesaler.com\/tr\/kullanim-hukum-ve-kosullari\/","title":{"rendered":"Kullan\u0131m \u015fartlar\u0131 ve ko\u015fullar\u0131"},"content":{"rendered":"\t\t<div data-elementor-type=\"wp-page\" data-elementor-id=\"11929\" class=\"elementor elementor-11929 elementor-11015\" data-elementor-post-type=\"page\">\n\t\t\t\t<div class=\"elementor-element elementor-element-8488258 e-flex e-con-boxed e-con e-parent\" data-id=\"8488258\" data-element_type=\"container\" data-e-type=\"container\">\n\t\t\t\t\t<div class=\"e-con-inner\">\n\t\t\t\t<div class=\"elementor-element elementor-element-507a70d elementor-widget elementor-widget-heading\" data-id=\"507a70d\" data-element_type=\"widget\" data-e-type=\"widget\" data-widget_type=\"heading.default\">\n\t\t\t\t<div class=\"elementor-widget-container\">\n\t\t\t\t\t<h1 class=\"elementor-heading-title elementor-size-default\"><span style=\"font-weight:normal\" id=\"docs-internal-guid-07be00c0-7fff-4eb7-6360-876512bd8507\"><p dir=\"ltr\" style=\"line-height:1.38;margin-top:0pt;margin-bottom:3pt\"><span style=\"font-size: 26pt;font-family: Arial, sans-serif;background-color: transparent;vertical-align: baseline\">Kullan\u0131m \u015fartlar\u0131 ve ko\u015fullar\u0131  <\/span><\/h1>\t\t\t\t<\/div>\n\t\t\t\t<\/div>\n\t\t\t\t<div class=\"elementor-element elementor-element-24aa93a elementor-widget elementor-widget-heading\" data-id=\"24aa93a\" data-element_type=\"widget\" data-e-type=\"widget\" data-widget_type=\"heading.default\">\n\t\t\t\t<div class=\"elementor-widget-container\">\n\t\t\t\t\t<h2 class=\"elementor-heading-title elementor-size-default\">Bu Genel Kullan\u0131m Ko\u015fullar\u0131 (bundan b\u00f6yle \"Ko\u015fullar\" olarak an\u0131lacakt\u0131r) myfashionwholesaler.com web sitesinin (bundan b\u00f6yle \"Site\" olarak an\u0131lacakt\u0131r) ve My Fashion Wholesaler taraf\u0131ndan sunulan hizmetlerin kullan\u0131m\u0131n\u0131 y\u00f6netir.\n\n<h2>Ko\u015fullar\u0131n Kabul Edilmesi<\/h2>\n<p>Siteye eri\u015ferek veya My Fashion Wholesaler taraf\u0131ndan sunulan hizmetleri kullanarak, bu \u015eartlara tabi olmay\u0131 kabul edersiniz. Bu \u015eartlar\u0131 kabul etmiyorsan\u0131z, l\u00fctfen Siteyi veya Sitede sunulan hizmetleri kullanmay\u0131n. <\/p>\n\n<h2>Hizmetlerin Tan\u0131m\u0131<\/h2>\n<p>My Fashion Wholesaler, rehberde bulunan t\u00fcm bilgi ve \u00f6zelliklere eri\u015fim sa\u011flayan ayl\u0131k bir abonelik hizmeti sunmaktad\u0131r. Kullan\u0131c\u0131lar gerekli \u00f6deme bilgilerini sa\u011flayarak abone olabilirler. Aksi belirtilmedik\u00e7e, abonelikler iptal edilene kadar her ay otomatik olarak yenilenir.  <\/p>\n\n<h2>\u00d6deme ve iptal<\/h2>\n<p>Kullan\u0131c\u0131lar, abonelik s\u0131ras\u0131nda y\u00fcr\u00fcrl\u00fckte olan oran \u00fczerinden ayl\u0131k olarak faturaland\u0131r\u0131l\u0131r. \u00d6demeler kredi kart\u0131 ile yap\u0131l\u0131r (Visa, Mastercard ve di\u011fer \u00f6deme y\u00f6ntemleri mevcuttur). <\/p>\n\n<p>Kullan\u0131c\u0131lar aboneliklerini istedikleri zaman Site \u00fczerindeki hesaplar\u0131ndan, bu ama\u00e7 i\u00e7in sa\u011flanan prosed\u00fcr\u00fc izleyerek iptal edebilirler. \u0130ptal, aksi belirtilmedik\u00e7e, \u00f6demesi yap\u0131lm\u0131\u015f olan d\u00f6nemin sonunda ge\u00e7erli olur. Yasalar aksini gerektirmedik\u00e7e, halihaz\u0131rda ba\u015flam\u0131\u015f olan bir d\u00f6nem i\u00e7in geri \u00f6deme yap\u0131lmayacakt\u0131r.  <\/p>\n\n<h2>Fikri M\u00fclkiyet<\/h2>\n<p>\u00d6zellikle metinler, resimler, grafikler, logolar, videolar, veritabanlar\u0131 ve ses unsurlar\u0131 dahil olmak \u00fczere Sitede bulunan t\u00fcm i\u00e7erik, My Fashion Wholesaler veya ortaklar\u0131n\u0131n m\u00fcnhas\u0131r m\u00fclkiyetindedir ve fikri m\u00fclkiyetle ilgili yasalar taraf\u0131ndan korunmaktad\u0131r.<\/p>\n\n<p>\u00d6nceden yaz\u0131l\u0131 izin al\u0131nmaks\u0131z\u0131n tamamen veya k\u0131smen \u00e7o\u011falt\u0131lmas\u0131, temsili, da\u011f\u0131t\u0131m\u0131, s\u00f6m\u00fcr\u00fclmesi veya ticari ama\u00e7larla kullan\u0131lmas\u0131 kesinlikle yasakt\u0131r.<\/p>\n\n<h2>Sorumlulu\u011fun s\u0131n\u0131rland\u0131r\u0131lmas\u0131<\/h2>\n<p>My Fashion Wholesaler do\u011fru ve d\u00fczenli olarak g\u00fcncellenen bilgiler sa\u011flamaya \u00e7al\u0131\u015fmaktad\u0131r. Ancak, yay\u0131nlanan i\u00e7eri\u011fin do\u011frulu\u011fu, eksiksizli\u011fi veya g\u00fcncelli\u011fi konusunda hi\u00e7bir garanti verilmemektedir. <\/p>\n\n<p>Sonu\u00e7 olarak, My Fashion Wholesaler, Sitenin kullan\u0131m\u0131ndan, eri\u015fimin imkans\u0131zl\u0131\u011f\u0131ndan veya mevcut bilgilerin kullan\u0131m\u0131ndan kaynaklanan do\u011frudan veya dolayl\u0131 herhangi bir zarardan sorumlu tutulamaz.<\/p>\n\n<h2>Kullan\u0131c\u0131 hesaplar\u0131<\/h2>\n<p>Kullan\u0131c\u0131lar, giri\u015f bilgilerinin gizlili\u011finden ve hesaplar\u0131ndan ger\u00e7ekle\u015ftirilen her t\u00fcrl\u00fc faaliyetten sorumludur. Kay\u0131t olurken do\u011fru bilgi vermeyi taahh\u00fct ederler. <\/p>\n\n<h2>Ko\u015fullar\u0131n De\u011fi\u015ftirilmesi<\/h2>\n<p>My Fashion Wholesaler, bu Ko\u015fullar\u0131 istedi\u011fi zaman de\u011fi\u015ftirme hakk\u0131n\u0131 sakl\u0131 tutar. Yeni Ko\u015fullar, Sitede yay\u0131nlan\u0131r yay\u0131nlanmaz y\u00fcr\u00fcrl\u00fc\u011fe girecektir. <\/p>\n\n<p>De\u011fi\u015fikliklerin yay\u0131nlanmas\u0131ndan sonra Siteyi kullanmaya devam ederek, kullan\u0131c\u0131 g\u00fcncellenmi\u015f Ko\u015fullar\u0131 kabul eder.<\/p>\n\n<h2>Uygulanabilir hukuk ve yarg\u0131 yetkisi<\/h2>\n<p>Bu H\u00fck\u00fcm ve Ko\u015fullar L\u00fcksemburg yasalar\u0131na ve uygulanabildi\u011fi yerlerde Avrupa y\u00f6netmeliklerine tabidir.<\/p>\n\n<p>Sitenin veya sunulan hizmetlerin kullan\u0131m\u0131yla ilgili her t\u00fcrl\u00fc anla\u015fmazl\u0131k, aksine emredici yasal h\u00fck\u00fcmlere tabi olmak kayd\u0131yla, L\u00fcksemburg'un yetkili mahkemelerinin yarg\u0131 yetkisine tabi olacakt\u0131r.<\/p>\n\n<h2>\u0130leti\u015fim<\/h2>\n<p>Bu Kullan\u0131m H\u00fck\u00fcm ve Ko\u015fullar\u0131 hakk\u0131nda herhangi bir sorunuz varsa, l\u00fctfen a\u015fa\u011f\u0131daki adresten bizimle ileti\u015fime ge\u00e7in:<\/p>\n\n<p><strong>contact@myfashionwholesaler.com<\/strong><\/p><\/h2>\t\t\t\t<\/div>\n\t\t\t\t<\/div>\n\t\t\t\t\t<\/div>\n\t\t\t\t<\/div>\n\t\t\t\t<\/div>\n\t\t","protected":false},"excerpt":{"rendered":"<p>Kullan\u0131m \u015fartlar\u0131 ve ko\u015fullar\u0131 Bu Genel Kullan\u0131m Ko\u015fullar\u0131 (bundan b\u00f6yle &#8220;Ko\u015fullar&#8221; olarak an\u0131lacakt\u0131r) myfashionwholesaler.com web sitesinin (bundan b\u00f6yle &#8220;Site&#8221; olarak an\u0131lacakt\u0131r) ve My Fashion Wholesaler taraf\u0131ndan sunulan hizmetlerin kullan\u0131m\u0131n\u0131 y\u00f6netir. Ko\u015fullar\u0131n Kabul Edilmesi Siteye eri\u015ferek veya My Fashion Wholesaler taraf\u0131ndan sunulan hizmetleri kullanarak, bu \u015eartlara tabi olmay\u0131 kabul edersiniz. Bu \u015eartlar\u0131 kabul etmiyorsan\u0131z, l\u00fctfen Siteyi [&hellip;]<\/p>\n","protected":false},"author":2,"featured_media":0,"parent":0,"menu_order":0,"comment_status":"closed","ping_status":"closed","template":"","meta":{"footnotes":""},"class_list":["post-11929","page","type-page","status-publish","hentry"],"yoast_head":"<!-- This site is optimized with the Yoast SEO plugin v27.4 - https:\/\/yoast.com\/product\/yoast-seo-wordpress\/ -->\n<title>Moda Toptanc\u0131m Kullan\u0131m \u015eartlar\u0131 ve Ko\u015fullar\u0131<\/title>\n<meta name=\"description\" content=\"My Fashion Wholesaler&#039;\u0131n Genel Kullan\u0131m H\u00fck\u00fcm ve Ko\u015fullar\u0131na bak\u0131n. Platformun kullan\u0131m kurallar\u0131, abonelikler, sorumluluklar ve yasal \u00e7er\u00e7eve hakk\u0131nda bilgiler.\" \/>\n<meta name=\"robots\" content=\"noindex, follow\" \/>\n<meta property=\"og:locale\" content=\"tr_TR\" \/>\n<meta property=\"og:type\" content=\"article\" \/>\n<meta property=\"og:title\" content=\"Moda Toptanc\u0131m Kullan\u0131m \u015eartlar\u0131 ve Ko\u015fullar\u0131\" \/>\n<meta property=\"og:description\" content=\"My Fashion Wholesaler&#039;\u0131n Genel Kullan\u0131m H\u00fck\u00fcm ve Ko\u015fullar\u0131na bak\u0131n. Platformun kullan\u0131m kurallar\u0131, abonelikler, sorumluluklar ve yasal \u00e7er\u00e7eve hakk\u0131nda bilgiler.\" \/>\n<meta property=\"og:url\" content=\"https:\/\/www.myfashionwholesaler.com\/tr\/kullanim-hukum-ve-kosullari\/\" \/>\n<meta property=\"og:site_name\" content=\"My Fashion Wholesaler\" \/>\n<meta property=\"article:publisher\" content=\"https:\/\/www.facebook.com\/Myfashionwholesaler.lu\/\" \/>\n<meta property=\"article:modified_time\" content=\"2026-04-24T14:54:46+00:00\" \/>\n<meta name=\"twitter:card\" content=\"summary_large_image\" \/>\n<meta name=\"twitter:label1\" content=\"Tahmini okuma s\u00fcresi\" \/>\n\t<meta name=\"twitter:data1\" content=\"3 dakika\" \/>\n<script type=\"application\/ld+json\" class=\"yoast-schema-graph\">{\"@context\":\"https:\\\/\\\/schema.org\",\"@graph\":[{\"@type\":\"WebPage\",\"@id\":\"https:\\\/\\\/www.myfashionwholesaler.com\\\/tr\\\/kullanim-hukum-ve-kosullari\\\/\",\"url\":\"https:\\\/\\\/www.myfashionwholesaler.com\\\/tr\\\/kullanim-hukum-ve-kosullari\\\/\",\"name\":\"Moda Toptanc\u0131m Kullan\u0131m \u015eartlar\u0131 ve Ko\u015fullar\u0131\",\"isPartOf\":{\"@id\":\"https:\\\/\\\/www.myfashionwholesaler.com\\\/tr\\\/#website\"},\"datePublished\":\"2024-02-12T14:09:45+00:00\",\"dateModified\":\"2026-04-24T14:54:46+00:00\",\"description\":\"My Fashion Wholesaler'\u0131n Genel Kullan\u0131m H\u00fck\u00fcm ve Ko\u015fullar\u0131na bak\u0131n. Platformun kullan\u0131m kurallar\u0131, abonelikler, sorumluluklar ve yasal \u00e7er\u00e7eve hakk\u0131nda bilgiler.\",\"breadcrumb\":{\"@id\":\"https:\\\/\\\/www.myfashionwholesaler.com\\\/tr\\\/kullanim-hukum-ve-kosullari\\\/#breadcrumb\"},\"inLanguage\":\"tr\",\"potentialAction\":[{\"@type\":\"ReadAction\",\"target\":[\"https:\\\/\\\/www.myfashionwholesaler.com\\\/tr\\\/kullanim-hukum-ve-kosullari\\\/\"]}]},{\"@type\":\"BreadcrumbList\",\"@id\":\"https:\\\/\\\/www.myfashionwholesaler.com\\\/tr\\\/kullanim-hukum-ve-kosullari\\\/#breadcrumb\",\"itemListElement\":[{\"@type\":\"ListItem\",\"position\":1,\"name\":\"Accueil\",\"item\":\"https:\\\/\\\/www.myfashionwholesaler.com\\\/tr\\\/\"},{\"@type\":\"ListItem\",\"position\":2,\"name\":\"Kullan\u0131m \u015fartlar\u0131 ve ko\u015fullar\u0131\"}]},{\"@type\":\"WebSite\",\"@id\":\"https:\\\/\\\/www.myfashionwholesaler.com\\\/tr\\\/#website\",\"url\":\"https:\\\/\\\/www.myfashionwholesaler.com\\\/tr\\\/\",\"name\":\"My Fashion Wholesaler\",\"description\":\"\",\"publisher\":{\"@id\":\"https:\\\/\\\/www.myfashionwholesaler.com\\\/tr\\\/#organization\"},\"potentialAction\":[{\"@type\":\"SearchAction\",\"target\":{\"@type\":\"EntryPoint\",\"urlTemplate\":\"https:\\\/\\\/www.myfashionwholesaler.com\\\/tr\\\/?s={search_term_string}\"},\"query-input\":{\"@type\":\"PropertyValueSpecification\",\"valueRequired\":true,\"valueName\":\"search_term_string\"}}],\"inLanguage\":\"tr\"},{\"@type\":\"Organization\",\"@id\":\"https:\\\/\\\/www.myfashionwholesaler.com\\\/tr\\\/#organization\",\"name\":\"My Fashion Wholesaler\",\"alternateName\":\"My Fashion Wholesaler\",\"url\":\"https:\\\/\\\/www.myfashionwholesaler.com\\\/tr\\\/\",\"logo\":{\"@type\":\"ImageObject\",\"inLanguage\":\"tr\",\"@id\":\"https:\\\/\\\/www.myfashionwholesaler.com\\\/tr\\\/#\\\/schema\\\/logo\\\/image\\\/\",\"url\":\"https:\\\/\\\/www.myfashionwholesaler.com\\\/wp-content\\\/uploads\\\/2023\\\/08\\\/Logo_MFW_color_WhiteText_Plan-de-travail-1-11.webp\",\"contentUrl\":\"https:\\\/\\\/www.myfashionwholesaler.com\\\/wp-content\\\/uploads\\\/2023\\\/08\\\/Logo_MFW_color_WhiteText_Plan-de-travail-1-11.webp\",\"width\":226,\"height\":214,\"caption\":\"My Fashion Wholesaler\"},\"image\":{\"@id\":\"https:\\\/\\\/www.myfashionwholesaler.com\\\/tr\\\/#\\\/schema\\\/logo\\\/image\\\/\"},\"sameAs\":[\"https:\\\/\\\/www.facebook.com\\\/Myfashionwholesaler.lu\\\/\",\"https:\\\/\\\/www.instagram.com\\\/myfashionwholesaler\\\/\"]}]}<\/script>\n<!-- \/ Yoast SEO plugin. -->","yoast_head_json":{"title":"Moda Toptanc\u0131m Kullan\u0131m \u015eartlar\u0131 ve Ko\u015fullar\u0131","description":"My Fashion Wholesaler'\u0131n Genel Kullan\u0131m H\u00fck\u00fcm ve Ko\u015fullar\u0131na bak\u0131n. Platformun kullan\u0131m kurallar\u0131, abonelikler, sorumluluklar ve yasal \u00e7er\u00e7eve hakk\u0131nda bilgiler.","robots":{"index":"noindex","follow":"follow"},"og_locale":"tr_TR","og_type":"article","og_title":"Moda Toptanc\u0131m Kullan\u0131m \u015eartlar\u0131 ve Ko\u015fullar\u0131","og_description":"My Fashion Wholesaler'\u0131n Genel Kullan\u0131m H\u00fck\u00fcm ve Ko\u015fullar\u0131na bak\u0131n. Platformun kullan\u0131m kurallar\u0131, abonelikler, sorumluluklar ve yasal \u00e7er\u00e7eve hakk\u0131nda bilgiler.","og_url":"https:\/\/www.myfashionwholesaler.com\/tr\/kullanim-hukum-ve-kosullari\/","og_site_name":"My Fashion Wholesaler","article_publisher":"https:\/\/www.facebook.com\/Myfashionwholesaler.lu\/","article_modified_time":"2026-04-24T14:54:46+00:00","twitter_card":"summary_large_image","twitter_misc":{"Tahmini okuma s\u00fcresi":"3 dakika"},"schema":{"@context":"https:\/\/schema.org","@graph":[{"@type":"WebPage","@id":"https:\/\/www.myfashionwholesaler.com\/tr\/kullanim-hukum-ve-kosullari\/","url":"https:\/\/www.myfashionwholesaler.com\/tr\/kullanim-hukum-ve-kosullari\/","name":"Moda Toptanc\u0131m Kullan\u0131m \u015eartlar\u0131 ve Ko\u015fullar\u0131","isPartOf":{"@id":"https:\/\/www.myfashionwholesaler.com\/tr\/#website"},"datePublished":"2024-02-12T14:09:45+00:00","dateModified":"2026-04-24T14:54:46+00:00","description":"My Fashion Wholesaler'\u0131n Genel Kullan\u0131m H\u00fck\u00fcm ve Ko\u015fullar\u0131na bak\u0131n. Platformun kullan\u0131m kurallar\u0131, abonelikler, sorumluluklar ve yasal \u00e7er\u00e7eve hakk\u0131nda bilgiler.","breadcrumb":{"@id":"https:\/\/www.myfashionwholesaler.com\/tr\/kullanim-hukum-ve-kosullari\/#breadcrumb"},"inLanguage":"tr","potentialAction":[{"@type":"ReadAction","target":["https:\/\/www.myfashionwholesaler.com\/tr\/kullanim-hukum-ve-kosullari\/"]}]},{"@type":"BreadcrumbList","@id":"https:\/\/www.myfashionwholesaler.com\/tr\/kullanim-hukum-ve-kosullari\/#breadcrumb","itemListElement":[{"@type":"ListItem","position":1,"name":"Accueil","item":"https:\/\/www.myfashionwholesaler.com\/tr\/"},{"@type":"ListItem","position":2,"name":"Kullan\u0131m \u015fartlar\u0131 ve ko\u015fullar\u0131"}]},{"@type":"WebSite","@id":"https:\/\/www.myfashionwholesaler.com\/tr\/#website","url":"https:\/\/www.myfashionwholesaler.com\/tr\/","name":"My Fashion Wholesaler","description":"","publisher":{"@id":"https:\/\/www.myfashionwholesaler.com\/tr\/#organization"},"potentialAction":[{"@type":"SearchAction","target":{"@type":"EntryPoint","urlTemplate":"https:\/\/www.myfashionwholesaler.com\/tr\/?s={search_term_string}"},"query-input":{"@type":"PropertyValueSpecification","valueRequired":true,"valueName":"search_term_string"}}],"inLanguage":"tr"},{"@type":"Organization","@id":"https:\/\/www.myfashionwholesaler.com\/tr\/#organization","name":"My Fashion Wholesaler","alternateName":"My Fashion Wholesaler","url":"https:\/\/www.myfashionwholesaler.com\/tr\/","logo":{"@type":"ImageObject","inLanguage":"tr","@id":"https:\/\/www.myfashionwholesaler.com\/tr\/#\/schema\/logo\/image\/","url":"https:\/\/www.myfashionwholesaler.com\/wp-content\/uploads\/2023\/08\/Logo_MFW_color_WhiteText_Plan-de-travail-1-11.webp","contentUrl":"https:\/\/www.myfashionwholesaler.com\/wp-content\/uploads\/2023\/08\/Logo_MFW_color_WhiteText_Plan-de-travail-1-11.webp","width":226,"height":214,"caption":"My Fashion Wholesaler"},"image":{"@id":"https:\/\/www.myfashionwholesaler.com\/tr\/#\/schema\/logo\/image\/"},"sameAs":["https:\/\/www.facebook.com\/Myfashionwholesaler.lu\/","https:\/\/www.instagram.com\/myfashionwholesaler\/"]}]}},"_links":{"self":[{"href":"https:\/\/www.myfashionwholesaler.com\/tr\/wp-json\/wp\/v2\/pages\/11929","targetHints":{"allow":["GET"]}}],"collection":[{"href":"https:\/\/www.myfashionwholesaler.com\/tr\/wp-json\/wp\/v2\/pages"}],"about":[{"href":"https:\/\/www.myfashionwholesaler.com\/tr\/wp-json\/wp\/v2\/types\/page"}],"author":[{"embeddable":true,"href":"https:\/\/www.myfashionwholesaler.com\/tr\/wp-json\/wp\/v2\/users\/2"}],"replies":[{"embeddable":true,"href":"https:\/\/www.myfashionwholesaler.com\/tr\/wp-json\/wp\/v2\/comments?post=11929"}],"version-history":[{"count":2,"href":"https:\/\/www.myfashionwholesaler.com\/tr\/wp-json\/wp\/v2\/pages\/11929\/revisions"}],"predecessor-version":[{"id":19453,"href":"https:\/\/www.myfashionwholesaler.com\/tr\/wp-json\/wp\/v2\/pages\/11929\/revisions\/19453"}],"wp:attachment":[{"href":"https:\/\/www.myfashionwholesaler.com\/tr\/wp-json\/wp\/v2\/media?parent=11929"}],"curies":[{"name":"wp","href":"https:\/\/api.w.org\/{rel}","templated":true}]}}