{"id":11932,"date":"2024-02-12T14:01:51","date_gmt":"2024-02-12T14:01:51","guid":{"rendered":"https:\/\/www.myfashionwholesaler.com\/gizlilik-politikasi\/"},"modified":"2024-06-05T11:09:59","modified_gmt":"2024-06-05T11:09:59","slug":"gizlilik-politikasi","status":"publish","type":"page","link":"https:\/\/www.myfashionwholesaler.com\/tr\/gizlilik-politikasi\/","title":{"rendered":"Gizlilik Politikas\u0131"},"content":{"rendered":"\t\t<div data-elementor-type=\"wp-page\" data-elementor-id=\"11932\" class=\"elementor elementor-11932 elementor-11028\" data-elementor-post-type=\"page\">\n\t\t\t\t<div class=\"elementor-element elementor-element-752518e e-flex e-con-boxed e-con e-parent\" data-id=\"752518e\" data-element_type=\"container\" data-e-type=\"container\">\n\t\t\t\t\t<div class=\"e-con-inner\">\n\t\t\t\t<div class=\"elementor-element elementor-element-4bee3db elementor-widget elementor-widget-heading\" data-id=\"4bee3db\" data-element_type=\"widget\" data-e-type=\"widget\" data-widget_type=\"heading.default\">\n\t\t\t\t<div class=\"elementor-widget-container\">\n\t\t\t\t\t<h2 class=\"elementor-heading-title elementor-size-default\"><span style=\"font-weight:normal\"><p dir=\"ltr\" style=\"line-height:1.38;margin-top:0pt;margin-bottom:3pt\"><span style=\"font-size: 26pt;font-family: Arial, sans-serif;background-color: transparent;vertical-align: baseline\">Gizlilik Politikas\u0131<\/span><\/p><br><br><p dir=\"ltr\" style=\"line-height:1.38;margin-top:0pt;margin-bottom:0pt\"><span style=\"font-size: 11pt;font-family: Arial, sans-serif;background-color: transparent;vertical-align: baseline\">Bu Gizlilik Politikas\u0131, myfashionwholesaler.com'un myfashionwholesaler.com web sitesinin ('Site') kullan\u0131c\u0131lar\u0131ndan (her biri bir 'Kullan\u0131c\u0131') toplanan bilgileri toplama, kullanma, muhafaza etme ve a\u00e7\u0131klama \u015feklini y\u00f6netir. Bu Gizlilik Politikas\u0131, Site ve myfashionwholesaler.com taraf\u0131ndan sunulan t\u00fcm \u00fcr\u00fcn ve hizmetler i\u00e7in ge\u00e7erlidir.<\/span><\/p><br><h2 dir=\"ltr\" style=\"line-height:1.38;margin-top:18pt;margin-bottom:6pt\"><span style=\"font-size: 16pt;font-family: Arial, sans-serif;background-color: transparent;vertical-align: baseline\">Ki\u015fisel bilgilerin toplanmas\u0131<\/span><\/h2><br><p dir=\"ltr\" style=\"line-height:1.38;margin-top:0pt;margin-bottom:0pt\"><span style=\"font-size: 11pt;font-family: Arial, sans-serif;background-color: transparent;vertical-align: baseline\">Kullan\u0131c\u0131lardan ki\u015fisel bilgileri, Kullan\u0131c\u0131lar Sitemizi ziyaret etti\u011finde, Siteye kaydoldu\u011funda, sipari\u015f verdi\u011finde, b\u00fcltenimize abone oldu\u011funda, bir ankete yan\u0131t verdi\u011finde, bir form doldurdu\u011funda ve Sitemizde sundu\u011fumuz di\u011fer etkinlikler, hizmetler, \u00f6zellikler veya kaynaklarla ba\u011flant\u0131l\u0131 olarak \u00e7e\u015fitli \u015fekillerde toplayabiliriz. Uygun oldu\u011fu durumlarda, kullan\u0131c\u0131lardan adlar\u0131n\u0131, e-posta adreslerini, posta adreslerini ve telefon numaralar\u0131n\u0131 vermeleri istenebilir. Ancak kullan\u0131c\u0131lar Sitemizi isimsiz olarak ziyaret edebilirler. Kullan\u0131c\u0131lardan ki\u015fisel bilgileri yaln\u0131zca bu t\u00fcr bilgileri g\u00f6n\u00fcll\u00fc olarak g\u00f6ndermeleri halinde toplayaca\u011f\u0131z. Kullan\u0131c\u0131lar ki\u015fisel bilgi vermeyi her zaman reddedebilir, ancak bu durum Site ile ba\u011flant\u0131l\u0131 belirli faaliyetlere kat\u0131lmalar\u0131n\u0131 engelleyebilir.<\/span><\/p><br><h2 dir=\"ltr\" style=\"line-height:1.38;margin-top:18pt;margin-bottom:6pt\"><span style=\"font-size: 16pt;font-family: Arial, sans-serif;background-color: transparent;vertical-align: baseline\">Ki\u015fisel olmayan bilgilerin toplanmas\u0131<\/span><\/h2><br><p dir=\"ltr\" style=\"line-height:1.38;margin-top:0pt;margin-bottom:0pt\"><span style=\"font-size: 11pt;font-family: Arial, sans-serif;background-color: transparent;vertical-align: baseline\">Sitemizle etkile\u015fime ge\u00e7tiklerinde Kullan\u0131c\u0131lar hakk\u0131nda ki\u015fisel olmayan bilgiler toplayabiliriz. Ki\u015fisel olmayan bilgiler, taray\u0131c\u0131n\u0131n ad\u0131n\u0131, bilgisayar\u0131n t\u00fcr\u00fcn\u00fc ve kullan\u0131lan i\u015fletim sistemi ve kullan\u0131lan \u0130nternet servis sa\u011flay\u0131c\u0131lar\u0131 gibi Kullan\u0131c\u0131lar\u0131n Sitemize ba\u011flant\u0131 ara\u00e7lar\u0131yla ilgili teknik bilgileri ve di\u011fer benzer bilgileri i\u00e7erebilir.<\/span><\/p><br><h2 dir=\"ltr\" style=\"line-height:1.38;margin-top:18pt;margin-bottom:6pt\"><span style=\"font-size: 16pt;font-family: Arial, sans-serif;background-color: transparent;vertical-align: baseline\">Taray\u0131c\u0131 \u00e7erezleri<\/span><\/h2><br><p dir=\"ltr\" style=\"line-height:1.38;margin-top:0pt;margin-bottom:0pt\"><span style=\"font-size: 11pt;font-family: Arial, sans-serif;background-color: transparent;vertical-align: baseline\">Sitemiz, kullan\u0131c\u0131 deneyimini iyile\u015ftirmek i\u00e7in '\u00e7erezler' kullanabilir. Kullan\u0131c\u0131n\u0131n web taray\u0131c\u0131s\u0131, kay\u0131t tutma amac\u0131yla ve bazen kendileri hakk\u0131ndaki bilgileri izlemek i\u00e7in sabit disklerine \u00e7erezler yerle\u015ftirir. Kullan\u0131c\u0131, taray\u0131c\u0131s\u0131n\u0131 \u00e7erezleri reddedecek veya \u00e7erezler g\u00f6nderildi\u011finde sizi uyaracak \u015fekilde yap\u0131land\u0131rmay\u0131 se\u00e7ebilir. Kullan\u0131c\u0131 bunu yaparsa, Sitenin belirli b\u00f6l\u00fcmlerinin d\u00fczg\u00fcn \u00e7al\u0131\u015fmayabilece\u011fini l\u00fctfen unutmay\u0131n.<\/span><\/p><br><h2 dir=\"ltr\" style=\"line-height:1.38;margin-top:18pt;margin-bottom:6pt\"><span style=\"font-size: 16pt;font-family: Arial, sans-serif;background-color: transparent;vertical-align: baseline\">Toplanan bilgilerin kullan\u0131m\u0131<\/span><\/h2><br><p dir=\"ltr\" style=\"line-height:1.38;margin-top:0pt;margin-bottom:0pt\"><span style=\"font-size: 11pt;font-family: Arial, sans-serif;background-color: transparent;vertical-align: baseline\">Myfashionwholesaler.com, Kullan\u0131c\u0131lar\u0131n ki\u015fisel bilgilerini a\u015fa\u011f\u0131daki ama\u00e7lar i\u00e7in toplayabilir ve kullanabilir:<\/span><\/p><br><ul style=\"margin-top:0;margin-bottom:0;padding-inline-start:48px\"><li dir=\"ltr\" style=\"list-style-type: disc;font-size: 11pt;font-family: Arial, sans-serif\"><p dir=\"ltr\" style=\"line-height:1.38;margin-top:0pt;margin-bottom:0pt\" role=\"presentation\"><span style=\"font-size: 11pt;background-color: transparent;vertical-align: baseline\">M\u00fc\u015fteri hizmetlerini geli\u015ftirmek i\u00e7in: Sa\u011flad\u0131\u011f\u0131n\u0131z bilgiler, taleplerinize daha etkili bir \u015fekilde yan\u0131t vermemize yard\u0131mc\u0131 olur,<\/span><\/p><\/li><li dir=\"ltr\" style=\"list-style-type: disc;font-size: 11pt;font-family: Arial, sans-serif\"><p dir=\"ltr\" style=\"line-height:1.38;margin-top:0pt;margin-bottom:0pt\" role=\"presentation\"><span style=\"font-size: 11pt;background-color: transparent;vertical-align: baseline\">Kullan\u0131c\u0131 deneyimini ki\u015fiselle\u015ftirmek i\u00e7in: Kullan\u0131c\u0131lar\u0131m\u0131z\u0131n Sitemizde sa\u011flanan hizmetleri ve kaynaklar\u0131 nas\u0131l kulland\u0131\u011f\u0131n\u0131 anlamak i\u00e7in bilgileri toplu olarak kullanabiliriz,<\/span><\/p><\/li><li dir=\"ltr\" style=\"list-style-type: disc;font-size: 11pt;font-family: Arial, sans-serif\"><p dir=\"ltr\" style=\"line-height:1.38;margin-top:0pt;margin-bottom:0pt\" role=\"presentation\"><span style=\"font-size: 11pt;background-color: transparent;vertical-align: baseline\">Sitemizi geli\u015ftirmek i\u00e7in: Sa\u011flad\u0131\u011f\u0131n\u0131z yorumlar\u0131 \u00fcr\u00fcnlerimizi ve hizmetlerimizi geli\u015ftirmek i\u00e7in kullanabiliriz,<\/span><\/p><\/li><li dir=\"ltr\" style=\"list-style-type: disc;font-size: 11pt;font-family: Arial, sans-serif\"><p dir=\"ltr\" style=\"line-height:1.38;margin-top:0pt;margin-bottom:0pt\" role=\"presentation\"><span style=\"font-size: 11pt;background-color: transparent;vertical-align: baseline\">Periyodik e-postalar g\u00f6ndermek i\u00e7in: E-posta adresini Kullan\u0131c\u0131lar\u0131n sorular\u0131n\u0131, taleplerini ve\/veya di\u011fer sorgular\u0131n\u0131 yan\u0131tlamak i\u00e7in kullanabiliriz.<\/span><\/p><\/li><\/ul><br><h2 dir=\"ltr\" style=\"line-height:1.38;margin-top:18pt;margin-bottom:6pt\"><span style=\"font-size: 16pt;font-family: Arial, sans-serif;background-color: transparent;vertical-align: baseline\">Bilgilerin Korunmas\u0131<\/span><\/h2><br><p dir=\"ltr\" style=\"line-height:1.38;margin-top:0pt;margin-bottom:0pt\"><span style=\"font-size: 11pt;font-family: Arial, sans-serif;background-color: transparent;vertical-align: baseline\">Ki\u015fisel bilgilerinize, kullan\u0131c\u0131 ad\u0131n\u0131za, \u015fifrenize, i\u015flem bilgilerinize ve Sitemizde depolanan verilere yetkisiz eri\u015fime, bunlar\u0131n de\u011fi\u015ftirilmesine, if\u015fa edilmesine veya imha edilmesine kar\u015f\u0131 koruma sa\u011flamak i\u00e7in uygun veri toplama, depolama ve i\u015fleme uygulamalar\u0131 ve g\u00fcvenlik \u00f6nlemleri benimsiyoruz.<\/span><\/p><br><h2 dir=\"ltr\" style=\"line-height:1.38;margin-top:18pt;margin-bottom:6pt\"><span style=\"font-size: 16pt;font-family: Arial, sans-serif;background-color: transparent;vertical-align: baseline\">Ki\u015fisel bilgilerinizi payla\u015fma<\/span><\/h2><br><p dir=\"ltr\" style=\"line-height:1.38;margin-top:0pt;margin-bottom:0pt\"><span style=\"font-size: 11pt;font-family: Arial, sans-serif;background-color: transparent;vertical-align: baseline\">Kullan\u0131c\u0131lar\u0131n ki\u015fisel bilgilerini ba\u015fkalar\u0131na satm\u0131yor, takas etmiyor veya kiralam\u0131yoruz. Ziyaret\u00e7iler ve kullan\u0131c\u0131lar hakk\u0131nda ki\u015fisel olarak tan\u0131mlanabilir bilgilerle ba\u011flant\u0131l\u0131 olmayan genel toplu demografik bilgileri yukar\u0131da a\u00e7\u0131klanan ama\u00e7lar do\u011frultusunda i\u015f ortaklar\u0131m\u0131z, g\u00fcvenilir i\u015ftiraklerimiz ve reklamc\u0131lar\u0131m\u0131zla payla\u015fabiliriz.<\/span><\/p><br><h2 dir=\"ltr\" style=\"line-height:1.38;margin-top:18pt;margin-bottom:6pt\"><span style=\"font-size: 16pt;font-family: Arial, sans-serif;background-color: transparent;vertical-align: baseline\">Onay<\/span><\/h2><br><p dir=\"ltr\" style=\"line-height:1.38;margin-top:0pt;margin-bottom:0pt\"><span style=\"font-size: 11pt;font-family: Arial, sans-serif;background-color: transparent;vertical-align: baseline\">Bu Siteyi kullanarak Gizlilik Politikam\u0131z\u0131 kabul etmi\u015f olursunuz.<\/span><\/p><br><h2 dir=\"ltr\" style=\"line-height:1.38;margin-top:18pt;margin-bottom:6pt\"><span style=\"font-size: 16pt;font-family: Arial, sans-serif;background-color: transparent;vertical-align: baseline\">Bu gizlilik politikas\u0131ndaki de\u011fi\u015fiklikler<\/span><\/h2><br><p dir=\"ltr\" style=\"line-height:1.38;margin-top:0pt;margin-bottom:0pt\"><span style=\"font-size: 11pt;font-family: Arial, sans-serif;background-color: transparent;vertical-align: baseline\">Myfashionwholesaler.com bu gizlilik politikas\u0131n\u0131 istedi\u011fi zaman g\u00fcncelleme hakk\u0131n\u0131 sakl\u0131 tutar. Herhangi bir de\u011fi\u015fiklik i\u00e7in bu sayfay\u0131 s\u0131k s\u0131k kontrol etmenizi \u00f6neririz. Bu Siteyi kullanarak, bu Gizlilik Politikas\u0131n\u0131 kabul etmi\u015f ve onaylam\u0131\u015f olursunuz.<\/span><\/p><br><h2 dir=\"ltr\" style=\"line-height:1.38;margin-top:18pt;margin-bottom:6pt\"><span style=\"font-size: 16pt;font-family: Arial, sans-serif;background-color: transparent;vertical-align: baseline\">Bize ula\u015f\u0131n<\/span><\/h2><br><p dir=\"ltr\" style=\"line-height:1.38;margin-top:0pt;margin-bottom:0pt\"><span style=\"font-size: 11pt;font-family: Arial, sans-serif;background-color: transparent;vertical-align: baseline\">Bu Gizlilik Politikas\u0131, bu sitenin uygulamalar\u0131 veya bu siteyle olan ili\u015fkileriniz hakk\u0131nda herhangi bir sorunuz varsa, l\u00fctfen bizimle \u015fu adresten ileti\u015fime ge\u00e7in:<\/span><\/p><\/span><br><br><span style=\"font-weight:normal\">contact@myfashionwholesaler.com<br><\/span><\/h2>\t\t\t\t<\/div>\n\t\t\t\t<\/div>\n\t\t\t\t\t<\/div>\n\t\t\t\t<\/div>\n\t\t\t\t<\/div>\n\t\t","protected":false},"excerpt":{"rendered":"<p>Gizlilik Politikas\u0131 Bu Gizlilik Politikas\u0131, myfashionwholesaler.com&#8217;un myfashionwholesaler.com web sitesinin (&#8216;Site&#8217;) kullan\u0131c\u0131lar\u0131ndan (her biri bir &#8216;Kullan\u0131c\u0131&#8217;) toplanan bilgileri toplama, kullanma, muhafaza etme ve a\u00e7\u0131klama \u015feklini y\u00f6netir. Bu Gizlilik Politikas\u0131, Site ve myfashionwholesaler.com taraf\u0131ndan sunulan t\u00fcm \u00fcr\u00fcn ve hizmetler i\u00e7in ge\u00e7erlidir. Ki\u015fisel bilgilerin toplanmas\u0131 Kullan\u0131c\u0131lardan ki\u015fisel bilgileri, Kullan\u0131c\u0131lar Sitemizi ziyaret etti\u011finde, Siteye kaydoldu\u011funda, sipari\u015f verdi\u011finde, b\u00fcltenimize abone [&hellip;]<\/p>\n","protected":false},"author":2,"featured_media":0,"parent":0,"menu_order":0,"comment_status":"closed","ping_status":"closed","template":"","meta":{"footnotes":""},"class_list":["post-11932","page","type-page","status-publish","hentry"],"yoast_head":"<!-- This site is optimized with the Yoast SEO plugin v27.4 - https:\/\/yoast.com\/product\/yoast-seo-wordpress\/ -->\n<title>Gizlilik Politikas\u0131 - My Fashion Wholesaler<\/title>\n<meta name=\"robots\" content=\"index, follow, max-snippet:-1, max-image-preview:large, max-video-preview:-1\" \/>\n<link rel=\"canonical\" href=\"https:\/\/www.myfashionwholesaler.com\/tr\/gizlilik-politikasi\/\" \/>\n<meta property=\"og:locale\" content=\"tr_TR\" \/>\n<meta property=\"og:type\" content=\"article\" \/>\n<meta property=\"og:title\" content=\"Gizlilik Politikas\u0131 - My Fashion Wholesaler\" \/>\n<meta property=\"og:description\" content=\"Gizlilik Politikas\u0131 Bu Gizlilik Politikas\u0131, myfashionwholesaler.com&#8217;un myfashionwholesaler.com web sitesinin (&#8216;Site&#8217;) kullan\u0131c\u0131lar\u0131ndan (her biri bir &#8216;Kullan\u0131c\u0131&#8217;) toplanan bilgileri toplama, kullanma, muhafaza etme ve a\u00e7\u0131klama \u015feklini y\u00f6netir. Bu Gizlilik Politikas\u0131, Site ve myfashionwholesaler.com taraf\u0131ndan sunulan t\u00fcm \u00fcr\u00fcn ve hizmetler i\u00e7in ge\u00e7erlidir. Ki\u015fisel bilgilerin toplanmas\u0131 Kullan\u0131c\u0131lardan ki\u015fisel bilgileri, Kullan\u0131c\u0131lar Sitemizi ziyaret etti\u011finde, Siteye kaydoldu\u011funda, sipari\u015f verdi\u011finde, b\u00fcltenimize abone [&hellip;]\" \/>\n<meta property=\"og:url\" content=\"https:\/\/www.myfashionwholesaler.com\/tr\/gizlilik-politikasi\/\" \/>\n<meta property=\"og:site_name\" content=\"My Fashion Wholesaler\" \/>\n<meta property=\"article:publisher\" content=\"https:\/\/www.facebook.com\/Myfashionwholesaler.lu\/\" \/>\n<meta property=\"article:modified_time\" content=\"2024-06-05T11:09:59+00:00\" \/>\n<meta name=\"twitter:card\" content=\"summary_large_image\" \/>\n<meta name=\"twitter:label1\" content=\"Tahmini okuma s\u00fcresi\" \/>\n\t<meta name=\"twitter:data1\" content=\"3 dakika\" \/>\n<script type=\"application\/ld+json\" class=\"yoast-schema-graph\">{\"@context\":\"https:\\\/\\\/schema.org\",\"@graph\":[{\"@type\":\"WebPage\",\"@id\":\"https:\\\/\\\/www.myfashionwholesaler.com\\\/tr\\\/gizlilik-politikasi\\\/\",\"url\":\"https:\\\/\\\/www.myfashionwholesaler.com\\\/tr\\\/gizlilik-politikasi\\\/\",\"name\":\"Gizlilik Politikas\u0131 - My Fashion Wholesaler\",\"isPartOf\":{\"@id\":\"https:\\\/\\\/www.myfashionwholesaler.com\\\/tr\\\/#website\"},\"datePublished\":\"2024-02-12T14:01:51+00:00\",\"dateModified\":\"2024-06-05T11:09:59+00:00\",\"breadcrumb\":{\"@id\":\"https:\\\/\\\/www.myfashionwholesaler.com\\\/tr\\\/gizlilik-politikasi\\\/#breadcrumb\"},\"inLanguage\":\"tr\",\"potentialAction\":[{\"@type\":\"ReadAction\",\"target\":[\"https:\\\/\\\/www.myfashionwholesaler.com\\\/tr\\\/gizlilik-politikasi\\\/\"]}]},{\"@type\":\"BreadcrumbList\",\"@id\":\"https:\\\/\\\/www.myfashionwholesaler.com\\\/tr\\\/gizlilik-politikasi\\\/#breadcrumb\",\"itemListElement\":[{\"@type\":\"ListItem\",\"position\":1,\"name\":\"Accueil\",\"item\":\"https:\\\/\\\/www.myfashionwholesaler.com\\\/tr\\\/\"},{\"@type\":\"ListItem\",\"position\":2,\"name\":\"Gizlilik Politikas\u0131\"}]},{\"@type\":\"WebSite\",\"@id\":\"https:\\\/\\\/www.myfashionwholesaler.com\\\/tr\\\/#website\",\"url\":\"https:\\\/\\\/www.myfashionwholesaler.com\\\/tr\\\/\",\"name\":\"My Fashion Wholesaler\",\"description\":\"\",\"publisher\":{\"@id\":\"https:\\\/\\\/www.myfashionwholesaler.com\\\/tr\\\/#organization\"},\"potentialAction\":[{\"@type\":\"SearchAction\",\"target\":{\"@type\":\"EntryPoint\",\"urlTemplate\":\"https:\\\/\\\/www.myfashionwholesaler.com\\\/tr\\\/?s={search_term_string}\"},\"query-input\":{\"@type\":\"PropertyValueSpecification\",\"valueRequired\":true,\"valueName\":\"search_term_string\"}}],\"inLanguage\":\"tr\"},{\"@type\":\"Organization\",\"@id\":\"https:\\\/\\\/www.myfashionwholesaler.com\\\/tr\\\/#organization\",\"name\":\"My Fashion Wholesaler\",\"alternateName\":\"My Fashion Wholesaler\",\"url\":\"https:\\\/\\\/www.myfashionwholesaler.com\\\/tr\\\/\",\"logo\":{\"@type\":\"ImageObject\",\"inLanguage\":\"tr\",\"@id\":\"https:\\\/\\\/www.myfashionwholesaler.com\\\/tr\\\/#\\\/schema\\\/logo\\\/image\\\/\",\"url\":\"https:\\\/\\\/www.myfashionwholesaler.com\\\/wp-content\\\/uploads\\\/2023\\\/08\\\/Logo_MFW_color_WhiteText_Plan-de-travail-1-11.webp\",\"contentUrl\":\"https:\\\/\\\/www.myfashionwholesaler.com\\\/wp-content\\\/uploads\\\/2023\\\/08\\\/Logo_MFW_color_WhiteText_Plan-de-travail-1-11.webp\",\"width\":226,\"height\":214,\"caption\":\"My Fashion Wholesaler\"},\"image\":{\"@id\":\"https:\\\/\\\/www.myfashionwholesaler.com\\\/tr\\\/#\\\/schema\\\/logo\\\/image\\\/\"},\"sameAs\":[\"https:\\\/\\\/www.facebook.com\\\/Myfashionwholesaler.lu\\\/\",\"https:\\\/\\\/www.instagram.com\\\/myfashionwholesaler\\\/\"]}]}<\/script>\n<!-- \/ Yoast SEO plugin. -->","yoast_head_json":{"title":"Gizlilik Politikas\u0131 - My Fashion Wholesaler","robots":{"index":"index","follow":"follow","max-snippet":"max-snippet:-1","max-image-preview":"max-image-preview:large","max-video-preview":"max-video-preview:-1"},"canonical":"https:\/\/www.myfashionwholesaler.com\/tr\/gizlilik-politikasi\/","og_locale":"tr_TR","og_type":"article","og_title":"Gizlilik Politikas\u0131 - My Fashion Wholesaler","og_description":"Gizlilik Politikas\u0131 Bu Gizlilik Politikas\u0131, myfashionwholesaler.com&#8217;un myfashionwholesaler.com web sitesinin (&#8216;Site&#8217;) kullan\u0131c\u0131lar\u0131ndan (her biri bir &#8216;Kullan\u0131c\u0131&#8217;) toplanan bilgileri toplama, kullanma, muhafaza etme ve a\u00e7\u0131klama \u015feklini y\u00f6netir. Bu Gizlilik Politikas\u0131, Site ve myfashionwholesaler.com taraf\u0131ndan sunulan t\u00fcm \u00fcr\u00fcn ve hizmetler i\u00e7in ge\u00e7erlidir. Ki\u015fisel bilgilerin toplanmas\u0131 Kullan\u0131c\u0131lardan ki\u015fisel bilgileri, Kullan\u0131c\u0131lar Sitemizi ziyaret etti\u011finde, Siteye kaydoldu\u011funda, sipari\u015f verdi\u011finde, b\u00fcltenimize abone [&hellip;]","og_url":"https:\/\/www.myfashionwholesaler.com\/tr\/gizlilik-politikasi\/","og_site_name":"My Fashion Wholesaler","article_publisher":"https:\/\/www.facebook.com\/Myfashionwholesaler.lu\/","article_modified_time":"2024-06-05T11:09:59+00:00","twitter_card":"summary_large_image","twitter_misc":{"Tahmini okuma s\u00fcresi":"3 dakika"},"schema":{"@context":"https:\/\/schema.org","@graph":[{"@type":"WebPage","@id":"https:\/\/www.myfashionwholesaler.com\/tr\/gizlilik-politikasi\/","url":"https:\/\/www.myfashionwholesaler.com\/tr\/gizlilik-politikasi\/","name":"Gizlilik Politikas\u0131 - My Fashion Wholesaler","isPartOf":{"@id":"https:\/\/www.myfashionwholesaler.com\/tr\/#website"},"datePublished":"2024-02-12T14:01:51+00:00","dateModified":"2024-06-05T11:09:59+00:00","breadcrumb":{"@id":"https:\/\/www.myfashionwholesaler.com\/tr\/gizlilik-politikasi\/#breadcrumb"},"inLanguage":"tr","potentialAction":[{"@type":"ReadAction","target":["https:\/\/www.myfashionwholesaler.com\/tr\/gizlilik-politikasi\/"]}]},{"@type":"BreadcrumbList","@id":"https:\/\/www.myfashionwholesaler.com\/tr\/gizlilik-politikasi\/#breadcrumb","itemListElement":[{"@type":"ListItem","position":1,"name":"Accueil","item":"https:\/\/www.myfashionwholesaler.com\/tr\/"},{"@type":"ListItem","position":2,"name":"Gizlilik Politikas\u0131"}]},{"@type":"WebSite","@id":"https:\/\/www.myfashionwholesaler.com\/tr\/#website","url":"https:\/\/www.myfashionwholesaler.com\/tr\/","name":"My Fashion Wholesaler","description":"","publisher":{"@id":"https:\/\/www.myfashionwholesaler.com\/tr\/#organization"},"potentialAction":[{"@type":"SearchAction","target":{"@type":"EntryPoint","urlTemplate":"https:\/\/www.myfashionwholesaler.com\/tr\/?s={search_term_string}"},"query-input":{"@type":"PropertyValueSpecification","valueRequired":true,"valueName":"search_term_string"}}],"inLanguage":"tr"},{"@type":"Organization","@id":"https:\/\/www.myfashionwholesaler.com\/tr\/#organization","name":"My Fashion Wholesaler","alternateName":"My Fashion Wholesaler","url":"https:\/\/www.myfashionwholesaler.com\/tr\/","logo":{"@type":"ImageObject","inLanguage":"tr","@id":"https:\/\/www.myfashionwholesaler.com\/tr\/#\/schema\/logo\/image\/","url":"https:\/\/www.myfashionwholesaler.com\/wp-content\/uploads\/2023\/08\/Logo_MFW_color_WhiteText_Plan-de-travail-1-11.webp","contentUrl":"https:\/\/www.myfashionwholesaler.com\/wp-content\/uploads\/2023\/08\/Logo_MFW_color_WhiteText_Plan-de-travail-1-11.webp","width":226,"height":214,"caption":"My Fashion Wholesaler"},"image":{"@id":"https:\/\/www.myfashionwholesaler.com\/tr\/#\/schema\/logo\/image\/"},"sameAs":["https:\/\/www.facebook.com\/Myfashionwholesaler.lu\/","https:\/\/www.instagram.com\/myfashionwholesaler\/"]}]}},"_links":{"self":[{"href":"https:\/\/www.myfashionwholesaler.com\/tr\/wp-json\/wp\/v2\/pages\/11932","targetHints":{"allow":["GET"]}}],"collection":[{"href":"https:\/\/www.myfashionwholesaler.com\/tr\/wp-json\/wp\/v2\/pages"}],"about":[{"href":"https:\/\/www.myfashionwholesaler.com\/tr\/wp-json\/wp\/v2\/types\/page"}],"author":[{"embeddable":true,"href":"https:\/\/www.myfashionwholesaler.com\/tr\/wp-json\/wp\/v2\/users\/2"}],"replies":[{"embeddable":true,"href":"https:\/\/www.myfashionwholesaler.com\/tr\/wp-json\/wp\/v2\/comments?post=11932"}],"version-history":[{"count":0,"href":"https:\/\/www.myfashionwholesaler.com\/tr\/wp-json\/wp\/v2\/pages\/11932\/revisions"}],"wp:attachment":[{"href":"https:\/\/www.myfashionwholesaler.com\/tr\/wp-json\/wp\/v2\/media?parent=11932"}],"curies":[{"name":"wp","href":"https:\/\/api.w.org\/{rel}","templated":true}]}}